{"id":3971,"date":"2026-04-08T21:44:19","date_gmt":"2026-04-08T18:44:19","guid":{"rendered":"https:\/\/gastechbaltic.lv\/?post_type=product&#038;p=3971"},"modified":"2026-04-08T22:23:01","modified_gmt":"2026-04-08T19:23:01","slug":"siltumsuknis-magis-m-top","status":"publish","type":"product","link":"https:\/\/gastechbaltic.lv\/en\/product\/siltumsuknis-magis-m-top\/","title":{"rendered":"Siltums\u016bknis MAGIS M TOP 12 kW."},"content":{"rendered":"<p><iframe title=\"MAGIS M TOP: eco-sustainable high efficiency in R290\" width=\"500\" height=\"281\" src=\"https:\/\/www.youtube.com\/embed\/DUwx3p_VOM8?start=33&#038;feature=oembed\" frameborder=\"0\" allow=\"accelerometer; autoplay; clipboard-write; encrypted-media; gyroscope; picture-in-picture; web-share\" referrerpolicy=\"strict-origin-when-cross-origin\" allowfullscreen><\/iframe><\/p>\n\n    <div class=\"xs_social_share_widget xs_share_url after_content \t\tmain_content  wslu-style-1 wslu-share-box-shaped wslu-fill-colored wslu-none wslu-share-horizontal wslu-theme-font-no wslu-main_content\">\n\n\t\t\n        <ul>\n\t\t\t        <\/ul>\n    <\/div>","protected":false},"excerpt":{"rendered":"<ul>\n<li style=\"text-align: left;\" data-start=\"0\" data-end=\"233\"><strong data-start=\"0\" data-end=\"17\">MAGIS M12 TOP<\/strong> ir augstas efektivit\u0101tes siltums\u016bknis, kas nodro\u0161ina gan apkuri, gan dzes\u0113\u0161anu ar jaudu l\u012bdz 12 kW.<\/li>\n<li style=\"text-align: left;\" data-start=\"0\" data-end=\"233\">Ier\u012bce sasniedz izcilu energoefektivit\u0101ti \u2013 l\u012bdz A+++ pie 35 \u00b0C, kas pal\u012bdz b\u016btiski samazin\u0101t ener\u0123ijas pat\u0113ri\u0146u.<\/li>\n<li style=\"text-align: left;\" data-start=\"0\" data-end=\"233\">Apr\u012bkots ar videi draudz\u012bgo aukstuma a\u0123entu R290, tas nodro\u0161ina augstu veiktsp\u0113ju (COP 4,80; EER 4,00) un ilgtsp\u0113j\u012bgu darb\u012bbu.<\/li>\n<li style=\"text-align: left;\" data-start=\"0\" data-end=\"233\">Kompaktais dizains un robust\u0101 konstrukcija (1018 \u00d7 1270 \u00d7 550 mm; 149,9 kg) padara to piem\u0113rotu gan priv\u0101tm\u0101j\u0101m, gan komerci\u0101liem risin\u0101jumiem.<\/li>\n<li style=\"text-align: left;\" data-start=\"0\" data-end=\"233\">Efekt\u012bvs, jaud\u012bgs un videi draudz\u012bgs risin\u0101jums komfortablai temperat\u016brai visa gada garum\u0101.<\/li>\n<\/ul>","protected":false},"featured_media":3966,"template":"","meta":[],"product_brand":[],"product_cat":[54],"product_tag":[],"class_list":{"0":"post-3971","1":"product","2":"type-product","3":"status-publish","4":"has-post-thumbnail","6":"product_cat-siltumsukni","8":"first","9":"instock","10":"taxable","11":"shipping-taxable","12":"purchasable","13":"product-type-simple"},"yoast_head":"<!-- This site is optimized with the Yoast SEO plugin v25.4 - https:\/\/yoast.com\/wordpress\/plugins\/seo\/ -->\n<title>Siltums\u016bknis MAGIS M TOP 12 kW. - Gastechbaltic<\/title>\n<meta name=\"robots\" content=\"index, follow, max-snippet:-1, max-image-preview:large, max-video-preview:-1\" \/>\n<link rel=\"canonical\" href=\"https:\/\/gastechbaltic.lv\/en\/product\/siltumsuknis-magis-m-top\/\" \/>\n<meta property=\"og:locale\" content=\"en_GB\" \/>\n<meta property=\"og:type\" content=\"article\" \/>\n<meta property=\"og:title\" content=\"Siltums\u016bknis MAGIS M TOP 12 kW. - Gastechbaltic\" \/>\n<meta property=\"og:description\" content=\"MAGIS M12 TOP ir augstas efektivit\u0101tes siltums\u016bknis, kas nodro\u0161ina gan apkuri, gan dzes\u0113\u0161anu ar jaudu l\u012bdz 12 kW.  Ier\u012bce sasniedz izcilu energoefektivit\u0101ti \u2013 l\u012bdz A+++ pie 35 \u00b0C, kas pal\u012bdz b\u016btiski samazin\u0101t ener\u0123ijas pat\u0113ri\u0146u.  Apr\u012bkots ar videi draudz\u012bgo aukstuma a\u0123entu R290, tas nodro\u0161ina augstu veiktsp\u0113ju (COP 4,80; EER 4,00) un ilgtsp\u0113j\u012bgu darb\u012bbu.  Kompaktais dizains un robust\u0101 konstrukcija (1018 \u00d7 1270 \u00d7 550 mm; 149,9 kg) padara to piem\u0113rotu gan priv\u0101tm\u0101j\u0101m, gan komerci\u0101liem risin\u0101jumiem.  Efekt\u012bvs, jaud\u012bgs un videi draudz\u012bgs risin\u0101jums komfortablai temperat\u016brai visa gada garum\u0101.\" \/>\n<meta property=\"og:url\" content=\"https:\/\/gastechbaltic.lv\/en\/product\/siltumsuknis-magis-m-top\/\" \/>\n<meta property=\"og:site_name\" content=\"Gastechbaltic\" \/>\n<meta property=\"article:modified_time\" content=\"2026-04-08T19:23:01+00:00\" \/>\n<meta property=\"og:image\" content=\"https:\/\/gastechbaltic.lv\/wp-content\/uploads\/2026\/04\/Gamma_MAGIS_M_TOP-1-scaled.jpg\" \/>\n\t<meta property=\"og:image:width\" content=\"2560\" \/>\n\t<meta property=\"og:image:height\" content=\"1165\" \/>\n\t<meta property=\"og:image:type\" content=\"image\/jpeg\" \/>\n<meta name=\"twitter:card\" content=\"summary_large_image\" \/>\n<meta name=\"twitter:label1\" content=\"Estimated reading time\" \/>\n\t<meta name=\"twitter:data1\" content=\"1 minute\" \/>\n<script type=\"application\/ld+json\" class=\"yoast-schema-graph\">{\"@context\":\"https:\/\/schema.org\",\"@graph\":[{\"@type\":\"WebPage\",\"@id\":\"https:\/\/gastechbaltic.lv\/product\/siltumsuknis-magis-m-top\/\",\"url\":\"https:\/\/gastechbaltic.lv\/product\/siltumsuknis-magis-m-top\/\",\"name\":\"Siltums\u016bknis MAGIS M TOP 12 kW. - Gastechbaltic\",\"isPartOf\":{\"@id\":\"https:\/\/gastechbaltic.lv\/#website\"},\"primaryImageOfPage\":{\"@id\":\"https:\/\/gastechbaltic.lv\/product\/siltumsuknis-magis-m-top\/#primaryimage\"},\"image\":{\"@id\":\"https:\/\/gastechbaltic.lv\/product\/siltumsuknis-magis-m-top\/#primaryimage\"},\"thumbnailUrl\":\"https:\/\/gastechbaltic.lv\/wp-content\/uploads\/2026\/04\/Gamma_MAGIS_M_TOP-1-scaled.jpg\",\"datePublished\":\"2026-04-08T18:44:19+00:00\",\"dateModified\":\"2026-04-08T19:23:01+00:00\",\"breadcrumb\":{\"@id\":\"https:\/\/gastechbaltic.lv\/product\/siltumsuknis-magis-m-top\/#breadcrumb\"},\"inLanguage\":\"en-GB\",\"potentialAction\":[{\"@type\":\"ReadAction\",\"target\":[\"https:\/\/gastechbaltic.lv\/product\/siltumsuknis-magis-m-top\/\"]}]},{\"@type\":\"ImageObject\",\"inLanguage\":\"en-GB\",\"@id\":\"https:\/\/gastechbaltic.lv\/product\/siltumsuknis-magis-m-top\/#primaryimage\",\"url\":\"https:\/\/gastechbaltic.lv\/wp-content\/uploads\/2026\/04\/Gamma_MAGIS_M_TOP-1-scaled.jpg\",\"contentUrl\":\"https:\/\/gastechbaltic.lv\/wp-content\/uploads\/2026\/04\/Gamma_MAGIS_M_TOP-1-scaled.jpg\",\"width\":2560,\"height\":1165},{\"@type\":\"BreadcrumbList\",\"@id\":\"https:\/\/gastechbaltic.lv\/product\/siltumsuknis-magis-m-top\/#breadcrumb\",\"itemListElement\":[{\"@type\":\"ListItem\",\"position\":1,\"name\":\"Home\",\"item\":\"https:\/\/gastechbaltic.lv\/\"},{\"@type\":\"ListItem\",\"position\":2,\"name\":\"Veikals\",\"item\":\"https:\/\/gastechbaltic.lv\/veikals\/\"},{\"@type\":\"ListItem\",\"position\":3,\"name\":\"Siltums\u016bknis MAGIS M TOP 12 kW.\"}]},{\"@type\":\"WebSite\",\"@id\":\"https:\/\/gastechbaltic.lv\/#website\",\"url\":\"https:\/\/gastechbaltic.lv\/\",\"name\":\"Gastechbaltic\",\"description\":\"\",\"publisher\":{\"@id\":\"https:\/\/gastechbaltic.lv\/#organization\"},\"potentialAction\":[{\"@type\":\"SearchAction\",\"target\":{\"@type\":\"EntryPoint\",\"urlTemplate\":\"https:\/\/gastechbaltic.lv\/?s={search_term_string}\"},\"query-input\":{\"@type\":\"PropertyValueSpecification\",\"valueRequired\":true,\"valueName\":\"search_term_string\"}}],\"inLanguage\":\"en-GB\"},{\"@type\":\"Organization\",\"@id\":\"https:\/\/gastechbaltic.lv\/#organization\",\"name\":\"Gastechbaltic\",\"url\":\"https:\/\/gastechbaltic.lv\/\",\"logo\":{\"@type\":\"ImageObject\",\"inLanguage\":\"en-GB\",\"@id\":\"https:\/\/gastechbaltic.lv\/#\/schema\/logo\/image\/\",\"url\":\"https:\/\/gastechbaltic.lv\/wp-content\/uploads\/2025\/07\/cropped-New-Project-9.png\",\"contentUrl\":\"https:\/\/gastechbaltic.lv\/wp-content\/uploads\/2025\/07\/cropped-New-Project-9.png\",\"width\":275,\"height\":91,\"caption\":\"Gastechbaltic\"},\"image\":{\"@id\":\"https:\/\/gastechbaltic.lv\/#\/schema\/logo\/image\/\"}}]}<\/script>\n<!-- \/ Yoast SEO plugin. -->","yoast_head_json":{"title":"Siltums\u016bknis MAGIS M TOP 12 kW. - Gastechbaltic","robots":{"index":"index","follow":"follow","max-snippet":"max-snippet:-1","max-image-preview":"max-image-preview:large","max-video-preview":"max-video-preview:-1"},"canonical":"https:\/\/gastechbaltic.lv\/en\/product\/siltumsuknis-magis-m-top\/","og_locale":"en_GB","og_type":"article","og_title":"Siltums\u016bknis MAGIS M TOP 12 kW. - Gastechbaltic","og_description":"MAGIS M12 TOP ir augstas efektivit\u0101tes siltums\u016bknis, kas nodro\u0161ina gan apkuri, gan dzes\u0113\u0161anu ar jaudu l\u012bdz 12 kW.  Ier\u012bce sasniedz izcilu energoefektivit\u0101ti \u2013 l\u012bdz A+++ pie 35 \u00b0C, kas pal\u012bdz b\u016btiski samazin\u0101t ener\u0123ijas pat\u0113ri\u0146u.  Apr\u012bkots ar videi draudz\u012bgo aukstuma a\u0123entu R290, tas nodro\u0161ina augstu veiktsp\u0113ju (COP 4,80; EER 4,00) un ilgtsp\u0113j\u012bgu darb\u012bbu.  Kompaktais dizains un robust\u0101 konstrukcija (1018 \u00d7 1270 \u00d7 550 mm; 149,9 kg) padara to piem\u0113rotu gan priv\u0101tm\u0101j\u0101m, gan komerci\u0101liem risin\u0101jumiem.  Efekt\u012bvs, jaud\u012bgs un videi draudz\u012bgs risin\u0101jums komfortablai temperat\u016brai visa gada garum\u0101.","og_url":"https:\/\/gastechbaltic.lv\/en\/product\/siltumsuknis-magis-m-top\/","og_site_name":"Gastechbaltic","article_modified_time":"2026-04-08T19:23:01+00:00","og_image":[{"width":2560,"height":1165,"url":"https:\/\/gastechbaltic.lv\/wp-content\/uploads\/2026\/04\/Gamma_MAGIS_M_TOP-1-scaled.jpg","type":"image\/jpeg"}],"twitter_card":"summary_large_image","twitter_misc":{"Estimated reading time":"1 minute"},"schema":{"@context":"https:\/\/schema.org","@graph":[{"@type":"WebPage","@id":"https:\/\/gastechbaltic.lv\/product\/siltumsuknis-magis-m-top\/","url":"https:\/\/gastechbaltic.lv\/product\/siltumsuknis-magis-m-top\/","name":"Siltums\u016bknis MAGIS M TOP 12 kW. - Gastechbaltic","isPartOf":{"@id":"https:\/\/gastechbaltic.lv\/#website"},"primaryImageOfPage":{"@id":"https:\/\/gastechbaltic.lv\/product\/siltumsuknis-magis-m-top\/#primaryimage"},"image":{"@id":"https:\/\/gastechbaltic.lv\/product\/siltumsuknis-magis-m-top\/#primaryimage"},"thumbnailUrl":"https:\/\/gastechbaltic.lv\/wp-content\/uploads\/2026\/04\/Gamma_MAGIS_M_TOP-1-scaled.jpg","datePublished":"2026-04-08T18:44:19+00:00","dateModified":"2026-04-08T19:23:01+00:00","breadcrumb":{"@id":"https:\/\/gastechbaltic.lv\/product\/siltumsuknis-magis-m-top\/#breadcrumb"},"inLanguage":"en-GB","potentialAction":[{"@type":"ReadAction","target":["https:\/\/gastechbaltic.lv\/product\/siltumsuknis-magis-m-top\/"]}]},{"@type":"ImageObject","inLanguage":"en-GB","@id":"https:\/\/gastechbaltic.lv\/product\/siltumsuknis-magis-m-top\/#primaryimage","url":"https:\/\/gastechbaltic.lv\/wp-content\/uploads\/2026\/04\/Gamma_MAGIS_M_TOP-1-scaled.jpg","contentUrl":"https:\/\/gastechbaltic.lv\/wp-content\/uploads\/2026\/04\/Gamma_MAGIS_M_TOP-1-scaled.jpg","width":2560,"height":1165},{"@type":"BreadcrumbList","@id":"https:\/\/gastechbaltic.lv\/product\/siltumsuknis-magis-m-top\/#breadcrumb","itemListElement":[{"@type":"ListItem","position":1,"name":"Home","item":"https:\/\/gastechbaltic.lv\/"},{"@type":"ListItem","position":2,"name":"Veikals","item":"https:\/\/gastechbaltic.lv\/veikals\/"},{"@type":"ListItem","position":3,"name":"Siltums\u016bknis MAGIS M TOP 12 kW."}]},{"@type":"WebSite","@id":"https:\/\/gastechbaltic.lv\/#website","url":"https:\/\/gastechbaltic.lv\/","name":"Gastechbaltic","description":"","publisher":{"@id":"https:\/\/gastechbaltic.lv\/#organization"},"potentialAction":[{"@type":"SearchAction","target":{"@type":"EntryPoint","urlTemplate":"https:\/\/gastechbaltic.lv\/?s={search_term_string}"},"query-input":{"@type":"PropertyValueSpecification","valueRequired":true,"valueName":"search_term_string"}}],"inLanguage":"en-GB"},{"@type":"Organization","@id":"https:\/\/gastechbaltic.lv\/#organization","name":"Gastechbaltic","url":"https:\/\/gastechbaltic.lv\/","logo":{"@type":"ImageObject","inLanguage":"en-GB","@id":"https:\/\/gastechbaltic.lv\/#\/schema\/logo\/image\/","url":"https:\/\/gastechbaltic.lv\/wp-content\/uploads\/2025\/07\/cropped-New-Project-9.png","contentUrl":"https:\/\/gastechbaltic.lv\/wp-content\/uploads\/2025\/07\/cropped-New-Project-9.png","width":275,"height":91,"caption":"Gastechbaltic"},"image":{"@id":"https:\/\/gastechbaltic.lv\/#\/schema\/logo\/image\/"}}]}},"_links":{"self":[{"href":"https:\/\/gastechbaltic.lv\/en\/wp-json\/wp\/v2\/product\/3971","targetHints":{"allow":["GET"]}}],"collection":[{"href":"https:\/\/gastechbaltic.lv\/en\/wp-json\/wp\/v2\/product"}],"about":[{"href":"https:\/\/gastechbaltic.lv\/en\/wp-json\/wp\/v2\/types\/product"}],"wp:featuredmedia":[{"embeddable":true,"href":"https:\/\/gastechbaltic.lv\/en\/wp-json\/wp\/v2\/media\/3966"}],"wp:attachment":[{"href":"https:\/\/gastechbaltic.lv\/en\/wp-json\/wp\/v2\/media?parent=3971"}],"wp:term":[{"taxonomy":"product_brand","embeddable":true,"href":"https:\/\/gastechbaltic.lv\/en\/wp-json\/wp\/v2\/product_brand?post=3971"},{"taxonomy":"product_cat","embeddable":true,"href":"https:\/\/gastechbaltic.lv\/en\/wp-json\/wp\/v2\/product_cat?post=3971"},{"taxonomy":"product_tag","embeddable":true,"href":"https:\/\/gastechbaltic.lv\/en\/wp-json\/wp\/v2\/product_tag?post=3971"}],"curies":[{"name":"wp","href":"https:\/\/api.w.org\/{rel}","templated":true}]}}