{"id":3410,"date":"2025-05-28T14:32:09","date_gmt":"2025-05-28T12:32:09","guid":{"rendered":"https:\/\/gastechbaltic.lv\/?post_type=product&#038;p=3410"},"modified":"2025-09-30T16:08:11","modified_gmt":"2025-09-30T13:08:11","slug":"magis-combo-16-plus-v2-ar-super-trio-top","status":"publish","type":"product","link":"https:\/\/gastechbaltic.lv\/en\/product\/magis-combo-16-plus-v2-ar-super-trio-top\/","title":{"rendered":"MAGIS COMBO 16 PLUS V2 ar SUPER TRIO TOP"},"content":{"rendered":"<p><span style=\"font-family: helvetica, arial, sans-serif;\"><strong>LIEL\u0100KA \u012aPA\u0160UMA V\u0112RT\u012aBA<\/strong><\/span><\/p>\n<p><span style=\"font-family: helvetica, arial, sans-serif;\">Kombin\u0101cij\u0101 ar siltums\u016bkni SUPER TRIO TOP iev\u0113ro atjaunojamo energoresursu izmanto\u0161anas saist\u012bbas un nodro\u0161ina 3 da\u017e\u0101dus pakalpojumus: apkuri, dzes\u0113\u0161anu un karsto \u016bdeni liel\u0101 daudzum\u0101.<\/span><\/p>\n<p><span style=\"font-family: helvetica, arial, sans-serif;\">SUPER TRIO TOP \u013cauj ar\u012b sasniegt \u013coti augstu ener\u0123ijas klasi jaunb\u016bv\u0113s un uzlabot \u0113kas\/sist\u0113mas ener\u0123ijas klasi eso\u0161aj\u0101s m\u0101j\u0101s. Tas \u013cauj palielin\u0101t m\u0101jas kvadr\u0101tmetra v\u0113rt\u012bbu, un ieguld\u012bjumi atmaks\u0101jas nekav\u0113joties.<\/span><\/p>\n<p><span style=\"font-family: helvetica, arial, sans-serif;\"><strong>VIETAS TAUP\u012a\u0160ANAS RISIN\u0100JUMI<\/strong><\/span><\/p>\n<p><span style=\"font-family: helvetica, arial, sans-serif;\">SUPER TRIO TOP integr\u0113jas \u0113kas konstrukcij\u0101s un ietaupa dz\u012bvojamo plat\u012bbu, pateicoties \u012bpa\u0161ajam ieb\u016bv\u0113jamajam konteineram, kas paredz\u0113ts padzi\u013cin\u0101tai uzst\u0101d\u012b\u0161anai. Tehnisk\u0101 kaste DOMUS CONTAINER \u013cauj veikt iek\u0161telp\u0101s stingru un t\u012bru est\u0113tiku.<\/span><\/p>\n<p><span style=\"font-family: helvetica, arial, sans-serif;\"><strong>LIELISKS KOMFORTS VAIR\u0100K\u0100M VANNAS ISTAB\u0100M UN BURBU\u013bVANN\u0100M<\/strong><\/span><\/p>\n<p><span style=\"font-family: helvetica, arial, sans-serif;\">SUPER TRIO TOP ar 250 litru tvertni apg\u0101d\u0101 viendz\u012bvok\u013ca m\u0101jas, m\u0101jas, dz\u012bvok\u013cus, kas ir liela izm\u0113ra vai kuros nepiecie\u0161ams daudz karst\u0101 \u016bdens, ja paredz\u0113ts uzst\u0101d\u012bt tvertnes virpu\u013cvannu vai vair\u0101kk\u0101rt\u0113ju iz\u0146em\u0161anu.<\/span><\/p>\n<p><span style=\"font-family: helvetica, arial, sans-serif;\"><strong>MAZ\u0100KS ENER\u0122IJAS PAT\u0112RI\u0145\u0160 KARSTAJAM \u016aDENIM<\/strong><\/span><\/p>\n<p><span style=\"font-family: helvetica, arial, sans-serif;\">SUPER TRIO TOP \u013cauj integr\u0113t karst\u0101 \u016bdens sagatavo\u0161anu gan ar siltums\u016bkni, gan ar saules ener\u0123ijas izmanto\u0161anu. Paties\u012bb\u0101 ier\u012bce pied\u0101v\u0101 izv\u0113les komplektu, ko var ievietot izv\u0113l\u0113taj\u0101 sist\u0113m\u0101.<\/span><\/p>\n<p><span style=\"font-family: helvetica, arial, sans-serif;\"><strong>ELEKTROENER\u0122IJAS PAT\u0112RI\u0145A OPTIMIZ\u0100CIJA<\/strong><\/span><\/p>\n<p><span style=\"font-family: helvetica, arial, sans-serif;\">Tiem, kas v\u0113las samazin\u0101t elektroener\u0123ijas pat\u0113ri\u0146u, SUPER TRIO TOP izmanto fotogalvanisko sist\u0113mu, darbinot siltums\u016bkni ar bezmaksas saules ener\u0123iju, t\u0101d\u0113j\u0101di palielinot ietaup\u012bjumus visekolo\u0123isk\u0101kaj\u0101 veid\u0101.<\/span><\/p>\n\n    <div class=\"xs_social_share_widget xs_share_url after_content \t\tmain_content  wslu-style-1 wslu-share-box-shaped wslu-fill-colored wslu-none wslu-share-horizontal wslu-theme-font-no wslu-main_content\">\n\n\t\t\n        <ul>\n\t\t\t        <\/ul>\n    <\/div>","protected":false},"excerpt":{"rendered":"<p>Izklied\u0113t\u0101 tipa atgriezeniska gaisa-\u016bdens invertora tipa siltums\u016bk\u0146a sist\u0113ma, ko veido \u0101r\u0113jais bloks un gr\u012bdas iek\u0161\u0113jais bloks.<\/p>\n<ul>\n<li>IDE\u0100LI PIEM\u0112ROTS JAUNB\u016aV\u0112M<\/li>\n<li>STANDARTA TERMOREGUL\u0100CIJA<\/li>\n<li>APKURE UN DZES\u0112\u0160ANA<\/li>\n<\/ul>","protected":false},"featured_media":3439,"template":"","meta":[],"product_brand":[],"product_cat":[54],"product_tag":[],"class_list":{"0":"post-3410","1":"product","2":"type-product","3":"status-publish","4":"has-post-thumbnail","6":"product_cat-siltumsukni","8":"first","9":"instock","10":"taxable","11":"shipping-taxable","12":"purchasable","13":"product-type-simple"},"yoast_head":"<!-- This site is optimized with the Yoast SEO plugin v25.4 - https:\/\/yoast.com\/wordpress\/plugins\/seo\/ -->\n<title>MAGIS COMBO 16 PLUS V2 ar SUPER TRIO TOP - Gastechbaltic<\/title>\n<meta name=\"robots\" content=\"index, follow, max-snippet:-1, max-image-preview:large, max-video-preview:-1\" \/>\n<link rel=\"canonical\" href=\"https:\/\/gastechbaltic.lv\/en\/product\/magis-combo-16-plus-v2-ar-super-trio-top\/\" \/>\n<meta property=\"og:locale\" content=\"en_GB\" \/>\n<meta property=\"og:type\" content=\"article\" \/>\n<meta property=\"og:title\" content=\"MAGIS COMBO 16 PLUS V2 ar SUPER TRIO TOP - Gastechbaltic\" \/>\n<meta property=\"og:description\" content=\"Izklied\u0113t\u0101 tipa atgriezeniska gaisa-\u016bdens invertora tipa siltums\u016bk\u0146a sist\u0113ma, ko veido \u0101r\u0113jais bloks un gr\u012bdas iek\u0161\u0113jais bloks.   IDE\u0100LI PIEM\u0112ROTS JAUNB\u016aV\u0112M  STANDARTA TERMOREGUL\u0100CIJA  APKURE UN DZES\u0112\u0160ANA\" \/>\n<meta property=\"og:url\" content=\"https:\/\/gastechbaltic.lv\/en\/product\/magis-combo-16-plus-v2-ar-super-trio-top\/\" \/>\n<meta property=\"og:site_name\" content=\"Gastechbaltic\" \/>\n<meta property=\"article:modified_time\" content=\"2025-09-30T13:08:11+00:00\" \/>\n<meta property=\"og:image\" content=\"https:\/\/gastechbaltic.lv\/wp-content\/uploads\/2025\/05\/MAGIS-COMBO-16-PLUS-V2-ar-SUPER-TRIO-TOP.png\" \/>\n\t<meta property=\"og:image:width\" content=\"533\" \/>\n\t<meta property=\"og:image:height\" content=\"542\" \/>\n\t<meta property=\"og:image:type\" content=\"image\/png\" \/>\n<meta name=\"twitter:card\" content=\"summary_large_image\" \/>\n<meta name=\"twitter:label1\" content=\"Estimated reading time\" \/>\n\t<meta name=\"twitter:data1\" content=\"2 minutes\" \/>\n<script type=\"application\/ld+json\" class=\"yoast-schema-graph\">{\"@context\":\"https:\/\/schema.org\",\"@graph\":[{\"@type\":\"WebPage\",\"@id\":\"https:\/\/gastechbaltic.lv\/product\/magis-combo-16-plus-v2-ar-super-trio-top\/\",\"url\":\"https:\/\/gastechbaltic.lv\/product\/magis-combo-16-plus-v2-ar-super-trio-top\/\",\"name\":\"MAGIS COMBO 16 PLUS V2 ar SUPER TRIO TOP - Gastechbaltic\",\"isPartOf\":{\"@id\":\"https:\/\/gastechbaltic.lv\/#website\"},\"primaryImageOfPage\":{\"@id\":\"https:\/\/gastechbaltic.lv\/product\/magis-combo-16-plus-v2-ar-super-trio-top\/#primaryimage\"},\"image\":{\"@id\":\"https:\/\/gastechbaltic.lv\/product\/magis-combo-16-plus-v2-ar-super-trio-top\/#primaryimage\"},\"thumbnailUrl\":\"https:\/\/gastechbaltic.lv\/wp-content\/uploads\/2025\/05\/MAGIS-COMBO-16-PLUS-V2-ar-SUPER-TRIO-TOP.png\",\"datePublished\":\"2025-05-28T12:32:09+00:00\",\"dateModified\":\"2025-09-30T13:08:11+00:00\",\"breadcrumb\":{\"@id\":\"https:\/\/gastechbaltic.lv\/product\/magis-combo-16-plus-v2-ar-super-trio-top\/#breadcrumb\"},\"inLanguage\":\"en-GB\",\"potentialAction\":[{\"@type\":\"ReadAction\",\"target\":[\"https:\/\/gastechbaltic.lv\/product\/magis-combo-16-plus-v2-ar-super-trio-top\/\"]}]},{\"@type\":\"ImageObject\",\"inLanguage\":\"en-GB\",\"@id\":\"https:\/\/gastechbaltic.lv\/product\/magis-combo-16-plus-v2-ar-super-trio-top\/#primaryimage\",\"url\":\"https:\/\/gastechbaltic.lv\/wp-content\/uploads\/2025\/05\/MAGIS-COMBO-16-PLUS-V2-ar-SUPER-TRIO-TOP.png\",\"contentUrl\":\"https:\/\/gastechbaltic.lv\/wp-content\/uploads\/2025\/05\/MAGIS-COMBO-16-PLUS-V2-ar-SUPER-TRIO-TOP.png\",\"width\":533,\"height\":542},{\"@type\":\"BreadcrumbList\",\"@id\":\"https:\/\/gastechbaltic.lv\/product\/magis-combo-16-plus-v2-ar-super-trio-top\/#breadcrumb\",\"itemListElement\":[{\"@type\":\"ListItem\",\"position\":1,\"name\":\"Home\",\"item\":\"https:\/\/gastechbaltic.lv\/\"},{\"@type\":\"ListItem\",\"position\":2,\"name\":\"Veikals\",\"item\":\"https:\/\/gastechbaltic.lv\/veikals\/\"},{\"@type\":\"ListItem\",\"position\":3,\"name\":\"MAGIS COMBO 16 PLUS V2 ar SUPER TRIO TOP\"}]},{\"@type\":\"WebSite\",\"@id\":\"https:\/\/gastechbaltic.lv\/#website\",\"url\":\"https:\/\/gastechbaltic.lv\/\",\"name\":\"Gastechbaltic\",\"description\":\"\",\"publisher\":{\"@id\":\"https:\/\/gastechbaltic.lv\/#organization\"},\"potentialAction\":[{\"@type\":\"SearchAction\",\"target\":{\"@type\":\"EntryPoint\",\"urlTemplate\":\"https:\/\/gastechbaltic.lv\/?s={search_term_string}\"},\"query-input\":{\"@type\":\"PropertyValueSpecification\",\"valueRequired\":true,\"valueName\":\"search_term_string\"}}],\"inLanguage\":\"en-GB\"},{\"@type\":\"Organization\",\"@id\":\"https:\/\/gastechbaltic.lv\/#organization\",\"name\":\"Gastechbaltic\",\"url\":\"https:\/\/gastechbaltic.lv\/\",\"logo\":{\"@type\":\"ImageObject\",\"inLanguage\":\"en-GB\",\"@id\":\"https:\/\/gastechbaltic.lv\/#\/schema\/logo\/image\/\",\"url\":\"https:\/\/gastechbaltic.lv\/wp-content\/uploads\/2025\/07\/cropped-New-Project-9.png\",\"contentUrl\":\"https:\/\/gastechbaltic.lv\/wp-content\/uploads\/2025\/07\/cropped-New-Project-9.png\",\"width\":275,\"height\":91,\"caption\":\"Gastechbaltic\"},\"image\":{\"@id\":\"https:\/\/gastechbaltic.lv\/#\/schema\/logo\/image\/\"}}]}<\/script>\n<!-- \/ Yoast SEO plugin. -->","yoast_head_json":{"title":"MAGIS COMBO 16 PLUS V2 ar SUPER TRIO TOP - Gastechbaltic","robots":{"index":"index","follow":"follow","max-snippet":"max-snippet:-1","max-image-preview":"max-image-preview:large","max-video-preview":"max-video-preview:-1"},"canonical":"https:\/\/gastechbaltic.lv\/en\/product\/magis-combo-16-plus-v2-ar-super-trio-top\/","og_locale":"en_GB","og_type":"article","og_title":"MAGIS COMBO 16 PLUS V2 ar SUPER TRIO TOP - Gastechbaltic","og_description":"Izklied\u0113t\u0101 tipa atgriezeniska gaisa-\u016bdens invertora tipa siltums\u016bk\u0146a sist\u0113ma, ko veido \u0101r\u0113jais bloks un gr\u012bdas iek\u0161\u0113jais bloks.   IDE\u0100LI PIEM\u0112ROTS JAUNB\u016aV\u0112M  STANDARTA TERMOREGUL\u0100CIJA  APKURE UN DZES\u0112\u0160ANA","og_url":"https:\/\/gastechbaltic.lv\/en\/product\/magis-combo-16-plus-v2-ar-super-trio-top\/","og_site_name":"Gastechbaltic","article_modified_time":"2025-09-30T13:08:11+00:00","og_image":[{"width":533,"height":542,"url":"https:\/\/gastechbaltic.lv\/wp-content\/uploads\/2025\/05\/MAGIS-COMBO-16-PLUS-V2-ar-SUPER-TRIO-TOP.png","type":"image\/png"}],"twitter_card":"summary_large_image","twitter_misc":{"Estimated reading time":"2 minutes"},"schema":{"@context":"https:\/\/schema.org","@graph":[{"@type":"WebPage","@id":"https:\/\/gastechbaltic.lv\/product\/magis-combo-16-plus-v2-ar-super-trio-top\/","url":"https:\/\/gastechbaltic.lv\/product\/magis-combo-16-plus-v2-ar-super-trio-top\/","name":"MAGIS COMBO 16 PLUS V2 ar SUPER TRIO TOP - Gastechbaltic","isPartOf":{"@id":"https:\/\/gastechbaltic.lv\/#website"},"primaryImageOfPage":{"@id":"https:\/\/gastechbaltic.lv\/product\/magis-combo-16-plus-v2-ar-super-trio-top\/#primaryimage"},"image":{"@id":"https:\/\/gastechbaltic.lv\/product\/magis-combo-16-plus-v2-ar-super-trio-top\/#primaryimage"},"thumbnailUrl":"https:\/\/gastechbaltic.lv\/wp-content\/uploads\/2025\/05\/MAGIS-COMBO-16-PLUS-V2-ar-SUPER-TRIO-TOP.png","datePublished":"2025-05-28T12:32:09+00:00","dateModified":"2025-09-30T13:08:11+00:00","breadcrumb":{"@id":"https:\/\/gastechbaltic.lv\/product\/magis-combo-16-plus-v2-ar-super-trio-top\/#breadcrumb"},"inLanguage":"en-GB","potentialAction":[{"@type":"ReadAction","target":["https:\/\/gastechbaltic.lv\/product\/magis-combo-16-plus-v2-ar-super-trio-top\/"]}]},{"@type":"ImageObject","inLanguage":"en-GB","@id":"https:\/\/gastechbaltic.lv\/product\/magis-combo-16-plus-v2-ar-super-trio-top\/#primaryimage","url":"https:\/\/gastechbaltic.lv\/wp-content\/uploads\/2025\/05\/MAGIS-COMBO-16-PLUS-V2-ar-SUPER-TRIO-TOP.png","contentUrl":"https:\/\/gastechbaltic.lv\/wp-content\/uploads\/2025\/05\/MAGIS-COMBO-16-PLUS-V2-ar-SUPER-TRIO-TOP.png","width":533,"height":542},{"@type":"BreadcrumbList","@id":"https:\/\/gastechbaltic.lv\/product\/magis-combo-16-plus-v2-ar-super-trio-top\/#breadcrumb","itemListElement":[{"@type":"ListItem","position":1,"name":"Home","item":"https:\/\/gastechbaltic.lv\/"},{"@type":"ListItem","position":2,"name":"Veikals","item":"https:\/\/gastechbaltic.lv\/veikals\/"},{"@type":"ListItem","position":3,"name":"MAGIS COMBO 16 PLUS V2 ar SUPER TRIO TOP"}]},{"@type":"WebSite","@id":"https:\/\/gastechbaltic.lv\/#website","url":"https:\/\/gastechbaltic.lv\/","name":"Gastechbaltic","description":"","publisher":{"@id":"https:\/\/gastechbaltic.lv\/#organization"},"potentialAction":[{"@type":"SearchAction","target":{"@type":"EntryPoint","urlTemplate":"https:\/\/gastechbaltic.lv\/?s={search_term_string}"},"query-input":{"@type":"PropertyValueSpecification","valueRequired":true,"valueName":"search_term_string"}}],"inLanguage":"en-GB"},{"@type":"Organization","@id":"https:\/\/gastechbaltic.lv\/#organization","name":"Gastechbaltic","url":"https:\/\/gastechbaltic.lv\/","logo":{"@type":"ImageObject","inLanguage":"en-GB","@id":"https:\/\/gastechbaltic.lv\/#\/schema\/logo\/image\/","url":"https:\/\/gastechbaltic.lv\/wp-content\/uploads\/2025\/07\/cropped-New-Project-9.png","contentUrl":"https:\/\/gastechbaltic.lv\/wp-content\/uploads\/2025\/07\/cropped-New-Project-9.png","width":275,"height":91,"caption":"Gastechbaltic"},"image":{"@id":"https:\/\/gastechbaltic.lv\/#\/schema\/logo\/image\/"}}]}},"_links":{"self":[{"href":"https:\/\/gastechbaltic.lv\/en\/wp-json\/wp\/v2\/product\/3410","targetHints":{"allow":["GET"]}}],"collection":[{"href":"https:\/\/gastechbaltic.lv\/en\/wp-json\/wp\/v2\/product"}],"about":[{"href":"https:\/\/gastechbaltic.lv\/en\/wp-json\/wp\/v2\/types\/product"}],"wp:featuredmedia":[{"embeddable":true,"href":"https:\/\/gastechbaltic.lv\/en\/wp-json\/wp\/v2\/media\/3439"}],"wp:attachment":[{"href":"https:\/\/gastechbaltic.lv\/en\/wp-json\/wp\/v2\/media?parent=3410"}],"wp:term":[{"taxonomy":"product_brand","embeddable":true,"href":"https:\/\/gastechbaltic.lv\/en\/wp-json\/wp\/v2\/product_brand?post=3410"},{"taxonomy":"product_cat","embeddable":true,"href":"https:\/\/gastechbaltic.lv\/en\/wp-json\/wp\/v2\/product_cat?post=3410"},{"taxonomy":"product_tag","embeddable":true,"href":"https:\/\/gastechbaltic.lv\/en\/wp-json\/wp\/v2\/product_tag?post=3410"}],"curies":[{"name":"wp","href":"https:\/\/api.w.org\/{rel}","templated":true}]}}