{"id":3409,"date":"2025-05-28T14:32:09","date_gmt":"2025-05-28T12:32:09","guid":{"rendered":"https:\/\/gastechbaltic.lv\/?post_type=product&#038;p=3409"},"modified":"2025-09-30T15:24:10","modified_gmt":"2025-09-30T12:24:10","slug":"natural-sol-200-v2","status":"publish","type":"product","link":"https:\/\/gastechbaltic.lv\/en\/product\/natural-sol-200-v2\/","title":{"rendered":"NATURAL SOL 200 V2"},"content":{"rendered":"<p><strong><span style=\"font-family: helvetica, arial, sans-serif;\">Plakan\u0101s pl\u0101ksnes kolektors<\/span><\/strong><\/p>\n<p><span style=\"font-family: helvetica, arial, sans-serif;\">Uzglab\u0101\u0161anas tvertnes bloks &#8211; ar dubult\u0101m sien\u0101m, izol\u0113ts, stiklveida t\u0113rauds &#8211; ar diviem magnija anodiem<\/span><\/p>\n<p><span style=\"font-family: helvetica, arial, sans-serif;\">3 b\u0101ru dro\u0161\u012bbas v\u0101rsts (saules kont\u016brs)<\/span><\/p>\n<p><span style=\"font-family: helvetica, arial, sans-serif;\">6 b\u0101ru dro\u0161\u012bbas v\u0101rsts (karst\u0101 \u016bdens cirkul\u0101cija)<\/span><\/p>\n<p><span style=\"font-family: helvetica, arial, sans-serif;\">Integr\u0113ta 1,5 kW elektrisk\u0101 pretest\u012bba (ide\u0101li piem\u0113rota, lai nodro\u0161in\u0101tu pretaizsal\u0161anas funkciju).<\/span><\/p>\n<p><span style=\"font-family: helvetica, arial, sans-serif;\">Stiprin\u0101juma sist\u0113ma sl\u012bpiem jumtiem (uz jumta) un br\u012bvst\u0101vo\u0161ai uzst\u0101d\u012b\u0161anai* uz plakaniem jumtiem vai uz zemes<\/span><\/p>\n<p><span style=\"font-family: helvetica, arial, sans-serif;\">Glikola pudeles (sajaucamas ar \u016bdeni; \u016bdens daudzums saules kont\u016br\u0101 ir 10 litri)<\/span><\/p>\n<p><span style=\"font-family: helvetica, arial, sans-serif;\">Izol\u0113tas caurules kolektora un rezervu\u0101ra savieno\u0161anai<\/span><\/p>\n<p><span style=\"font-family: helvetica, arial, sans-serif;\">Hidrauliskie savienot\u0101jelementi un mont\u0101\u017eas skr\u016bves<\/span><\/p>\n\n    <div class=\"xs_social_share_widget xs_share_url after_content \t\tmain_content  wslu-style-1 wslu-share-box-shaped wslu-fill-colored wslu-none wslu-share-horizontal wslu-theme-font-no wslu-main_content\">\n\n\t\t\n        <ul>\n\t\t\t        <\/ul>\n    <\/div>","protected":false},"excerpt":{"rendered":"<p><span style=\"font-family: helvetica, arial, sans-serif; font-size: 14pt;\">Saules bateriju komplekts ar dabisko cirkul\u0101ciju un plakano plati ar kolektoru un \u0101r\u0113jo uzglab\u0101\u0161anas tvertni.<\/span><\/p>","protected":false},"featured_media":3438,"template":"","meta":[],"product_brand":[],"product_cat":[55],"product_tag":[],"class_list":{"0":"post-3409","1":"product","2":"type-product","3":"status-publish","4":"has-post-thumbnail","6":"product_cat-hibrida-sistemas","8":"first","9":"instock","10":"taxable","11":"shipping-taxable","12":"purchasable","13":"product-type-simple"},"yoast_head":"<!-- This site is optimized with the Yoast SEO plugin v25.4 - https:\/\/yoast.com\/wordpress\/plugins\/seo\/ -->\n<title>NATURAL SOL 200 V2 - Gastechbaltic<\/title>\n<meta name=\"robots\" content=\"index, follow, max-snippet:-1, max-image-preview:large, max-video-preview:-1\" \/>\n<link rel=\"canonical\" href=\"https:\/\/gastechbaltic.lv\/en\/product\/natural-sol-200-v2\/\" \/>\n<meta property=\"og:locale\" content=\"en_GB\" \/>\n<meta property=\"og:type\" content=\"article\" \/>\n<meta property=\"og:title\" content=\"NATURAL SOL 200 V2 - Gastechbaltic\" \/>\n<meta property=\"og:description\" content=\"Saules bateriju komplekts ar dabisko cirkul\u0101ciju un plakano plati ar kolektoru un \u0101r\u0113jo uzglab\u0101\u0161anas tvertni.\" \/>\n<meta property=\"og:url\" content=\"https:\/\/gastechbaltic.lv\/en\/product\/natural-sol-200-v2\/\" \/>\n<meta property=\"og:site_name\" content=\"Gastechbaltic\" \/>\n<meta property=\"article:modified_time\" content=\"2025-09-30T12:24:10+00:00\" \/>\n<meta property=\"og:image\" content=\"https:\/\/gastechbaltic.lv\/wp-content\/uploads\/2025\/05\/NATURAL-SOL-200-V2.png\" \/>\n\t<meta property=\"og:image:width\" content=\"400\" \/>\n\t<meta property=\"og:image:height\" content=\"480\" \/>\n\t<meta property=\"og:image:type\" content=\"image\/png\" \/>\n<meta name=\"twitter:card\" content=\"summary_large_image\" \/>\n<meta name=\"twitter:label1\" content=\"Estimated reading time\" \/>\n\t<meta name=\"twitter:data1\" content=\"1 minute\" \/>\n<script type=\"application\/ld+json\" class=\"yoast-schema-graph\">{\"@context\":\"https:\/\/schema.org\",\"@graph\":[{\"@type\":\"WebPage\",\"@id\":\"https:\/\/gastechbaltic.lv\/product\/natural-sol-200-v2\/\",\"url\":\"https:\/\/gastechbaltic.lv\/product\/natural-sol-200-v2\/\",\"name\":\"NATURAL SOL 200 V2 - Gastechbaltic\",\"isPartOf\":{\"@id\":\"https:\/\/gastechbaltic.lv\/#website\"},\"primaryImageOfPage\":{\"@id\":\"https:\/\/gastechbaltic.lv\/product\/natural-sol-200-v2\/#primaryimage\"},\"image\":{\"@id\":\"https:\/\/gastechbaltic.lv\/product\/natural-sol-200-v2\/#primaryimage\"},\"thumbnailUrl\":\"https:\/\/gastechbaltic.lv\/wp-content\/uploads\/2025\/05\/NATURAL-SOL-200-V2.png\",\"datePublished\":\"2025-05-28T12:32:09+00:00\",\"dateModified\":\"2025-09-30T12:24:10+00:00\",\"breadcrumb\":{\"@id\":\"https:\/\/gastechbaltic.lv\/product\/natural-sol-200-v2\/#breadcrumb\"},\"inLanguage\":\"en-GB\",\"potentialAction\":[{\"@type\":\"ReadAction\",\"target\":[\"https:\/\/gastechbaltic.lv\/product\/natural-sol-200-v2\/\"]}]},{\"@type\":\"ImageObject\",\"inLanguage\":\"en-GB\",\"@id\":\"https:\/\/gastechbaltic.lv\/product\/natural-sol-200-v2\/#primaryimage\",\"url\":\"https:\/\/gastechbaltic.lv\/wp-content\/uploads\/2025\/05\/NATURAL-SOL-200-V2.png\",\"contentUrl\":\"https:\/\/gastechbaltic.lv\/wp-content\/uploads\/2025\/05\/NATURAL-SOL-200-V2.png\",\"width\":400,\"height\":480},{\"@type\":\"BreadcrumbList\",\"@id\":\"https:\/\/gastechbaltic.lv\/product\/natural-sol-200-v2\/#breadcrumb\",\"itemListElement\":[{\"@type\":\"ListItem\",\"position\":1,\"name\":\"Home\",\"item\":\"https:\/\/gastechbaltic.lv\/\"},{\"@type\":\"ListItem\",\"position\":2,\"name\":\"Veikals\",\"item\":\"https:\/\/gastechbaltic.lv\/veikals\/\"},{\"@type\":\"ListItem\",\"position\":3,\"name\":\"NATURAL SOL 200 V2\"}]},{\"@type\":\"WebSite\",\"@id\":\"https:\/\/gastechbaltic.lv\/#website\",\"url\":\"https:\/\/gastechbaltic.lv\/\",\"name\":\"Gastechbaltic\",\"description\":\"\",\"publisher\":{\"@id\":\"https:\/\/gastechbaltic.lv\/#organization\"},\"potentialAction\":[{\"@type\":\"SearchAction\",\"target\":{\"@type\":\"EntryPoint\",\"urlTemplate\":\"https:\/\/gastechbaltic.lv\/?s={search_term_string}\"},\"query-input\":{\"@type\":\"PropertyValueSpecification\",\"valueRequired\":true,\"valueName\":\"search_term_string\"}}],\"inLanguage\":\"en-GB\"},{\"@type\":\"Organization\",\"@id\":\"https:\/\/gastechbaltic.lv\/#organization\",\"name\":\"Gastechbaltic\",\"url\":\"https:\/\/gastechbaltic.lv\/\",\"logo\":{\"@type\":\"ImageObject\",\"inLanguage\":\"en-GB\",\"@id\":\"https:\/\/gastechbaltic.lv\/#\/schema\/logo\/image\/\",\"url\":\"https:\/\/gastechbaltic.lv\/wp-content\/uploads\/2025\/07\/cropped-New-Project-9.png\",\"contentUrl\":\"https:\/\/gastechbaltic.lv\/wp-content\/uploads\/2025\/07\/cropped-New-Project-9.png\",\"width\":275,\"height\":91,\"caption\":\"Gastechbaltic\"},\"image\":{\"@id\":\"https:\/\/gastechbaltic.lv\/#\/schema\/logo\/image\/\"}}]}<\/script>\n<!-- \/ Yoast SEO plugin. -->","yoast_head_json":{"title":"NATURAL SOL 200 V2 - Gastechbaltic","robots":{"index":"index","follow":"follow","max-snippet":"max-snippet:-1","max-image-preview":"max-image-preview:large","max-video-preview":"max-video-preview:-1"},"canonical":"https:\/\/gastechbaltic.lv\/en\/product\/natural-sol-200-v2\/","og_locale":"en_GB","og_type":"article","og_title":"NATURAL SOL 200 V2 - Gastechbaltic","og_description":"Saules bateriju komplekts ar dabisko cirkul\u0101ciju un plakano plati ar kolektoru un \u0101r\u0113jo uzglab\u0101\u0161anas tvertni.","og_url":"https:\/\/gastechbaltic.lv\/en\/product\/natural-sol-200-v2\/","og_site_name":"Gastechbaltic","article_modified_time":"2025-09-30T12:24:10+00:00","og_image":[{"width":400,"height":480,"url":"https:\/\/gastechbaltic.lv\/wp-content\/uploads\/2025\/05\/NATURAL-SOL-200-V2.png","type":"image\/png"}],"twitter_card":"summary_large_image","twitter_misc":{"Estimated reading time":"1 minute"},"schema":{"@context":"https:\/\/schema.org","@graph":[{"@type":"WebPage","@id":"https:\/\/gastechbaltic.lv\/product\/natural-sol-200-v2\/","url":"https:\/\/gastechbaltic.lv\/product\/natural-sol-200-v2\/","name":"NATURAL SOL 200 V2 - Gastechbaltic","isPartOf":{"@id":"https:\/\/gastechbaltic.lv\/#website"},"primaryImageOfPage":{"@id":"https:\/\/gastechbaltic.lv\/product\/natural-sol-200-v2\/#primaryimage"},"image":{"@id":"https:\/\/gastechbaltic.lv\/product\/natural-sol-200-v2\/#primaryimage"},"thumbnailUrl":"https:\/\/gastechbaltic.lv\/wp-content\/uploads\/2025\/05\/NATURAL-SOL-200-V2.png","datePublished":"2025-05-28T12:32:09+00:00","dateModified":"2025-09-30T12:24:10+00:00","breadcrumb":{"@id":"https:\/\/gastechbaltic.lv\/product\/natural-sol-200-v2\/#breadcrumb"},"inLanguage":"en-GB","potentialAction":[{"@type":"ReadAction","target":["https:\/\/gastechbaltic.lv\/product\/natural-sol-200-v2\/"]}]},{"@type":"ImageObject","inLanguage":"en-GB","@id":"https:\/\/gastechbaltic.lv\/product\/natural-sol-200-v2\/#primaryimage","url":"https:\/\/gastechbaltic.lv\/wp-content\/uploads\/2025\/05\/NATURAL-SOL-200-V2.png","contentUrl":"https:\/\/gastechbaltic.lv\/wp-content\/uploads\/2025\/05\/NATURAL-SOL-200-V2.png","width":400,"height":480},{"@type":"BreadcrumbList","@id":"https:\/\/gastechbaltic.lv\/product\/natural-sol-200-v2\/#breadcrumb","itemListElement":[{"@type":"ListItem","position":1,"name":"Home","item":"https:\/\/gastechbaltic.lv\/"},{"@type":"ListItem","position":2,"name":"Veikals","item":"https:\/\/gastechbaltic.lv\/veikals\/"},{"@type":"ListItem","position":3,"name":"NATURAL SOL 200 V2"}]},{"@type":"WebSite","@id":"https:\/\/gastechbaltic.lv\/#website","url":"https:\/\/gastechbaltic.lv\/","name":"Gastechbaltic","description":"","publisher":{"@id":"https:\/\/gastechbaltic.lv\/#organization"},"potentialAction":[{"@type":"SearchAction","target":{"@type":"EntryPoint","urlTemplate":"https:\/\/gastechbaltic.lv\/?s={search_term_string}"},"query-input":{"@type":"PropertyValueSpecification","valueRequired":true,"valueName":"search_term_string"}}],"inLanguage":"en-GB"},{"@type":"Organization","@id":"https:\/\/gastechbaltic.lv\/#organization","name":"Gastechbaltic","url":"https:\/\/gastechbaltic.lv\/","logo":{"@type":"ImageObject","inLanguage":"en-GB","@id":"https:\/\/gastechbaltic.lv\/#\/schema\/logo\/image\/","url":"https:\/\/gastechbaltic.lv\/wp-content\/uploads\/2025\/07\/cropped-New-Project-9.png","contentUrl":"https:\/\/gastechbaltic.lv\/wp-content\/uploads\/2025\/07\/cropped-New-Project-9.png","width":275,"height":91,"caption":"Gastechbaltic"},"image":{"@id":"https:\/\/gastechbaltic.lv\/#\/schema\/logo\/image\/"}}]}},"_links":{"self":[{"href":"https:\/\/gastechbaltic.lv\/en\/wp-json\/wp\/v2\/product\/3409","targetHints":{"allow":["GET"]}}],"collection":[{"href":"https:\/\/gastechbaltic.lv\/en\/wp-json\/wp\/v2\/product"}],"about":[{"href":"https:\/\/gastechbaltic.lv\/en\/wp-json\/wp\/v2\/types\/product"}],"wp:featuredmedia":[{"embeddable":true,"href":"https:\/\/gastechbaltic.lv\/en\/wp-json\/wp\/v2\/media\/3438"}],"wp:attachment":[{"href":"https:\/\/gastechbaltic.lv\/en\/wp-json\/wp\/v2\/media?parent=3409"}],"wp:term":[{"taxonomy":"product_brand","embeddable":true,"href":"https:\/\/gastechbaltic.lv\/en\/wp-json\/wp\/v2\/product_brand?post=3409"},{"taxonomy":"product_cat","embeddable":true,"href":"https:\/\/gastechbaltic.lv\/en\/wp-json\/wp\/v2\/product_cat?post=3409"},{"taxonomy":"product_tag","embeddable":true,"href":"https:\/\/gastechbaltic.lv\/en\/wp-json\/wp\/v2\/product_tag?post=3409"}],"curies":[{"name":"wp","href":"https:\/\/api.w.org\/{rel}","templated":true}]}}