{"id":3408,"date":"2025-05-28T14:32:08","date_gmt":"2025-05-28T12:32:08","guid":{"rendered":"https:\/\/gastechbaltic.lv\/?post_type=product&#038;p=3408"},"modified":"2025-09-30T15:33:37","modified_gmt":"2025-09-30T12:33:37","slug":"ub-750-v2","status":"publish","type":"product","link":"https:\/\/gastechbaltic.lv\/en\/product\/ub-750-v2\/","title":{"rendered":"UB 750 V2"},"content":{"rendered":"<p><strong><span style=\"font-family: helvetica, arial, sans-serif;\">Kombin\u0113tais uzglab\u0101\u0161anas tvert\u0146u bloks apkures un karst\u0101 \u016bdens padeves integr\u0113\u0161anai.<\/span><\/strong><\/p>\n<p><span style=\"font-family: helvetica, arial, sans-serif;\">733 litru uzglab\u0101\u0161anas tvertnes bloks ir apr\u012bkots ar diviem ner\u016bs\u0113jo\u0161\u0101 t\u0113rauda \u016bdens-\u016bdens siltummai\u0146iem, no kuriem viens ir paredz\u0113ts karst\u0101 \u016bdens sagatavo\u0161anai, bet otrs ir piem\u0113rots ener\u0123ijas integr\u0101cijai, ja tas ir savienots ar saules kolektoru vai citu ener\u0123ijas avotu. Poliuret\u0101na (PU) cieta izol\u0101cija, kuras biezums ir 70 mm (nepiecie\u0161am\u012bbas gad\u012bjum\u0101 to var demont\u0113t). Standarta anodisk\u0101s aizsardz\u012bbas sist\u0113mu veido divi magnija anodi, no kuriem viens ir novietots kr\u0101tuves aug\u0161\u0113j\u0101 da\u013c\u0101, bet otrs &#8211; apak\u0161\u0101, tuvu atlokam. \u0160o risin\u0101jumu var viegli integr\u0113t ar savu papildu komplektu. UB 750 V2 korpuss ir iepriek\u0161 sagatavots dubult\u0101s s\u016bk\u0146u stacijas uzst\u0101d\u012b\u0161anai un elektrisk\u0101s pretest\u012bbas komplekta ievieto\u0161anai.<\/span><\/p>\n<p><span style=\"font-family: helvetica, arial, sans-serif;\">Ide\u0101ls risin\u0101jums vien\u0123imenes m\u0101j\u0101m, kr\u0101tuves blokam ir 5 gadu parast\u0101 garantija.<\/span><\/p>\n\n    <div class=\"xs_social_share_widget xs_share_url after_content \t\tmain_content  wslu-style-1 wslu-share-box-shaped wslu-fill-colored wslu-none wslu-share-horizontal wslu-theme-font-no wslu-main_content\">\n\n\t\t\n        <ul>\n\t\t\t        <\/ul>\n    <\/div>","protected":false},"excerpt":{"rendered":"<p><span style=\"font-family: helvetica, Merriweather, bold; font-size: 14pt;\">Kombin\u0113t\u0101 uzglab\u0101\u0161anas tvertne.<\/span><\/p>","protected":false},"featured_media":3437,"template":"","meta":[],"product_brand":[],"product_cat":[59],"product_tag":[],"class_list":{"0":"post-3408","1":"product","2":"type-product","3":"status-publish","4":"has-post-thumbnail","6":"product_cat-karsta-udens-kombinetais-boilers","8":"first","9":"instock","10":"taxable","11":"shipping-taxable","12":"purchasable","13":"product-type-simple"},"yoast_head":"<!-- This site is optimized with the Yoast SEO plugin v25.4 - https:\/\/yoast.com\/wordpress\/plugins\/seo\/ -->\n<title>UB 750 V2 - Gastechbaltic<\/title>\n<meta name=\"robots\" content=\"index, follow, max-snippet:-1, max-image-preview:large, max-video-preview:-1\" \/>\n<link rel=\"canonical\" href=\"https:\/\/gastechbaltic.lv\/en\/product\/ub-750-v2\/\" \/>\n<meta property=\"og:locale\" content=\"en_GB\" \/>\n<meta property=\"og:type\" content=\"article\" \/>\n<meta property=\"og:title\" content=\"UB 750 V2 - Gastechbaltic\" \/>\n<meta property=\"og:description\" content=\"Kombin\u0113t\u0101 uzglab\u0101\u0161anas tvertne.\" \/>\n<meta property=\"og:url\" content=\"https:\/\/gastechbaltic.lv\/en\/product\/ub-750-v2\/\" \/>\n<meta property=\"og:site_name\" content=\"Gastechbaltic\" \/>\n<meta property=\"article:modified_time\" content=\"2025-09-30T12:33:37+00:00\" \/>\n<meta property=\"og:image\" content=\"https:\/\/gastechbaltic.lv\/wp-content\/uploads\/2025\/05\/Noformejums-bez-nosaukuma-2.jpg\" \/>\n\t<meta property=\"og:image:width\" content=\"940\" \/>\n\t<meta property=\"og:image:height\" content=\"788\" \/>\n\t<meta property=\"og:image:type\" content=\"image\/jpeg\" \/>\n<meta name=\"twitter:card\" content=\"summary_large_image\" \/>\n<meta name=\"twitter:label1\" content=\"Estimated reading time\" \/>\n\t<meta name=\"twitter:data1\" content=\"1 minute\" \/>\n<script type=\"application\/ld+json\" class=\"yoast-schema-graph\">{\"@context\":\"https:\/\/schema.org\",\"@graph\":[{\"@type\":\"WebPage\",\"@id\":\"https:\/\/gastechbaltic.lv\/product\/ub-750-v2\/\",\"url\":\"https:\/\/gastechbaltic.lv\/product\/ub-750-v2\/\",\"name\":\"UB 750 V2 - Gastechbaltic\",\"isPartOf\":{\"@id\":\"https:\/\/gastechbaltic.lv\/#website\"},\"primaryImageOfPage\":{\"@id\":\"https:\/\/gastechbaltic.lv\/product\/ub-750-v2\/#primaryimage\"},\"image\":{\"@id\":\"https:\/\/gastechbaltic.lv\/product\/ub-750-v2\/#primaryimage\"},\"thumbnailUrl\":\"https:\/\/gastechbaltic.lv\/wp-content\/uploads\/2025\/05\/Noformejums-bez-nosaukuma-2.jpg\",\"datePublished\":\"2025-05-28T12:32:08+00:00\",\"dateModified\":\"2025-09-30T12:33:37+00:00\",\"breadcrumb\":{\"@id\":\"https:\/\/gastechbaltic.lv\/product\/ub-750-v2\/#breadcrumb\"},\"inLanguage\":\"en-GB\",\"potentialAction\":[{\"@type\":\"ReadAction\",\"target\":[\"https:\/\/gastechbaltic.lv\/product\/ub-750-v2\/\"]}]},{\"@type\":\"ImageObject\",\"inLanguage\":\"en-GB\",\"@id\":\"https:\/\/gastechbaltic.lv\/product\/ub-750-v2\/#primaryimage\",\"url\":\"https:\/\/gastechbaltic.lv\/wp-content\/uploads\/2025\/05\/Noformejums-bez-nosaukuma-2.jpg\",\"contentUrl\":\"https:\/\/gastechbaltic.lv\/wp-content\/uploads\/2025\/05\/Noformejums-bez-nosaukuma-2.jpg\",\"width\":940,\"height\":788},{\"@type\":\"BreadcrumbList\",\"@id\":\"https:\/\/gastechbaltic.lv\/product\/ub-750-v2\/#breadcrumb\",\"itemListElement\":[{\"@type\":\"ListItem\",\"position\":1,\"name\":\"Home\",\"item\":\"https:\/\/gastechbaltic.lv\/\"},{\"@type\":\"ListItem\",\"position\":2,\"name\":\"Veikals\",\"item\":\"https:\/\/gastechbaltic.lv\/veikals\/\"},{\"@type\":\"ListItem\",\"position\":3,\"name\":\"UB 750 V2\"}]},{\"@type\":\"WebSite\",\"@id\":\"https:\/\/gastechbaltic.lv\/#website\",\"url\":\"https:\/\/gastechbaltic.lv\/\",\"name\":\"Gastechbaltic\",\"description\":\"\",\"publisher\":{\"@id\":\"https:\/\/gastechbaltic.lv\/#organization\"},\"potentialAction\":[{\"@type\":\"SearchAction\",\"target\":{\"@type\":\"EntryPoint\",\"urlTemplate\":\"https:\/\/gastechbaltic.lv\/?s={search_term_string}\"},\"query-input\":{\"@type\":\"PropertyValueSpecification\",\"valueRequired\":true,\"valueName\":\"search_term_string\"}}],\"inLanguage\":\"en-GB\"},{\"@type\":\"Organization\",\"@id\":\"https:\/\/gastechbaltic.lv\/#organization\",\"name\":\"Gastechbaltic\",\"url\":\"https:\/\/gastechbaltic.lv\/\",\"logo\":{\"@type\":\"ImageObject\",\"inLanguage\":\"en-GB\",\"@id\":\"https:\/\/gastechbaltic.lv\/#\/schema\/logo\/image\/\",\"url\":\"https:\/\/gastechbaltic.lv\/wp-content\/uploads\/2025\/07\/cropped-New-Project-9.png\",\"contentUrl\":\"https:\/\/gastechbaltic.lv\/wp-content\/uploads\/2025\/07\/cropped-New-Project-9.png\",\"width\":275,\"height\":91,\"caption\":\"Gastechbaltic\"},\"image\":{\"@id\":\"https:\/\/gastechbaltic.lv\/#\/schema\/logo\/image\/\"}}]}<\/script>\n<!-- \/ Yoast SEO plugin. -->","yoast_head_json":{"title":"UB 750 V2 - Gastechbaltic","robots":{"index":"index","follow":"follow","max-snippet":"max-snippet:-1","max-image-preview":"max-image-preview:large","max-video-preview":"max-video-preview:-1"},"canonical":"https:\/\/gastechbaltic.lv\/en\/product\/ub-750-v2\/","og_locale":"en_GB","og_type":"article","og_title":"UB 750 V2 - Gastechbaltic","og_description":"Kombin\u0113t\u0101 uzglab\u0101\u0161anas tvertne.","og_url":"https:\/\/gastechbaltic.lv\/en\/product\/ub-750-v2\/","og_site_name":"Gastechbaltic","article_modified_time":"2025-09-30T12:33:37+00:00","og_image":[{"width":940,"height":788,"url":"https:\/\/gastechbaltic.lv\/wp-content\/uploads\/2025\/05\/Noformejums-bez-nosaukuma-2.jpg","type":"image\/jpeg"}],"twitter_card":"summary_large_image","twitter_misc":{"Estimated reading time":"1 minute"},"schema":{"@context":"https:\/\/schema.org","@graph":[{"@type":"WebPage","@id":"https:\/\/gastechbaltic.lv\/product\/ub-750-v2\/","url":"https:\/\/gastechbaltic.lv\/product\/ub-750-v2\/","name":"UB 750 V2 - Gastechbaltic","isPartOf":{"@id":"https:\/\/gastechbaltic.lv\/#website"},"primaryImageOfPage":{"@id":"https:\/\/gastechbaltic.lv\/product\/ub-750-v2\/#primaryimage"},"image":{"@id":"https:\/\/gastechbaltic.lv\/product\/ub-750-v2\/#primaryimage"},"thumbnailUrl":"https:\/\/gastechbaltic.lv\/wp-content\/uploads\/2025\/05\/Noformejums-bez-nosaukuma-2.jpg","datePublished":"2025-05-28T12:32:08+00:00","dateModified":"2025-09-30T12:33:37+00:00","breadcrumb":{"@id":"https:\/\/gastechbaltic.lv\/product\/ub-750-v2\/#breadcrumb"},"inLanguage":"en-GB","potentialAction":[{"@type":"ReadAction","target":["https:\/\/gastechbaltic.lv\/product\/ub-750-v2\/"]}]},{"@type":"ImageObject","inLanguage":"en-GB","@id":"https:\/\/gastechbaltic.lv\/product\/ub-750-v2\/#primaryimage","url":"https:\/\/gastechbaltic.lv\/wp-content\/uploads\/2025\/05\/Noformejums-bez-nosaukuma-2.jpg","contentUrl":"https:\/\/gastechbaltic.lv\/wp-content\/uploads\/2025\/05\/Noformejums-bez-nosaukuma-2.jpg","width":940,"height":788},{"@type":"BreadcrumbList","@id":"https:\/\/gastechbaltic.lv\/product\/ub-750-v2\/#breadcrumb","itemListElement":[{"@type":"ListItem","position":1,"name":"Home","item":"https:\/\/gastechbaltic.lv\/"},{"@type":"ListItem","position":2,"name":"Veikals","item":"https:\/\/gastechbaltic.lv\/veikals\/"},{"@type":"ListItem","position":3,"name":"UB 750 V2"}]},{"@type":"WebSite","@id":"https:\/\/gastechbaltic.lv\/#website","url":"https:\/\/gastechbaltic.lv\/","name":"Gastechbaltic","description":"","publisher":{"@id":"https:\/\/gastechbaltic.lv\/#organization"},"potentialAction":[{"@type":"SearchAction","target":{"@type":"EntryPoint","urlTemplate":"https:\/\/gastechbaltic.lv\/?s={search_term_string}"},"query-input":{"@type":"PropertyValueSpecification","valueRequired":true,"valueName":"search_term_string"}}],"inLanguage":"en-GB"},{"@type":"Organization","@id":"https:\/\/gastechbaltic.lv\/#organization","name":"Gastechbaltic","url":"https:\/\/gastechbaltic.lv\/","logo":{"@type":"ImageObject","inLanguage":"en-GB","@id":"https:\/\/gastechbaltic.lv\/#\/schema\/logo\/image\/","url":"https:\/\/gastechbaltic.lv\/wp-content\/uploads\/2025\/07\/cropped-New-Project-9.png","contentUrl":"https:\/\/gastechbaltic.lv\/wp-content\/uploads\/2025\/07\/cropped-New-Project-9.png","width":275,"height":91,"caption":"Gastechbaltic"},"image":{"@id":"https:\/\/gastechbaltic.lv\/#\/schema\/logo\/image\/"}}]}},"_links":{"self":[{"href":"https:\/\/gastechbaltic.lv\/en\/wp-json\/wp\/v2\/product\/3408","targetHints":{"allow":["GET"]}}],"collection":[{"href":"https:\/\/gastechbaltic.lv\/en\/wp-json\/wp\/v2\/product"}],"about":[{"href":"https:\/\/gastechbaltic.lv\/en\/wp-json\/wp\/v2\/types\/product"}],"wp:featuredmedia":[{"embeddable":true,"href":"https:\/\/gastechbaltic.lv\/en\/wp-json\/wp\/v2\/media\/3437"}],"wp:attachment":[{"href":"https:\/\/gastechbaltic.lv\/en\/wp-json\/wp\/v2\/media?parent=3408"}],"wp:term":[{"taxonomy":"product_brand","embeddable":true,"href":"https:\/\/gastechbaltic.lv\/en\/wp-json\/wp\/v2\/product_brand?post=3408"},{"taxonomy":"product_cat","embeddable":true,"href":"https:\/\/gastechbaltic.lv\/en\/wp-json\/wp\/v2\/product_cat?post=3408"},{"taxonomy":"product_tag","embeddable":true,"href":"https:\/\/gastechbaltic.lv\/en\/wp-json\/wp\/v2\/product_tag?post=3408"}],"curies":[{"name":"wp","href":"https:\/\/api.w.org\/{rel}","templated":true}]}}