{"id":3407,"date":"2025-05-28T14:32:08","date_gmt":"2025-05-28T12:32:08","guid":{"rendered":"https:\/\/gastechbaltic.lv\/?post_type=product&#038;p=3407"},"modified":"2025-09-30T15:48:07","modified_gmt":"2025-09-30T12:48:07","slug":"hydro-4-v2","status":"publish","type":"product","link":"https:\/\/gastechbaltic.lv\/en\/product\/hydro-4-v2\/","title":{"rendered":"HYDRO 4 V2"},"content":{"rendered":"<p><span style=\"font-family: helvetica, arial, sans-serif;\">Tie var tikt kombin\u0113ti ar hibr\u012bdsist\u0113m\u0101m un siltums\u016bk\u0146iem, lai papildin\u0101tu Immergas pied\u0101v\u0101jumu un nodro\u0161in\u0101tu komfortablu temperat\u016bru (apkuri un dzes\u0113\u0161anu).<\/span><\/p>\n<p><span style=\"font-family: helvetica, arial, sans-serif;\">Mikroprocesora vad\u012bba, lai nodro\u0161in\u0101tu optim\u0101lu vides komfortu; visu funkciju vad\u012bba, izmantojot LCD t\u0101lvad\u012bbas pulti, kas ir standarta komplekt\u0101cij\u0101.<\/span><\/p>\n<p><span style=\"font-family: helvetica, arial, sans-serif;\">Standarta tr\u012bsce\u013cu v\u0101rsts ar mikro sl\u0113dzi piepras\u012bjuma nodo\u0161anai hibr\u012bdsist\u0113mai vai siltums\u016bknim.<\/span><\/p>\n<p><span style=\"font-family: helvetica, arial, sans-serif;\">\u016adens siltummainis ar lielu apmai\u0146as virsmu, ar kondens\u0101ta novad\u012b\u0161anu un gaisa izpl\u016bdes v\u0101rstu.<\/span><\/p>\n<p><span style=\"font-family: helvetica, arial, sans-serif;\">Standarta komplekt\u0101cij\u0101 ir \u016bdens zonde un gaisa zonde.<\/span><\/p>\n<p><span style=\"font-family: helvetica, arial, sans-serif;\">Horizont\u0101li un vertik\u0101li virziena v\u0113ja deflektori<\/span><\/p>\n<p><span style=\"font-family: helvetica, arial, sans-serif;\">dzes\u0113\u0161anas un sild\u012b\u0161anas regul\u0113\u0161ana ar 3 ventilatora \u0101trumiem un autom\u0101tisko re\u017e\u012bmu.<\/span><\/p>\n<p><span style=\"font-family: helvetica, arial, sans-serif;\">No ABS izgatavoti bloki ar augst\u0101m meh\u0101nisk\u0101m \u012bpa\u0161\u012bb\u0101m.<\/span><\/p>\n<p><span style=\"font-family: helvetica, arial, sans-serif;\">Standarta lab\u0101s puses cauru\u013cvads.<\/span><\/p>\n\n    <div class=\"xs_social_share_widget xs_share_url after_content \t\tmain_content  wslu-style-1 wslu-share-box-shaped wslu-fill-colored wslu-none wslu-share-horizontal wslu-theme-font-no wslu-main_content\">\n\n\t\t\n        <ul>\n\t\t\t        <\/ul>\n    <\/div>","protected":false},"excerpt":{"rendered":"<p><span style=\"font-family: helvetica, arial, sans-serif; font-size: 14pt;\">Sienas hidrauliskais kondicionieris.<\/span><\/p>\n<div style=\"display: flex; align-items: center;\">\n<p>&nbsp;<\/p>\n<ul>\n<li style=\"flex: 0 0 70%; text-align: left;\"><span style=\"font-size: 14pt;\">JAUNS, MODERNS DIZAINS<\/span><\/li>\n<li style=\"flex: 0 0 70%; text-align: left;\"><span style=\"font-size: 14pt;\">STANDARTA TERMOREGUL\u0100CIJA<\/span><\/li>\n<li style=\"flex: 0 0 70%; text-align: left;\"><span style=\"font-size: 14pt;\">SILD\u012a\u0160ANAS UN DZES\u0112\u0160ANAS SIST\u0112MA<\/span><\/li>\n<\/ul>\n<\/div>\n<div style=\"display: flex; align-items: center;\">\n<p>&nbsp;<\/p>\n<\/div>\n<div style=\"display: flex; align-items: center;\">\n<p>&nbsp;<\/p>\n<\/div>","protected":false},"featured_media":3436,"template":"","meta":[],"product_brand":[],"product_cat":[53],"product_tag":[],"class_list":{"0":"post-3407","1":"product","2":"type-product","3":"status-publish","4":"has-post-thumbnail","6":"product_cat-kondicionieri","8":"first","9":"instock","10":"taxable","11":"shipping-taxable","12":"product-type-simple"},"yoast_head":"<!-- This site is optimized with the Yoast SEO plugin v25.4 - https:\/\/yoast.com\/wordpress\/plugins\/seo\/ -->\n<title>HYDRO 4 V2 - Gastechbaltic<\/title>\n<meta name=\"robots\" content=\"index, follow, max-snippet:-1, max-image-preview:large, max-video-preview:-1\" \/>\n<link rel=\"canonical\" href=\"https:\/\/gastechbaltic.lv\/en\/product\/hydro-4-v2\/\" \/>\n<meta property=\"og:locale\" content=\"en_GB\" \/>\n<meta property=\"og:type\" content=\"article\" \/>\n<meta property=\"og:title\" content=\"HYDRO 4 V2 - Gastechbaltic\" \/>\n<meta property=\"og:description\" content=\"Sienas hidrauliskais kondicionieris.   &nbsp;   JAUNS, MODERNS DIZAINS  STANDARTA TERMOREGUL\u0100CIJA  SILD\u012a\u0160ANAS UN DZES\u0112\u0160ANAS SIST\u0112MA     &nbsp;     &nbsp;\" \/>\n<meta property=\"og:url\" content=\"https:\/\/gastechbaltic.lv\/en\/product\/hydro-4-v2\/\" \/>\n<meta property=\"og:site_name\" content=\"Gastechbaltic\" \/>\n<meta property=\"article:modified_time\" content=\"2025-09-30T12:48:07+00:00\" \/>\n<meta property=\"og:image\" content=\"https:\/\/gastechbaltic.lv\/wp-content\/uploads\/2025\/05\/Noformejums-bez-nosaukuma.jpg\" \/>\n\t<meta property=\"og:image:width\" content=\"940\" \/>\n\t<meta property=\"og:image:height\" content=\"788\" \/>\n\t<meta property=\"og:image:type\" content=\"image\/jpeg\" \/>\n<meta name=\"twitter:card\" content=\"summary_large_image\" \/>\n<meta name=\"twitter:label1\" content=\"Estimated reading time\" \/>\n\t<meta name=\"twitter:data1\" content=\"1 minute\" \/>\n<script type=\"application\/ld+json\" class=\"yoast-schema-graph\">{\"@context\":\"https:\/\/schema.org\",\"@graph\":[{\"@type\":\"WebPage\",\"@id\":\"https:\/\/gastechbaltic.lv\/product\/hydro-4-v2\/\",\"url\":\"https:\/\/gastechbaltic.lv\/product\/hydro-4-v2\/\",\"name\":\"HYDRO 4 V2 - Gastechbaltic\",\"isPartOf\":{\"@id\":\"https:\/\/gastechbaltic.lv\/#website\"},\"primaryImageOfPage\":{\"@id\":\"https:\/\/gastechbaltic.lv\/product\/hydro-4-v2\/#primaryimage\"},\"image\":{\"@id\":\"https:\/\/gastechbaltic.lv\/product\/hydro-4-v2\/#primaryimage\"},\"thumbnailUrl\":\"https:\/\/gastechbaltic.lv\/wp-content\/uploads\/2025\/05\/Noformejums-bez-nosaukuma.jpg\",\"datePublished\":\"2025-05-28T12:32:08+00:00\",\"dateModified\":\"2025-09-30T12:48:07+00:00\",\"breadcrumb\":{\"@id\":\"https:\/\/gastechbaltic.lv\/product\/hydro-4-v2\/#breadcrumb\"},\"inLanguage\":\"en-GB\",\"potentialAction\":[{\"@type\":\"ReadAction\",\"target\":[\"https:\/\/gastechbaltic.lv\/product\/hydro-4-v2\/\"]}]},{\"@type\":\"ImageObject\",\"inLanguage\":\"en-GB\",\"@id\":\"https:\/\/gastechbaltic.lv\/product\/hydro-4-v2\/#primaryimage\",\"url\":\"https:\/\/gastechbaltic.lv\/wp-content\/uploads\/2025\/05\/Noformejums-bez-nosaukuma.jpg\",\"contentUrl\":\"https:\/\/gastechbaltic.lv\/wp-content\/uploads\/2025\/05\/Noformejums-bez-nosaukuma.jpg\",\"width\":940,\"height\":788},{\"@type\":\"BreadcrumbList\",\"@id\":\"https:\/\/gastechbaltic.lv\/product\/hydro-4-v2\/#breadcrumb\",\"itemListElement\":[{\"@type\":\"ListItem\",\"position\":1,\"name\":\"Home\",\"item\":\"https:\/\/gastechbaltic.lv\/\"},{\"@type\":\"ListItem\",\"position\":2,\"name\":\"Veikals\",\"item\":\"https:\/\/gastechbaltic.lv\/veikals\/\"},{\"@type\":\"ListItem\",\"position\":3,\"name\":\"HYDRO 4 V2\"}]},{\"@type\":\"WebSite\",\"@id\":\"https:\/\/gastechbaltic.lv\/#website\",\"url\":\"https:\/\/gastechbaltic.lv\/\",\"name\":\"Gastechbaltic\",\"description\":\"\",\"publisher\":{\"@id\":\"https:\/\/gastechbaltic.lv\/#organization\"},\"potentialAction\":[{\"@type\":\"SearchAction\",\"target\":{\"@type\":\"EntryPoint\",\"urlTemplate\":\"https:\/\/gastechbaltic.lv\/?s={search_term_string}\"},\"query-input\":{\"@type\":\"PropertyValueSpecification\",\"valueRequired\":true,\"valueName\":\"search_term_string\"}}],\"inLanguage\":\"en-GB\"},{\"@type\":\"Organization\",\"@id\":\"https:\/\/gastechbaltic.lv\/#organization\",\"name\":\"Gastechbaltic\",\"url\":\"https:\/\/gastechbaltic.lv\/\",\"logo\":{\"@type\":\"ImageObject\",\"inLanguage\":\"en-GB\",\"@id\":\"https:\/\/gastechbaltic.lv\/#\/schema\/logo\/image\/\",\"url\":\"https:\/\/gastechbaltic.lv\/wp-content\/uploads\/2025\/07\/cropped-New-Project-9.png\",\"contentUrl\":\"https:\/\/gastechbaltic.lv\/wp-content\/uploads\/2025\/07\/cropped-New-Project-9.png\",\"width\":275,\"height\":91,\"caption\":\"Gastechbaltic\"},\"image\":{\"@id\":\"https:\/\/gastechbaltic.lv\/#\/schema\/logo\/image\/\"}}]}<\/script>\n<!-- \/ Yoast SEO plugin. -->","yoast_head_json":{"title":"HYDRO 4 V2 - Gastechbaltic","robots":{"index":"index","follow":"follow","max-snippet":"max-snippet:-1","max-image-preview":"max-image-preview:large","max-video-preview":"max-video-preview:-1"},"canonical":"https:\/\/gastechbaltic.lv\/en\/product\/hydro-4-v2\/","og_locale":"en_GB","og_type":"article","og_title":"HYDRO 4 V2 - Gastechbaltic","og_description":"Sienas hidrauliskais kondicionieris.   &nbsp;   JAUNS, MODERNS DIZAINS  STANDARTA TERMOREGUL\u0100CIJA  SILD\u012a\u0160ANAS UN DZES\u0112\u0160ANAS SIST\u0112MA     &nbsp;     &nbsp;","og_url":"https:\/\/gastechbaltic.lv\/en\/product\/hydro-4-v2\/","og_site_name":"Gastechbaltic","article_modified_time":"2025-09-30T12:48:07+00:00","og_image":[{"width":940,"height":788,"url":"https:\/\/gastechbaltic.lv\/wp-content\/uploads\/2025\/05\/Noformejums-bez-nosaukuma.jpg","type":"image\/jpeg"}],"twitter_card":"summary_large_image","twitter_misc":{"Estimated reading time":"1 minute"},"schema":{"@context":"https:\/\/schema.org","@graph":[{"@type":"WebPage","@id":"https:\/\/gastechbaltic.lv\/product\/hydro-4-v2\/","url":"https:\/\/gastechbaltic.lv\/product\/hydro-4-v2\/","name":"HYDRO 4 V2 - Gastechbaltic","isPartOf":{"@id":"https:\/\/gastechbaltic.lv\/#website"},"primaryImageOfPage":{"@id":"https:\/\/gastechbaltic.lv\/product\/hydro-4-v2\/#primaryimage"},"image":{"@id":"https:\/\/gastechbaltic.lv\/product\/hydro-4-v2\/#primaryimage"},"thumbnailUrl":"https:\/\/gastechbaltic.lv\/wp-content\/uploads\/2025\/05\/Noformejums-bez-nosaukuma.jpg","datePublished":"2025-05-28T12:32:08+00:00","dateModified":"2025-09-30T12:48:07+00:00","breadcrumb":{"@id":"https:\/\/gastechbaltic.lv\/product\/hydro-4-v2\/#breadcrumb"},"inLanguage":"en-GB","potentialAction":[{"@type":"ReadAction","target":["https:\/\/gastechbaltic.lv\/product\/hydro-4-v2\/"]}]},{"@type":"ImageObject","inLanguage":"en-GB","@id":"https:\/\/gastechbaltic.lv\/product\/hydro-4-v2\/#primaryimage","url":"https:\/\/gastechbaltic.lv\/wp-content\/uploads\/2025\/05\/Noformejums-bez-nosaukuma.jpg","contentUrl":"https:\/\/gastechbaltic.lv\/wp-content\/uploads\/2025\/05\/Noformejums-bez-nosaukuma.jpg","width":940,"height":788},{"@type":"BreadcrumbList","@id":"https:\/\/gastechbaltic.lv\/product\/hydro-4-v2\/#breadcrumb","itemListElement":[{"@type":"ListItem","position":1,"name":"Home","item":"https:\/\/gastechbaltic.lv\/"},{"@type":"ListItem","position":2,"name":"Veikals","item":"https:\/\/gastechbaltic.lv\/veikals\/"},{"@type":"ListItem","position":3,"name":"HYDRO 4 V2"}]},{"@type":"WebSite","@id":"https:\/\/gastechbaltic.lv\/#website","url":"https:\/\/gastechbaltic.lv\/","name":"Gastechbaltic","description":"","publisher":{"@id":"https:\/\/gastechbaltic.lv\/#organization"},"potentialAction":[{"@type":"SearchAction","target":{"@type":"EntryPoint","urlTemplate":"https:\/\/gastechbaltic.lv\/?s={search_term_string}"},"query-input":{"@type":"PropertyValueSpecification","valueRequired":true,"valueName":"search_term_string"}}],"inLanguage":"en-GB"},{"@type":"Organization","@id":"https:\/\/gastechbaltic.lv\/#organization","name":"Gastechbaltic","url":"https:\/\/gastechbaltic.lv\/","logo":{"@type":"ImageObject","inLanguage":"en-GB","@id":"https:\/\/gastechbaltic.lv\/#\/schema\/logo\/image\/","url":"https:\/\/gastechbaltic.lv\/wp-content\/uploads\/2025\/07\/cropped-New-Project-9.png","contentUrl":"https:\/\/gastechbaltic.lv\/wp-content\/uploads\/2025\/07\/cropped-New-Project-9.png","width":275,"height":91,"caption":"Gastechbaltic"},"image":{"@id":"https:\/\/gastechbaltic.lv\/#\/schema\/logo\/image\/"}}]}},"_links":{"self":[{"href":"https:\/\/gastechbaltic.lv\/en\/wp-json\/wp\/v2\/product\/3407","targetHints":{"allow":["GET"]}}],"collection":[{"href":"https:\/\/gastechbaltic.lv\/en\/wp-json\/wp\/v2\/product"}],"about":[{"href":"https:\/\/gastechbaltic.lv\/en\/wp-json\/wp\/v2\/types\/product"}],"wp:featuredmedia":[{"embeddable":true,"href":"https:\/\/gastechbaltic.lv\/en\/wp-json\/wp\/v2\/media\/3436"}],"wp:attachment":[{"href":"https:\/\/gastechbaltic.lv\/en\/wp-json\/wp\/v2\/media?parent=3407"}],"wp:term":[{"taxonomy":"product_brand","embeddable":true,"href":"https:\/\/gastechbaltic.lv\/en\/wp-json\/wp\/v2\/product_brand?post=3407"},{"taxonomy":"product_cat","embeddable":true,"href":"https:\/\/gastechbaltic.lv\/en\/wp-json\/wp\/v2\/product_cat?post=3407"},{"taxonomy":"product_tag","embeddable":true,"href":"https:\/\/gastechbaltic.lv\/en\/wp-json\/wp\/v2\/product_tag?post=3407"}],"curies":[{"name":"wp","href":"https:\/\/api.w.org\/{rel}","templated":true}]}}