{"id":3406,"date":"2025-05-28T14:32:08","date_gmt":"2025-05-28T12:32:08","guid":{"rendered":"https:\/\/gastechbaltic.lv\/?post_type=product&#038;p=3406"},"modified":"2025-09-30T16:19:11","modified_gmt":"2025-09-30T13:19:11","slug":"magis-hercules-pro-12","status":"publish","type":"product","link":"https:\/\/gastechbaltic.lv\/en\/product\/magis-hercules-pro-12\/","title":{"rendered":"MAGIS HERCULES PRO 12"},"content":{"rendered":"<p><span style=\"font-family: helvetica, arial, sans-serif;\"><strong>PROGRES\u012aVI RISIN\u0100JUMI JAUNB\u016aV\u0112M<\/strong><\/span><\/p>\n<p><span style=\"font-family: helvetica, arial, sans-serif;\">MAGIS HERCULES PRO pied\u0101v\u0101 pla\u0161u mode\u013cu kl\u0101stu: 4, 6, 9 kW vienf\u0101zes ar R32 aukstuma g\u0101zi.<\/span><\/p>\n<p><span style=\"font-family: helvetica, arial, sans-serif;\">un vienf\u0101zes vai tr\u012bsf\u0101zes ar aukstuma g\u0101zi R410A 12, 14, 16 kW.<\/span><\/p>\n<p><span style=\"font-family: helvetica, arial, sans-serif;\">T\u0101s ir \u013coti efekt\u012bvas iek\u0101rtas, kas ir ide\u0101li piem\u0113rotas, lai ieg\u016btu augst\u0101ko ener\u0123ijas klasi jaun\u0101s dz\u012bvojam\u0101s \u0113k\u0101s.<\/span><\/p>\n<p><span style=\"font-family: helvetica, arial, sans-serif;\">lielu izm\u0113ru \u0113k\u0101s pat tad, ja \u0101r\u0113j\u0101 temperat\u016bra m\u0113dz b\u016bt \u012bpa\u0161i zema.<\/span><\/p>\n<p><span style=\"font-family: helvetica, arial, sans-serif;\"><strong>&#8220;VISS VIEN\u0100&#8221;, LAI ATVIEGLOTU UZST\u0100D\u012a\u0160ANU<\/strong><\/span><\/p>\n<p><span style=\"font-family: helvetica, arial, sans-serif;\">MAGIS HERCULES PRO ier\u012bces &#8220;viss vien\u0101&#8221; ir viegli mont\u0113jamas, jo t\u0101s apvieno vien\u0101 ier\u012bc\u0113.<\/span><\/p>\n<p><span style=\"font-family: helvetica, arial, sans-serif;\">Korpusa, 235 litru karst\u0101 \u016bdens rezervu\u0101ru un iesp\u0113ju p\u0101rvald\u012bt sist\u0113mas l\u012bdz pat 3 zon\u0101m, un tas<\/span><\/p>\n<p><span style=\"font-family: helvetica, arial, sans-serif;\">viss ar piln\u012bgu piederumu kl\u0101stu. Piez\u012bme &#8220;PRO&#8221; nor\u0101da uz pras\u012bbu, ka uzst\u0101d\u012b\u0161anu veic profesion\u0101\u013ci.<\/span><\/p>\n<p><span style=\"font-family: helvetica, arial, sans-serif;\">F-GAS sertifik\u0101ts dzes\u0113\u0161anas savienojumiem starp 2 blokiem.<\/span><\/p>\n<p><span style=\"font-family: helvetica, arial, sans-serif;\"><strong>AIZSARG\u0100TS PRET SALU<\/strong><\/span><\/p>\n<p><span style=\"font-family: helvetica, arial, sans-serif;\">\u016adens kont\u016brs ir piln\u012bb\u0101 pasarg\u0101ts no sala, jo tas atrodas iek\u0161\u0113j\u0101 blok\u0101:<\/span><\/p>\n<p><span style=\"font-family: helvetica, arial, sans-serif;\">risin\u0101jums \u012bpa\u0161i piem\u0113rots aukst\u0101 klimat\u0101.<\/span><\/p>\n<p><span style=\"font-family: helvetica, arial, sans-serif;\">MAKSIM\u0100LI PALIELINIET IETAUP\u012aJUMUS AR FOTOELEMENTU SIST\u0112M\u0100M<\/span><\/p>\n<p><span style=\"font-family: helvetica, arial, sans-serif;\">MAGIS HERCULES PRO visefekt\u012bv\u0101kaj\u0101 veid\u0101 apvienojas ar fotoelementu sist\u0113m\u0101m un \u013cauj ieg\u016bt<\/span><\/p>\n<p><span style=\"font-family: helvetica, arial, sans-serif;\">m\u0101jsaimniec\u012bbas karsto \u016bdeni, apkuri un dzes\u0113\u0161anu, izmantojot bezmaksas saules ener\u0123iju.<\/span><\/p>\n\n    <div class=\"xs_social_share_widget xs_share_url after_content \t\tmain_content  wslu-style-1 wslu-share-box-shaped wslu-fill-colored wslu-none wslu-share-horizontal wslu-theme-font-no wslu-main_content\">\n\n\t\t\n        <ul>\n\t\t\t        <\/ul>\n    <\/div>","protected":false},"excerpt":{"rendered":"<p>Izklied\u0113t\u0101 tipa atgriezeniska gaisa-\u016bdens invertora tipa siltums\u016bk\u0146a sist\u0113ma, ko veido \u0101r\u0113jais bloks un gr\u012bdas iek\u0161\u0113jais bloks.<\/p>\n<div style=\"display: flex; align-items: center;\">\n<p>&nbsp;<\/p>\n<ul>\n<li style=\"flex: 0 0 70%; text-align: left;\"><span style=\"font-size: 14pt; font-family: helvetica, arial, sans-serif;\">3 ZVAIG\u017d\u0145U SANIT\u0100R\u0100 KOMFORTA MAR\u0136\u0112JUMS<\/span><\/li>\n<li style=\"flex: 0 0 70%; text-align: left;\"><span style=\"font-size: 14pt; font-family: helvetica, arial, sans-serif;\">IDE\u0100LI PIEM\u0112ROTS JAUNB\u016aV\u0112M<\/span><\/li>\n<li style=\"flex: 0 0 70%; text-align: left;\"><span style=\"font-size: 14pt; font-family: helvetica, arial, sans-serif;\">APKURE UN DZES\u0112\u0160ANA<\/span><\/li>\n<\/ul>\n<\/div>\n<div style=\"display: flex; align-items: center;\">\n<p>&nbsp;<\/p>\n<\/div>\n<div style=\"display: flex; align-items: center;\">\n<p>&nbsp;<\/p>\n<\/div>","protected":false},"featured_media":3435,"template":"","meta":[],"product_brand":[],"product_cat":[54],"product_tag":[],"class_list":{"0":"post-3406","1":"product","2":"type-product","3":"status-publish","4":"has-post-thumbnail","6":"product_cat-siltumsukni","8":"first","9":"instock","10":"taxable","11":"shipping-taxable","12":"purchasable","13":"product-type-simple"},"yoast_head":"<!-- This site is optimized with the Yoast SEO plugin v25.4 - https:\/\/yoast.com\/wordpress\/plugins\/seo\/ -->\n<title>MAGIS HERCULES PRO 12 - Gastechbaltic<\/title>\n<meta name=\"robots\" content=\"index, follow, max-snippet:-1, max-image-preview:large, max-video-preview:-1\" \/>\n<link rel=\"canonical\" href=\"https:\/\/gastechbaltic.lv\/en\/product\/magis-hercules-pro-12\/\" \/>\n<meta property=\"og:locale\" content=\"en_GB\" \/>\n<meta property=\"og:type\" content=\"article\" \/>\n<meta property=\"og:title\" content=\"MAGIS HERCULES PRO 12 - Gastechbaltic\" \/>\n<meta property=\"og:description\" content=\"Izklied\u0113t\u0101 tipa atgriezeniska gaisa-\u016bdens invertora tipa siltums\u016bk\u0146a sist\u0113ma, ko veido \u0101r\u0113jais bloks un gr\u012bdas iek\u0161\u0113jais bloks.   &nbsp;   3 ZVAIG\u017d\u0145U SANIT\u0100R\u0100 KOMFORTA MAR\u0136\u0112JUMS  IDE\u0100LI PIEM\u0112ROTS JAUNB\u016aV\u0112M  APKURE UN DZES\u0112\u0160ANA     &nbsp;     &nbsp;\" \/>\n<meta property=\"og:url\" content=\"https:\/\/gastechbaltic.lv\/en\/product\/magis-hercules-pro-12\/\" \/>\n<meta property=\"og:site_name\" content=\"Gastechbaltic\" \/>\n<meta property=\"article:modified_time\" content=\"2025-09-30T13:19:11+00:00\" \/>\n<meta property=\"og:image\" content=\"https:\/\/gastechbaltic.lv\/wp-content\/uploads\/2025\/05\/MAGIS-HERCULES-PRO-12.png\" \/>\n\t<meta property=\"og:image:width\" content=\"533\" \/>\n\t<meta property=\"og:image:height\" content=\"710\" \/>\n\t<meta property=\"og:image:type\" content=\"image\/png\" \/>\n<meta name=\"twitter:card\" content=\"summary_large_image\" \/>\n<meta name=\"twitter:label1\" content=\"Estimated reading time\" \/>\n\t<meta name=\"twitter:data1\" content=\"2 minutes\" \/>\n<script type=\"application\/ld+json\" class=\"yoast-schema-graph\">{\"@context\":\"https:\/\/schema.org\",\"@graph\":[{\"@type\":\"WebPage\",\"@id\":\"https:\/\/gastechbaltic.lv\/product\/magis-hercules-pro-12\/\",\"url\":\"https:\/\/gastechbaltic.lv\/product\/magis-hercules-pro-12\/\",\"name\":\"MAGIS HERCULES PRO 12 - Gastechbaltic\",\"isPartOf\":{\"@id\":\"https:\/\/gastechbaltic.lv\/#website\"},\"primaryImageOfPage\":{\"@id\":\"https:\/\/gastechbaltic.lv\/product\/magis-hercules-pro-12\/#primaryimage\"},\"image\":{\"@id\":\"https:\/\/gastechbaltic.lv\/product\/magis-hercules-pro-12\/#primaryimage\"},\"thumbnailUrl\":\"https:\/\/gastechbaltic.lv\/wp-content\/uploads\/2025\/05\/MAGIS-HERCULES-PRO-12.png\",\"datePublished\":\"2025-05-28T12:32:08+00:00\",\"dateModified\":\"2025-09-30T13:19:11+00:00\",\"breadcrumb\":{\"@id\":\"https:\/\/gastechbaltic.lv\/product\/magis-hercules-pro-12\/#breadcrumb\"},\"inLanguage\":\"en-GB\",\"potentialAction\":[{\"@type\":\"ReadAction\",\"target\":[\"https:\/\/gastechbaltic.lv\/product\/magis-hercules-pro-12\/\"]}]},{\"@type\":\"ImageObject\",\"inLanguage\":\"en-GB\",\"@id\":\"https:\/\/gastechbaltic.lv\/product\/magis-hercules-pro-12\/#primaryimage\",\"url\":\"https:\/\/gastechbaltic.lv\/wp-content\/uploads\/2025\/05\/MAGIS-HERCULES-PRO-12.png\",\"contentUrl\":\"https:\/\/gastechbaltic.lv\/wp-content\/uploads\/2025\/05\/MAGIS-HERCULES-PRO-12.png\",\"width\":533,\"height\":710},{\"@type\":\"BreadcrumbList\",\"@id\":\"https:\/\/gastechbaltic.lv\/product\/magis-hercules-pro-12\/#breadcrumb\",\"itemListElement\":[{\"@type\":\"ListItem\",\"position\":1,\"name\":\"Home\",\"item\":\"https:\/\/gastechbaltic.lv\/\"},{\"@type\":\"ListItem\",\"position\":2,\"name\":\"Veikals\",\"item\":\"https:\/\/gastechbaltic.lv\/veikals\/\"},{\"@type\":\"ListItem\",\"position\":3,\"name\":\"MAGIS HERCULES PRO 12\"}]},{\"@type\":\"WebSite\",\"@id\":\"https:\/\/gastechbaltic.lv\/#website\",\"url\":\"https:\/\/gastechbaltic.lv\/\",\"name\":\"Gastechbaltic\",\"description\":\"\",\"publisher\":{\"@id\":\"https:\/\/gastechbaltic.lv\/#organization\"},\"potentialAction\":[{\"@type\":\"SearchAction\",\"target\":{\"@type\":\"EntryPoint\",\"urlTemplate\":\"https:\/\/gastechbaltic.lv\/?s={search_term_string}\"},\"query-input\":{\"@type\":\"PropertyValueSpecification\",\"valueRequired\":true,\"valueName\":\"search_term_string\"}}],\"inLanguage\":\"en-GB\"},{\"@type\":\"Organization\",\"@id\":\"https:\/\/gastechbaltic.lv\/#organization\",\"name\":\"Gastechbaltic\",\"url\":\"https:\/\/gastechbaltic.lv\/\",\"logo\":{\"@type\":\"ImageObject\",\"inLanguage\":\"en-GB\",\"@id\":\"https:\/\/gastechbaltic.lv\/#\/schema\/logo\/image\/\",\"url\":\"https:\/\/gastechbaltic.lv\/wp-content\/uploads\/2025\/07\/cropped-New-Project-9.png\",\"contentUrl\":\"https:\/\/gastechbaltic.lv\/wp-content\/uploads\/2025\/07\/cropped-New-Project-9.png\",\"width\":275,\"height\":91,\"caption\":\"Gastechbaltic\"},\"image\":{\"@id\":\"https:\/\/gastechbaltic.lv\/#\/schema\/logo\/image\/\"}}]}<\/script>\n<!-- \/ Yoast SEO plugin. -->","yoast_head_json":{"title":"MAGIS HERCULES PRO 12 - Gastechbaltic","robots":{"index":"index","follow":"follow","max-snippet":"max-snippet:-1","max-image-preview":"max-image-preview:large","max-video-preview":"max-video-preview:-1"},"canonical":"https:\/\/gastechbaltic.lv\/en\/product\/magis-hercules-pro-12\/","og_locale":"en_GB","og_type":"article","og_title":"MAGIS HERCULES PRO 12 - Gastechbaltic","og_description":"Izklied\u0113t\u0101 tipa atgriezeniska gaisa-\u016bdens invertora tipa siltums\u016bk\u0146a sist\u0113ma, ko veido \u0101r\u0113jais bloks un gr\u012bdas iek\u0161\u0113jais bloks.   &nbsp;   3 ZVAIG\u017d\u0145U SANIT\u0100R\u0100 KOMFORTA MAR\u0136\u0112JUMS  IDE\u0100LI PIEM\u0112ROTS JAUNB\u016aV\u0112M  APKURE UN DZES\u0112\u0160ANA     &nbsp;     &nbsp;","og_url":"https:\/\/gastechbaltic.lv\/en\/product\/magis-hercules-pro-12\/","og_site_name":"Gastechbaltic","article_modified_time":"2025-09-30T13:19:11+00:00","og_image":[{"width":533,"height":710,"url":"https:\/\/gastechbaltic.lv\/wp-content\/uploads\/2025\/05\/MAGIS-HERCULES-PRO-12.png","type":"image\/png"}],"twitter_card":"summary_large_image","twitter_misc":{"Estimated reading time":"2 minutes"},"schema":{"@context":"https:\/\/schema.org","@graph":[{"@type":"WebPage","@id":"https:\/\/gastechbaltic.lv\/product\/magis-hercules-pro-12\/","url":"https:\/\/gastechbaltic.lv\/product\/magis-hercules-pro-12\/","name":"MAGIS HERCULES PRO 12 - Gastechbaltic","isPartOf":{"@id":"https:\/\/gastechbaltic.lv\/#website"},"primaryImageOfPage":{"@id":"https:\/\/gastechbaltic.lv\/product\/magis-hercules-pro-12\/#primaryimage"},"image":{"@id":"https:\/\/gastechbaltic.lv\/product\/magis-hercules-pro-12\/#primaryimage"},"thumbnailUrl":"https:\/\/gastechbaltic.lv\/wp-content\/uploads\/2025\/05\/MAGIS-HERCULES-PRO-12.png","datePublished":"2025-05-28T12:32:08+00:00","dateModified":"2025-09-30T13:19:11+00:00","breadcrumb":{"@id":"https:\/\/gastechbaltic.lv\/product\/magis-hercules-pro-12\/#breadcrumb"},"inLanguage":"en-GB","potentialAction":[{"@type":"ReadAction","target":["https:\/\/gastechbaltic.lv\/product\/magis-hercules-pro-12\/"]}]},{"@type":"ImageObject","inLanguage":"en-GB","@id":"https:\/\/gastechbaltic.lv\/product\/magis-hercules-pro-12\/#primaryimage","url":"https:\/\/gastechbaltic.lv\/wp-content\/uploads\/2025\/05\/MAGIS-HERCULES-PRO-12.png","contentUrl":"https:\/\/gastechbaltic.lv\/wp-content\/uploads\/2025\/05\/MAGIS-HERCULES-PRO-12.png","width":533,"height":710},{"@type":"BreadcrumbList","@id":"https:\/\/gastechbaltic.lv\/product\/magis-hercules-pro-12\/#breadcrumb","itemListElement":[{"@type":"ListItem","position":1,"name":"Home","item":"https:\/\/gastechbaltic.lv\/"},{"@type":"ListItem","position":2,"name":"Veikals","item":"https:\/\/gastechbaltic.lv\/veikals\/"},{"@type":"ListItem","position":3,"name":"MAGIS HERCULES PRO 12"}]},{"@type":"WebSite","@id":"https:\/\/gastechbaltic.lv\/#website","url":"https:\/\/gastechbaltic.lv\/","name":"Gastechbaltic","description":"","publisher":{"@id":"https:\/\/gastechbaltic.lv\/#organization"},"potentialAction":[{"@type":"SearchAction","target":{"@type":"EntryPoint","urlTemplate":"https:\/\/gastechbaltic.lv\/?s={search_term_string}"},"query-input":{"@type":"PropertyValueSpecification","valueRequired":true,"valueName":"search_term_string"}}],"inLanguage":"en-GB"},{"@type":"Organization","@id":"https:\/\/gastechbaltic.lv\/#organization","name":"Gastechbaltic","url":"https:\/\/gastechbaltic.lv\/","logo":{"@type":"ImageObject","inLanguage":"en-GB","@id":"https:\/\/gastechbaltic.lv\/#\/schema\/logo\/image\/","url":"https:\/\/gastechbaltic.lv\/wp-content\/uploads\/2025\/07\/cropped-New-Project-9.png","contentUrl":"https:\/\/gastechbaltic.lv\/wp-content\/uploads\/2025\/07\/cropped-New-Project-9.png","width":275,"height":91,"caption":"Gastechbaltic"},"image":{"@id":"https:\/\/gastechbaltic.lv\/#\/schema\/logo\/image\/"}}]}},"_links":{"self":[{"href":"https:\/\/gastechbaltic.lv\/en\/wp-json\/wp\/v2\/product\/3406","targetHints":{"allow":["GET"]}}],"collection":[{"href":"https:\/\/gastechbaltic.lv\/en\/wp-json\/wp\/v2\/product"}],"about":[{"href":"https:\/\/gastechbaltic.lv\/en\/wp-json\/wp\/v2\/types\/product"}],"wp:featuredmedia":[{"embeddable":true,"href":"https:\/\/gastechbaltic.lv\/en\/wp-json\/wp\/v2\/media\/3435"}],"wp:attachment":[{"href":"https:\/\/gastechbaltic.lv\/en\/wp-json\/wp\/v2\/media?parent=3406"}],"wp:term":[{"taxonomy":"product_brand","embeddable":true,"href":"https:\/\/gastechbaltic.lv\/en\/wp-json\/wp\/v2\/product_brand?post=3406"},{"taxonomy":"product_cat","embeddable":true,"href":"https:\/\/gastechbaltic.lv\/en\/wp-json\/wp\/v2\/product_cat?post=3406"},{"taxonomy":"product_tag","embeddable":true,"href":"https:\/\/gastechbaltic.lv\/en\/wp-json\/wp\/v2\/product_tag?post=3406"}],"curies":[{"name":"wp","href":"https:\/\/api.w.org\/{rel}","templated":true}]}}