{"id":3405,"date":"2025-05-28T14:32:08","date_gmt":"2025-05-28T12:32:08","guid":{"rendered":"https:\/\/gastechbaltic.lv\/?post_type=product&#038;p=3405"},"modified":"2025-09-30T16:21:14","modified_gmt":"2025-09-30T13:21:14","slug":"magis-m30t","status":"publish","type":"product","link":"https:\/\/gastechbaltic.lv\/en\/product\/magis-m30t\/","title":{"rendered":"MAGIS M30T"},"content":{"rendered":"<p><span style=\"font-family: helvetica, arial, sans-serif;\"><strong>Hidroniskie monobloka tr\u012bsf\u0101zu siltums\u016bk\u0146i<\/strong><\/span><\/p>\n<p><span style=\"font-family: helvetica, arial, sans-serif;\">Iepriek\u0161 iepild\u012bts aukstumnes\u0113js R32;<\/span><\/p>\n<p><span style=\"font-family: helvetica, arial, sans-serif;\">T\u0101lvad\u012bbas pults (ar hronotermostata funkciju) standarta komplekt\u0101cij\u0101;<\/span><\/p>\n<p><span style=\"font-family: helvetica, arial, sans-serif;\">9 kW apsildes elektriskais sild\u012bt\u0101js un kondens\u0101ta antifr\u012bza apsildes kabelis standarta komplekt\u0101cij\u0101;<\/span><\/p>\n<p><span style=\"font-family: helvetica, arial, sans-serif;\">Ietverot \u0101r\u0113jo zondi, kondens\u0101ta izpl\u016bdes armat\u016bru, &#8220;Y&#8221; filtru, 3 b\u0101ru v\u0101rstu, 8 litru T.H.W. izple\u0161an\u0101s trauku, zema pat\u0113ri\u0146a s\u016bk\u0146u sist\u0113mu;<\/span><\/p>\n<p><span style=\"font-family: helvetica, arial, sans-serif;\">Zonde, ar ko regul\u0113t TES vai 2. jaukt\u0101s zonas sild\u012b\u0161anas iestat\u012bto punktu l\u012bdz 65 \u00b0C (no 12 l\u012bdz 22 modelim) sild\u012b\u0161anas iestat\u012btais punkts l\u012bdz 60 \u00b0C (no 26 l\u012bdz 30 modelim).<\/span><\/p>\n<p><span style=\"font-family: helvetica, arial, sans-serif;\">Iesp\u0113ja realiz\u0113t integr\u0113tu sist\u0113mu (MAGIS M + g\u0101zes katls) ar sist\u0113mas kontrolieri.<\/span><\/p>\n<p><span style=\"font-family: helvetica, arial, sans-serif;\">Iesp\u0113ja p\u0101rvald\u012bt 1 sild\u012b\u0161anas\/dzes\u0113\u0161anas zonu, 1 tikai sild\u012b\u0161anas zonu un 1 sajauk\u0161anas v\u0101rstu<\/span><\/p>\n<p><span style=\"font-family: helvetica, arial, sans-serif;\">Fotogalvaniskais kontakts\/Smart Grid<\/span><\/p>\n<p><span style=\"font-family: helvetica, arial, sans-serif;\">Vienk\u0101r\u0161a un vair\u0101kk\u0101rt\u0113ja kask\u0101de<\/span><\/p>\n<p><span style=\"font-family: helvetica, arial, sans-serif;\">Herm\u0113tiski nosl\u0113gts<\/span><\/p>\n\n    <div class=\"xs_social_share_widget xs_share_url after_content \t\tmain_content  wslu-style-1 wslu-share-box-shaped wslu-fill-colored wslu-none wslu-share-horizontal wslu-theme-font-no wslu-main_content\">\n\n\t\t\n        <ul>\n\t\t\t        <\/ul>\n    <\/div>","protected":false},"excerpt":{"rendered":"<p><span style=\"font-family: helvetica, arial, sans-serif; font-size: 14pt;\">Hidroniskie monobloka tr\u012bsf\u0101\u017eu siltums\u016bk\u0146i.<\/span><\/p>\n<div style=\"display: flex; align-items: center;\">\n<p>&nbsp;<\/p>\n<ul>\n<li style=\"flex: 0 0 70%; text-align: left;\"><span style=\"font-size: 14pt; font-family: helvetica, arial, sans-serif;\">IDE\u0100LI PIEM\u0112ROTS JAUNB\u016aV\u0112M<\/span><\/li>\n<li style=\"flex: 0 0 70%; text-align: left;\"><span style=\"font-size: 14pt; font-family: helvetica, arial, sans-serif;\">STANDARTA TERMOREGUL\u0100CIJA<\/span><\/li>\n<li style=\"flex: 0 0 70%; text-align: left;\"><span style=\"font-size: 14pt; font-family: helvetica, arial, sans-serif;\">APKURE UN DZES\u0112\u0160ANA<\/span><\/li>\n<\/ul>\n<\/div>\n<div style=\"display: flex; align-items: center;\">\n<p>&nbsp;<\/p>\n<\/div>\n<div style=\"display: flex; align-items: center;\">\n<p>&nbsp;<\/p>\n<\/div>","protected":false},"featured_media":3434,"template":"","meta":[],"product_brand":[],"product_cat":[54],"product_tag":[],"class_list":{"0":"post-3405","1":"product","2":"type-product","3":"status-publish","4":"has-post-thumbnail","6":"product_cat-siltumsukni","8":"first","9":"instock","10":"taxable","11":"shipping-taxable","12":"purchasable","13":"product-type-simple"},"yoast_head":"<!-- This site is optimized with the Yoast SEO plugin v25.4 - https:\/\/yoast.com\/wordpress\/plugins\/seo\/ -->\n<title>MAGIS M30T - Gastechbaltic<\/title>\n<meta name=\"robots\" content=\"index, follow, max-snippet:-1, max-image-preview:large, max-video-preview:-1\" \/>\n<link rel=\"canonical\" href=\"https:\/\/gastechbaltic.lv\/en\/product\/magis-m30t\/\" \/>\n<meta property=\"og:locale\" content=\"en_GB\" \/>\n<meta property=\"og:type\" content=\"article\" \/>\n<meta property=\"og:title\" content=\"MAGIS M30T - Gastechbaltic\" \/>\n<meta property=\"og:description\" content=\"Hidroniskie monobloka tr\u012bsf\u0101\u017eu siltums\u016bk\u0146i.   &nbsp;   IDE\u0100LI PIEM\u0112ROTS JAUNB\u016aV\u0112M  STANDARTA TERMOREGUL\u0100CIJA  APKURE UN DZES\u0112\u0160ANA     &nbsp;     &nbsp;\" \/>\n<meta property=\"og:url\" content=\"https:\/\/gastechbaltic.lv\/en\/product\/magis-m30t\/\" \/>\n<meta property=\"og:site_name\" content=\"Gastechbaltic\" \/>\n<meta property=\"article:modified_time\" content=\"2025-09-30T13:21:14+00:00\" \/>\n<meta property=\"og:image\" content=\"https:\/\/gastechbaltic.lv\/wp-content\/uploads\/2025\/05\/Noformejums-bez-nosaukuma-6.jpg\" \/>\n\t<meta property=\"og:image:width\" content=\"940\" \/>\n\t<meta property=\"og:image:height\" content=\"788\" \/>\n\t<meta property=\"og:image:type\" content=\"image\/jpeg\" \/>\n<meta name=\"twitter:card\" content=\"summary_large_image\" \/>\n<meta name=\"twitter:label1\" content=\"Estimated reading time\" \/>\n\t<meta name=\"twitter:data1\" content=\"1 minute\" \/>\n<script type=\"application\/ld+json\" class=\"yoast-schema-graph\">{\"@context\":\"https:\/\/schema.org\",\"@graph\":[{\"@type\":\"WebPage\",\"@id\":\"https:\/\/gastechbaltic.lv\/product\/magis-m30t\/\",\"url\":\"https:\/\/gastechbaltic.lv\/product\/magis-m30t\/\",\"name\":\"MAGIS M30T - Gastechbaltic\",\"isPartOf\":{\"@id\":\"https:\/\/gastechbaltic.lv\/#website\"},\"primaryImageOfPage\":{\"@id\":\"https:\/\/gastechbaltic.lv\/product\/magis-m30t\/#primaryimage\"},\"image\":{\"@id\":\"https:\/\/gastechbaltic.lv\/product\/magis-m30t\/#primaryimage\"},\"thumbnailUrl\":\"https:\/\/gastechbaltic.lv\/wp-content\/uploads\/2025\/05\/Noformejums-bez-nosaukuma-6.jpg\",\"datePublished\":\"2025-05-28T12:32:08+00:00\",\"dateModified\":\"2025-09-30T13:21:14+00:00\",\"breadcrumb\":{\"@id\":\"https:\/\/gastechbaltic.lv\/product\/magis-m30t\/#breadcrumb\"},\"inLanguage\":\"en-GB\",\"potentialAction\":[{\"@type\":\"ReadAction\",\"target\":[\"https:\/\/gastechbaltic.lv\/product\/magis-m30t\/\"]}]},{\"@type\":\"ImageObject\",\"inLanguage\":\"en-GB\",\"@id\":\"https:\/\/gastechbaltic.lv\/product\/magis-m30t\/#primaryimage\",\"url\":\"https:\/\/gastechbaltic.lv\/wp-content\/uploads\/2025\/05\/Noformejums-bez-nosaukuma-6.jpg\",\"contentUrl\":\"https:\/\/gastechbaltic.lv\/wp-content\/uploads\/2025\/05\/Noformejums-bez-nosaukuma-6.jpg\",\"width\":940,\"height\":788},{\"@type\":\"BreadcrumbList\",\"@id\":\"https:\/\/gastechbaltic.lv\/product\/magis-m30t\/#breadcrumb\",\"itemListElement\":[{\"@type\":\"ListItem\",\"position\":1,\"name\":\"Home\",\"item\":\"https:\/\/gastechbaltic.lv\/\"},{\"@type\":\"ListItem\",\"position\":2,\"name\":\"Veikals\",\"item\":\"https:\/\/gastechbaltic.lv\/veikals\/\"},{\"@type\":\"ListItem\",\"position\":3,\"name\":\"MAGIS M30T\"}]},{\"@type\":\"WebSite\",\"@id\":\"https:\/\/gastechbaltic.lv\/#website\",\"url\":\"https:\/\/gastechbaltic.lv\/\",\"name\":\"Gastechbaltic\",\"description\":\"\",\"publisher\":{\"@id\":\"https:\/\/gastechbaltic.lv\/#organization\"},\"potentialAction\":[{\"@type\":\"SearchAction\",\"target\":{\"@type\":\"EntryPoint\",\"urlTemplate\":\"https:\/\/gastechbaltic.lv\/?s={search_term_string}\"},\"query-input\":{\"@type\":\"PropertyValueSpecification\",\"valueRequired\":true,\"valueName\":\"search_term_string\"}}],\"inLanguage\":\"en-GB\"},{\"@type\":\"Organization\",\"@id\":\"https:\/\/gastechbaltic.lv\/#organization\",\"name\":\"Gastechbaltic\",\"url\":\"https:\/\/gastechbaltic.lv\/\",\"logo\":{\"@type\":\"ImageObject\",\"inLanguage\":\"en-GB\",\"@id\":\"https:\/\/gastechbaltic.lv\/#\/schema\/logo\/image\/\",\"url\":\"https:\/\/gastechbaltic.lv\/wp-content\/uploads\/2025\/07\/cropped-New-Project-9.png\",\"contentUrl\":\"https:\/\/gastechbaltic.lv\/wp-content\/uploads\/2025\/07\/cropped-New-Project-9.png\",\"width\":275,\"height\":91,\"caption\":\"Gastechbaltic\"},\"image\":{\"@id\":\"https:\/\/gastechbaltic.lv\/#\/schema\/logo\/image\/\"}}]}<\/script>\n<!-- \/ Yoast SEO plugin. -->","yoast_head_json":{"title":"MAGIS M30T - Gastechbaltic","robots":{"index":"index","follow":"follow","max-snippet":"max-snippet:-1","max-image-preview":"max-image-preview:large","max-video-preview":"max-video-preview:-1"},"canonical":"https:\/\/gastechbaltic.lv\/en\/product\/magis-m30t\/","og_locale":"en_GB","og_type":"article","og_title":"MAGIS M30T - Gastechbaltic","og_description":"Hidroniskie monobloka tr\u012bsf\u0101\u017eu siltums\u016bk\u0146i.   &nbsp;   IDE\u0100LI PIEM\u0112ROTS JAUNB\u016aV\u0112M  STANDARTA TERMOREGUL\u0100CIJA  APKURE UN DZES\u0112\u0160ANA     &nbsp;     &nbsp;","og_url":"https:\/\/gastechbaltic.lv\/en\/product\/magis-m30t\/","og_site_name":"Gastechbaltic","article_modified_time":"2025-09-30T13:21:14+00:00","og_image":[{"width":940,"height":788,"url":"https:\/\/gastechbaltic.lv\/wp-content\/uploads\/2025\/05\/Noformejums-bez-nosaukuma-6.jpg","type":"image\/jpeg"}],"twitter_card":"summary_large_image","twitter_misc":{"Estimated reading time":"1 minute"},"schema":{"@context":"https:\/\/schema.org","@graph":[{"@type":"WebPage","@id":"https:\/\/gastechbaltic.lv\/product\/magis-m30t\/","url":"https:\/\/gastechbaltic.lv\/product\/magis-m30t\/","name":"MAGIS M30T - Gastechbaltic","isPartOf":{"@id":"https:\/\/gastechbaltic.lv\/#website"},"primaryImageOfPage":{"@id":"https:\/\/gastechbaltic.lv\/product\/magis-m30t\/#primaryimage"},"image":{"@id":"https:\/\/gastechbaltic.lv\/product\/magis-m30t\/#primaryimage"},"thumbnailUrl":"https:\/\/gastechbaltic.lv\/wp-content\/uploads\/2025\/05\/Noformejums-bez-nosaukuma-6.jpg","datePublished":"2025-05-28T12:32:08+00:00","dateModified":"2025-09-30T13:21:14+00:00","breadcrumb":{"@id":"https:\/\/gastechbaltic.lv\/product\/magis-m30t\/#breadcrumb"},"inLanguage":"en-GB","potentialAction":[{"@type":"ReadAction","target":["https:\/\/gastechbaltic.lv\/product\/magis-m30t\/"]}]},{"@type":"ImageObject","inLanguage":"en-GB","@id":"https:\/\/gastechbaltic.lv\/product\/magis-m30t\/#primaryimage","url":"https:\/\/gastechbaltic.lv\/wp-content\/uploads\/2025\/05\/Noformejums-bez-nosaukuma-6.jpg","contentUrl":"https:\/\/gastechbaltic.lv\/wp-content\/uploads\/2025\/05\/Noformejums-bez-nosaukuma-6.jpg","width":940,"height":788},{"@type":"BreadcrumbList","@id":"https:\/\/gastechbaltic.lv\/product\/magis-m30t\/#breadcrumb","itemListElement":[{"@type":"ListItem","position":1,"name":"Home","item":"https:\/\/gastechbaltic.lv\/"},{"@type":"ListItem","position":2,"name":"Veikals","item":"https:\/\/gastechbaltic.lv\/veikals\/"},{"@type":"ListItem","position":3,"name":"MAGIS M30T"}]},{"@type":"WebSite","@id":"https:\/\/gastechbaltic.lv\/#website","url":"https:\/\/gastechbaltic.lv\/","name":"Gastechbaltic","description":"","publisher":{"@id":"https:\/\/gastechbaltic.lv\/#organization"},"potentialAction":[{"@type":"SearchAction","target":{"@type":"EntryPoint","urlTemplate":"https:\/\/gastechbaltic.lv\/?s={search_term_string}"},"query-input":{"@type":"PropertyValueSpecification","valueRequired":true,"valueName":"search_term_string"}}],"inLanguage":"en-GB"},{"@type":"Organization","@id":"https:\/\/gastechbaltic.lv\/#organization","name":"Gastechbaltic","url":"https:\/\/gastechbaltic.lv\/","logo":{"@type":"ImageObject","inLanguage":"en-GB","@id":"https:\/\/gastechbaltic.lv\/#\/schema\/logo\/image\/","url":"https:\/\/gastechbaltic.lv\/wp-content\/uploads\/2025\/07\/cropped-New-Project-9.png","contentUrl":"https:\/\/gastechbaltic.lv\/wp-content\/uploads\/2025\/07\/cropped-New-Project-9.png","width":275,"height":91,"caption":"Gastechbaltic"},"image":{"@id":"https:\/\/gastechbaltic.lv\/#\/schema\/logo\/image\/"}}]}},"_links":{"self":[{"href":"https:\/\/gastechbaltic.lv\/en\/wp-json\/wp\/v2\/product\/3405","targetHints":{"allow":["GET"]}}],"collection":[{"href":"https:\/\/gastechbaltic.lv\/en\/wp-json\/wp\/v2\/product"}],"about":[{"href":"https:\/\/gastechbaltic.lv\/en\/wp-json\/wp\/v2\/types\/product"}],"wp:featuredmedia":[{"embeddable":true,"href":"https:\/\/gastechbaltic.lv\/en\/wp-json\/wp\/v2\/media\/3434"}],"wp:attachment":[{"href":"https:\/\/gastechbaltic.lv\/en\/wp-json\/wp\/v2\/media?parent=3405"}],"wp:term":[{"taxonomy":"product_brand","embeddable":true,"href":"https:\/\/gastechbaltic.lv\/en\/wp-json\/wp\/v2\/product_brand?post=3405"},{"taxonomy":"product_cat","embeddable":true,"href":"https:\/\/gastechbaltic.lv\/en\/wp-json\/wp\/v2\/product_cat?post=3405"},{"taxonomy":"product_tag","embeddable":true,"href":"https:\/\/gastechbaltic.lv\/en\/wp-json\/wp\/v2\/product_tag?post=3405"}],"curies":[{"name":"wp","href":"https:\/\/api.w.org\/{rel}","templated":true}]}}