{"id":3404,"date":"2025-05-28T14:32:08","date_gmt":"2025-05-28T12:32:08","guid":{"rendered":"https:\/\/gastechbaltic.lv\/?post_type=product&#038;p=3404"},"modified":"2025-09-30T16:17:26","modified_gmt":"2025-09-30T13:17:26","slug":"magis-combo-16-v2","status":"publish","type":"product","link":"https:\/\/gastechbaltic.lv\/en\/product\/magis-combo-16-v2\/","title":{"rendered":"MAGIS COMBO 16 V2"},"content":{"rendered":"<p><span style=\"font-family: helvetica, arial, sans-serif;\">Sadal\u012bta, ar invertoru darbin\u0101ma <strong>vienf\u0101zes hibr\u012bda siltums\u016bk\u0146a sist\u0113ma<\/strong>, kas sast\u0101v no <strong>\u0101ra siltums\u016bk\u0146a bloka un iek\u0161telpu hidronikas un kondens\u0101cijas bloka.<\/strong><\/span><\/p>\n<p><span style=\"font-family: helvetica, arial, sans-serif;\">Jaunie MAGIS COMBO V2 hibr\u012bda siltums\u016bk\u0146i ir ier\u012bces, kas paredz\u0113tas \u0101r\u0113j\u0101 gaisa k\u0101 da\u013c\u0113ji atjaunojama siltuma avota izmanto\u0161anai, nododot t\u0101 siltumener\u0123ijas saturu centr\u0101lapkures sist\u0113mai. <strong>MAGIS COMBO V2 ir hibr\u012bda siltums\u016bknis, kas silda, dzes\u0113 un ra\u017eo karsto \u016bdeni ar iek\u0161\u0113jo kondens\u0101cijas bloku, kas paredz\u0113ts visaugst\u0101ko pras\u012bbu apmierin\u0101\u0161anai, t\u0101 apkures temperat\u016bra var sasniegt l\u012bdz 80 \u00b0C.<\/strong><\/span><\/p>\n<p><span style=\"font-family: helvetica, arial, sans-serif;\">Uzst\u0101d\u012b\u0161anai ir nepiecie\u0161ama profesion\u0101lu cilv\u0113ku (kuriem ir j\u0101b\u016bt ar F-GAS sertifik\u0101tu) apm\u0101c\u012bba, kas iesaist\u012bti uzst\u0101d\u012b\u0161an\u0101 un to savstarp\u0113j\u0101 savieno\u0161an\u0101, izmantojot g\u0101zes \u0137\u0113di. Ar invertora vad\u012bta vad\u012bba \u013cauj \u013coti smalki regul\u0113t izejas jaudu, k\u0101 ar\u012b samazin\u0101t ieejas jaudu, t\u0101d\u0113j\u0101di pan\u0101kot augsta l\u012bme\u0146a veiktsp\u0113ju, kas nodro\u0161ina komfortabl\u0101kus iek\u0161telpu klimatiskos apst\u0101k\u013cus.<\/span><\/p>\n<p><span style=\"font-family: helvetica, arial, sans-serif;\">MAGIS COMBO V2 ir m\u0101joklim piem\u0113rotas sist\u0113mas, un t\u0101s ir ide\u0101ls risin\u0101jums jaun\u0101s \u0113k\u0101s ar augstu energoefektivit\u0101tes klasi, pat ja t\u0101s atrodas \u013coti aukstos apgabalos ar \u013coti zemu \u0101ra temperat\u016bru ziem\u0101.<\/span><\/p>\n<p><span style=\"font-family: helvetica, arial, sans-serif;\">\u013boti kompaktais \u0101r\u0113jais bloks (maz\u0101ks, sal\u012bdzinot ar visvair\u0101k izklied\u0113tajiem hidroelektrisko siltums\u016bk\u0146u mode\u013ciem), ko var uzst\u0101d\u012bt gan uz balkona, gan piln\u012bb\u0101 \u0101rpus telp\u0101m, \u013cauj MAGIS COMBO V2 uzlabot pozicion\u0113\u0161anas elast\u012bbu kop\u0101 ar minim\u0101lu est\u0113tisko ietekmi uz kop\u0113jo stilu.<\/span><\/p>\n<p><span style=\"font-family: helvetica, arial, sans-serif;\">MAGIS COMBO V2 ir <strong>ide\u0101li piem\u0113rots kombin\u0101cijai ar fotoelementu sist\u0113m\u0101m<\/strong><strong>.<\/strong><\/span><\/p>\n\n    <div class=\"xs_social_share_widget xs_share_url after_content \t\tmain_content  wslu-style-1 wslu-share-box-shaped wslu-fill-colored wslu-none wslu-share-horizontal wslu-theme-font-no wslu-main_content\">\n\n\t\t\n        <ul>\n\t\t\t        <\/ul>\n    <\/div>","protected":false},"excerpt":{"rendered":"<p><span style=\"font-family: helvetica, arial, sans-serif; font-size: 14pt;\">Izklied\u0113ta tipa atgriezeniskais gaisa-\u016bdens inversijas tipa hibr\u012bda siltums\u016bknis, ko veido \u0101ra bloks un iek\u0161telpu hidrokondensatora kondens\u0101cijas bloks.<\/span><\/p>\n<div style=\"display: flex; align-items: center;\">\n<p>&nbsp;<\/p>\n<ul>\n<li style=\"flex: 0 0 70%; text-align: left;\"><span style=\"font-size: 14pt; font-family: helvetica, arial, sans-serif;\">BEZ TROK\u0160\u0145A<\/span><\/li>\n<li style=\"flex: 0 0 70%; text-align: left;\"><span style=\"font-size: 14pt; font-family: helvetica, arial, sans-serif;\">VIENK\u0100R\u0160A UZST\u0100D\u012a\u0160ANA<\/span><\/li>\n<li style=\"flex: 0 0 70%; text-align: left;\"><span style=\"font-size: 14pt; font-family: helvetica, arial, sans-serif;\">APKURE UN DZES\u0112\u0160ANA<\/span><\/li>\n<\/ul>\n<\/div>\n<div style=\"display: flex; align-items: center;\">\n<p>&nbsp;<\/p>\n<\/div>\n<div style=\"display: flex; align-items: center;\">\n<p>&nbsp;<\/p>\n<\/div>","protected":false},"featured_media":3433,"template":"","meta":[],"product_brand":[],"product_cat":[54],"product_tag":[],"class_list":{"0":"post-3404","1":"product","2":"type-product","3":"status-publish","4":"has-post-thumbnail","6":"product_cat-siltumsukni","8":"first","9":"instock","10":"taxable","11":"shipping-taxable","12":"product-type-simple"},"yoast_head":"<!-- This site is optimized with the Yoast SEO plugin v25.4 - https:\/\/yoast.com\/wordpress\/plugins\/seo\/ -->\n<title>MAGIS COMBO 16 V2 - Gastechbaltic<\/title>\n<meta name=\"robots\" content=\"index, follow, max-snippet:-1, max-image-preview:large, max-video-preview:-1\" \/>\n<link rel=\"canonical\" href=\"https:\/\/gastechbaltic.lv\/en\/product\/magis-combo-16-v2\/\" \/>\n<meta property=\"og:locale\" content=\"en_GB\" \/>\n<meta property=\"og:type\" content=\"article\" \/>\n<meta property=\"og:title\" content=\"MAGIS COMBO 16 V2 - Gastechbaltic\" \/>\n<meta property=\"og:description\" content=\"Izklied\u0113ta tipa atgriezeniskais gaisa-\u016bdens inversijas tipa hibr\u012bda siltums\u016bknis, ko veido \u0101ra bloks un iek\u0161telpu hidrokondensatora kondens\u0101cijas bloks.   &nbsp;   BEZ TROK\u0160\u0145A  VIENK\u0100R\u0160A UZST\u0100D\u012a\u0160ANA  APKURE UN DZES\u0112\u0160ANA     &nbsp;     &nbsp;\" \/>\n<meta property=\"og:url\" content=\"https:\/\/gastechbaltic.lv\/en\/product\/magis-combo-16-v2\/\" \/>\n<meta property=\"og:site_name\" content=\"Gastechbaltic\" \/>\n<meta property=\"article:modified_time\" content=\"2025-09-30T13:17:26+00:00\" \/>\n<meta property=\"og:image\" content=\"https:\/\/gastechbaltic.lv\/wp-content\/uploads\/2025\/05\/MAGIS-COMBO-16-V2.png\" \/>\n\t<meta property=\"og:image:width\" content=\"344\" \/>\n\t<meta property=\"og:image:height\" content=\"365\" \/>\n\t<meta property=\"og:image:type\" content=\"image\/png\" \/>\n<meta name=\"twitter:card\" content=\"summary_large_image\" \/>\n<meta name=\"twitter:label1\" content=\"Estimated reading time\" \/>\n\t<meta name=\"twitter:data1\" content=\"2 minutes\" \/>\n<script type=\"application\/ld+json\" class=\"yoast-schema-graph\">{\"@context\":\"https:\/\/schema.org\",\"@graph\":[{\"@type\":\"WebPage\",\"@id\":\"https:\/\/gastechbaltic.lv\/product\/magis-combo-16-v2\/\",\"url\":\"https:\/\/gastechbaltic.lv\/product\/magis-combo-16-v2\/\",\"name\":\"MAGIS COMBO 16 V2 - Gastechbaltic\",\"isPartOf\":{\"@id\":\"https:\/\/gastechbaltic.lv\/#website\"},\"primaryImageOfPage\":{\"@id\":\"https:\/\/gastechbaltic.lv\/product\/magis-combo-16-v2\/#primaryimage\"},\"image\":{\"@id\":\"https:\/\/gastechbaltic.lv\/product\/magis-combo-16-v2\/#primaryimage\"},\"thumbnailUrl\":\"https:\/\/gastechbaltic.lv\/wp-content\/uploads\/2025\/05\/MAGIS-COMBO-16-V2.png\",\"datePublished\":\"2025-05-28T12:32:08+00:00\",\"dateModified\":\"2025-09-30T13:17:26+00:00\",\"breadcrumb\":{\"@id\":\"https:\/\/gastechbaltic.lv\/product\/magis-combo-16-v2\/#breadcrumb\"},\"inLanguage\":\"en-GB\",\"potentialAction\":[{\"@type\":\"ReadAction\",\"target\":[\"https:\/\/gastechbaltic.lv\/product\/magis-combo-16-v2\/\"]}]},{\"@type\":\"ImageObject\",\"inLanguage\":\"en-GB\",\"@id\":\"https:\/\/gastechbaltic.lv\/product\/magis-combo-16-v2\/#primaryimage\",\"url\":\"https:\/\/gastechbaltic.lv\/wp-content\/uploads\/2025\/05\/MAGIS-COMBO-16-V2.png\",\"contentUrl\":\"https:\/\/gastechbaltic.lv\/wp-content\/uploads\/2025\/05\/MAGIS-COMBO-16-V2.png\",\"width\":344,\"height\":365},{\"@type\":\"BreadcrumbList\",\"@id\":\"https:\/\/gastechbaltic.lv\/product\/magis-combo-16-v2\/#breadcrumb\",\"itemListElement\":[{\"@type\":\"ListItem\",\"position\":1,\"name\":\"Home\",\"item\":\"https:\/\/gastechbaltic.lv\/\"},{\"@type\":\"ListItem\",\"position\":2,\"name\":\"Veikals\",\"item\":\"https:\/\/gastechbaltic.lv\/veikals\/\"},{\"@type\":\"ListItem\",\"position\":3,\"name\":\"MAGIS COMBO 16 V2\"}]},{\"@type\":\"WebSite\",\"@id\":\"https:\/\/gastechbaltic.lv\/#website\",\"url\":\"https:\/\/gastechbaltic.lv\/\",\"name\":\"Gastechbaltic\",\"description\":\"\",\"publisher\":{\"@id\":\"https:\/\/gastechbaltic.lv\/#organization\"},\"potentialAction\":[{\"@type\":\"SearchAction\",\"target\":{\"@type\":\"EntryPoint\",\"urlTemplate\":\"https:\/\/gastechbaltic.lv\/?s={search_term_string}\"},\"query-input\":{\"@type\":\"PropertyValueSpecification\",\"valueRequired\":true,\"valueName\":\"search_term_string\"}}],\"inLanguage\":\"en-GB\"},{\"@type\":\"Organization\",\"@id\":\"https:\/\/gastechbaltic.lv\/#organization\",\"name\":\"Gastechbaltic\",\"url\":\"https:\/\/gastechbaltic.lv\/\",\"logo\":{\"@type\":\"ImageObject\",\"inLanguage\":\"en-GB\",\"@id\":\"https:\/\/gastechbaltic.lv\/#\/schema\/logo\/image\/\",\"url\":\"https:\/\/gastechbaltic.lv\/wp-content\/uploads\/2025\/07\/cropped-New-Project-9.png\",\"contentUrl\":\"https:\/\/gastechbaltic.lv\/wp-content\/uploads\/2025\/07\/cropped-New-Project-9.png\",\"width\":275,\"height\":91,\"caption\":\"Gastechbaltic\"},\"image\":{\"@id\":\"https:\/\/gastechbaltic.lv\/#\/schema\/logo\/image\/\"}}]}<\/script>\n<!-- \/ Yoast SEO plugin. -->","yoast_head_json":{"title":"MAGIS COMBO 16 V2 - Gastechbaltic","robots":{"index":"index","follow":"follow","max-snippet":"max-snippet:-1","max-image-preview":"max-image-preview:large","max-video-preview":"max-video-preview:-1"},"canonical":"https:\/\/gastechbaltic.lv\/en\/product\/magis-combo-16-v2\/","og_locale":"en_GB","og_type":"article","og_title":"MAGIS COMBO 16 V2 - Gastechbaltic","og_description":"Izklied\u0113ta tipa atgriezeniskais gaisa-\u016bdens inversijas tipa hibr\u012bda siltums\u016bknis, ko veido \u0101ra bloks un iek\u0161telpu hidrokondensatora kondens\u0101cijas bloks.   &nbsp;   BEZ TROK\u0160\u0145A  VIENK\u0100R\u0160A UZST\u0100D\u012a\u0160ANA  APKURE UN DZES\u0112\u0160ANA     &nbsp;     &nbsp;","og_url":"https:\/\/gastechbaltic.lv\/en\/product\/magis-combo-16-v2\/","og_site_name":"Gastechbaltic","article_modified_time":"2025-09-30T13:17:26+00:00","og_image":[{"width":344,"height":365,"url":"https:\/\/gastechbaltic.lv\/wp-content\/uploads\/2025\/05\/MAGIS-COMBO-16-V2.png","type":"image\/png"}],"twitter_card":"summary_large_image","twitter_misc":{"Estimated reading time":"2 minutes"},"schema":{"@context":"https:\/\/schema.org","@graph":[{"@type":"WebPage","@id":"https:\/\/gastechbaltic.lv\/product\/magis-combo-16-v2\/","url":"https:\/\/gastechbaltic.lv\/product\/magis-combo-16-v2\/","name":"MAGIS COMBO 16 V2 - Gastechbaltic","isPartOf":{"@id":"https:\/\/gastechbaltic.lv\/#website"},"primaryImageOfPage":{"@id":"https:\/\/gastechbaltic.lv\/product\/magis-combo-16-v2\/#primaryimage"},"image":{"@id":"https:\/\/gastechbaltic.lv\/product\/magis-combo-16-v2\/#primaryimage"},"thumbnailUrl":"https:\/\/gastechbaltic.lv\/wp-content\/uploads\/2025\/05\/MAGIS-COMBO-16-V2.png","datePublished":"2025-05-28T12:32:08+00:00","dateModified":"2025-09-30T13:17:26+00:00","breadcrumb":{"@id":"https:\/\/gastechbaltic.lv\/product\/magis-combo-16-v2\/#breadcrumb"},"inLanguage":"en-GB","potentialAction":[{"@type":"ReadAction","target":["https:\/\/gastechbaltic.lv\/product\/magis-combo-16-v2\/"]}]},{"@type":"ImageObject","inLanguage":"en-GB","@id":"https:\/\/gastechbaltic.lv\/product\/magis-combo-16-v2\/#primaryimage","url":"https:\/\/gastechbaltic.lv\/wp-content\/uploads\/2025\/05\/MAGIS-COMBO-16-V2.png","contentUrl":"https:\/\/gastechbaltic.lv\/wp-content\/uploads\/2025\/05\/MAGIS-COMBO-16-V2.png","width":344,"height":365},{"@type":"BreadcrumbList","@id":"https:\/\/gastechbaltic.lv\/product\/magis-combo-16-v2\/#breadcrumb","itemListElement":[{"@type":"ListItem","position":1,"name":"Home","item":"https:\/\/gastechbaltic.lv\/"},{"@type":"ListItem","position":2,"name":"Veikals","item":"https:\/\/gastechbaltic.lv\/veikals\/"},{"@type":"ListItem","position":3,"name":"MAGIS COMBO 16 V2"}]},{"@type":"WebSite","@id":"https:\/\/gastechbaltic.lv\/#website","url":"https:\/\/gastechbaltic.lv\/","name":"Gastechbaltic","description":"","publisher":{"@id":"https:\/\/gastechbaltic.lv\/#organization"},"potentialAction":[{"@type":"SearchAction","target":{"@type":"EntryPoint","urlTemplate":"https:\/\/gastechbaltic.lv\/?s={search_term_string}"},"query-input":{"@type":"PropertyValueSpecification","valueRequired":true,"valueName":"search_term_string"}}],"inLanguage":"en-GB"},{"@type":"Organization","@id":"https:\/\/gastechbaltic.lv\/#organization","name":"Gastechbaltic","url":"https:\/\/gastechbaltic.lv\/","logo":{"@type":"ImageObject","inLanguage":"en-GB","@id":"https:\/\/gastechbaltic.lv\/#\/schema\/logo\/image\/","url":"https:\/\/gastechbaltic.lv\/wp-content\/uploads\/2025\/07\/cropped-New-Project-9.png","contentUrl":"https:\/\/gastechbaltic.lv\/wp-content\/uploads\/2025\/07\/cropped-New-Project-9.png","width":275,"height":91,"caption":"Gastechbaltic"},"image":{"@id":"https:\/\/gastechbaltic.lv\/#\/schema\/logo\/image\/"}}]}},"_links":{"self":[{"href":"https:\/\/gastechbaltic.lv\/en\/wp-json\/wp\/v2\/product\/3404","targetHints":{"allow":["GET"]}}],"collection":[{"href":"https:\/\/gastechbaltic.lv\/en\/wp-json\/wp\/v2\/product"}],"about":[{"href":"https:\/\/gastechbaltic.lv\/en\/wp-json\/wp\/v2\/types\/product"}],"wp:featuredmedia":[{"embeddable":true,"href":"https:\/\/gastechbaltic.lv\/en\/wp-json\/wp\/v2\/media\/3433"}],"wp:attachment":[{"href":"https:\/\/gastechbaltic.lv\/en\/wp-json\/wp\/v2\/media?parent=3404"}],"wp:term":[{"taxonomy":"product_brand","embeddable":true,"href":"https:\/\/gastechbaltic.lv\/en\/wp-json\/wp\/v2\/product_brand?post=3404"},{"taxonomy":"product_cat","embeddable":true,"href":"https:\/\/gastechbaltic.lv\/en\/wp-json\/wp\/v2\/product_cat?post=3404"},{"taxonomy":"product_tag","embeddable":true,"href":"https:\/\/gastechbaltic.lv\/en\/wp-json\/wp\/v2\/product_tag?post=3404"}],"curies":[{"name":"wp","href":"https:\/\/api.w.org\/{rel}","templated":true}]}}