{"id":3403,"date":"2025-05-28T14:32:08","date_gmt":"2025-05-28T12:32:08","guid":{"rendered":"https:\/\/gastechbaltic.lv\/?post_type=product&#038;p=3403"},"modified":"2025-10-01T11:29:28","modified_gmt":"2025-10-01T08:29:28","slug":"hercules-solar-26-2-erp","status":"publish","type":"product","link":"https:\/\/gastechbaltic.lv\/en\/product\/hercules-solar-26-2-erp\/","title":{"rendered":"HERCULES SOLAR 26 2 ErP"},"content":{"rendered":"<p><span style=\"font-family: helvetica, arial, sans-serif;\"><strong>Uz gr\u012bdas st\u0101vo\u0161s, kondens\u0101cijas katls<\/strong> ar ieb\u016bv\u0113tu 200 litru boileri, <strong>kas savienota ar saules ener\u0123ijas sist\u0113mu.<\/strong><\/span><\/p>\n<p><span style=\"font-family: helvetica, arial, sans-serif;\">Nomin\u0101l\u0101 siltuma jauda: Jauns apkures katls: 26,0 kW karst\u0101 \u016bdens un 23,6 kW centr\u0101l\u0101s apkures.<\/span><\/p>\n<p><span style=\"font-family: helvetica, arial, sans-serif;\">Komplekt\u0101 ietilpst visi komponenti, ko piesl\u0113gt saules kolektoriem karst\u0101 \u016bdens sagatavo\u0161anai m\u0101jsaimniec\u012bb\u0101.<\/span><\/p>\n<p><span style=\"font-family: helvetica, arial, sans-serif;\"><strong>200 litru ner\u016bs\u0113jo\u0161\u0101 t\u0113rauda akumul\u0101cijas tvertne<\/strong> garant\u0113 lielu karst\u0101 \u016bdens ra\u017eo\u0161anu, padarot HERCULES SOLAR 26 2 ErP par ide\u0101lu risin\u0101jumu taj\u0101s instal\u0101cijas sist\u0113m\u0101s, kur vienlaic\u012bgi ir nepiecie\u0161ama vair\u0101ku karst\u0101 \u016bdens \u0146em\u0161ana un \u012bpa\u0161i tur, kur ir uzst\u0101d\u012btas d\u017eakuzi.<\/span><\/p>\n<p><span style=\"font-family: helvetica, arial, sans-serif;\"><strong>Tas \u013cauj p\u0101rvald\u012bt jauktu zonu sist\u0113mas, <\/strong>pateicoties pla\u0161am izv\u0113les komplektu pied\u0101v\u0101jumam, kurus var uzst\u0101d\u012bt tie\u0161i katl\u0101.<\/span><\/p>\n<p><span style=\"font-family: helvetica, arial, sans-serif;\"><strong>S\u016bk\u0146i, <\/strong>kas ir standarta komplekt\u0101cij\u0101 ar katlu, un papildu s\u016bk\u0146i kop\u0101 ar komplektu ir<strong> ar zemu elektroener\u0123ijas pat\u0113ri\u0146u<\/strong> un \u013cauj maksim\u0101li ietaup\u012bt ener\u0123iju.<\/span><\/p>\n<p><span style=\"font-family: helvetica, arial, sans-serif;\"><strong>Pla\u0161ais un funkcion\u0101lais \u0161\u0137idro krist\u0101lu displejs ar aizmugur\u0113jo apgaismojumu<\/strong> \u013cauj viegli un nekav\u0113joties vizualiz\u0113t galveno darb\u012bbas inform\u0101ciju. Uzlabot\u0101 elektronika \u013cauj kontrol\u0113t saules ener\u0123ijas \u0137\u0113di.<\/span><\/p>\n<p><span style=\"font-family: helvetica, arial, sans-serif;\">Pateicoties zemajai oglek\u013ca monoks\u012bda (CO) un sl\u0101pek\u013ca oks\u012bda (NOX) emisijai, HERCULES SOLAR 26 2 ErP <strong>pieder pie 5. klases, kas ir videi visdraudz\u012bg\u0101k\u0101 klase, ko nosaka Eiropas standarti <\/strong>(UNI EN 297 e 483).<\/span><\/p>\n\n    <div class=\"xs_social_share_widget xs_share_url after_content \t\tmain_content  wslu-style-1 wslu-share-box-shaped wslu-fill-colored wslu-none wslu-share-horizontal wslu-theme-font-no wslu-main_content\">\n\n\t\t\n        <ul>\n\t\t\t        <\/ul>\n    <\/div>","protected":false},"excerpt":{"rendered":"<p><span style=\"font-family: helvetica, arial, sans-serif;\"><strong>Uz gr\u012bdas st\u0101vo\u0161s, kondens\u0101cijas katls<\/strong> ar ieb\u016bv\u0113tu 200 litru boileri, <strong>kas savienota ar saules ener\u0123ijas sist\u0113mu.<\/strong><\/span><\/p>","protected":false},"featured_media":3432,"template":"","meta":[],"product_brand":[],"product_cat":[58],"product_tag":[],"class_list":{"0":"post-3403","1":"product","2":"type-product","3":"status-publish","4":"has-post-thumbnail","6":"product_cat-gazes-apkures-katli","8":"first","9":"instock","10":"taxable","11":"shipping-taxable","12":"purchasable","13":"product-type-simple"},"yoast_head":"<!-- This site is optimized with the Yoast SEO plugin v25.4 - https:\/\/yoast.com\/wordpress\/plugins\/seo\/ -->\n<title>HERCULES SOLAR 26 2 ErP - Gastechbaltic<\/title>\n<meta name=\"robots\" content=\"index, follow, max-snippet:-1, max-image-preview:large, max-video-preview:-1\" \/>\n<link rel=\"canonical\" href=\"https:\/\/gastechbaltic.lv\/en\/product\/hercules-solar-26-2-erp\/\" \/>\n<meta property=\"og:locale\" content=\"en_GB\" \/>\n<meta property=\"og:type\" content=\"article\" \/>\n<meta property=\"og:title\" content=\"HERCULES SOLAR 26 2 ErP - Gastechbaltic\" \/>\n<meta property=\"og:description\" content=\"Uz gr\u012bdas st\u0101vo\u0161s, kondens\u0101cijas katls ar ieb\u016bv\u0113tu 200 litru boileri, kas savienota ar saules ener\u0123ijas sist\u0113mu.\" \/>\n<meta property=\"og:url\" content=\"https:\/\/gastechbaltic.lv\/en\/product\/hercules-solar-26-2-erp\/\" \/>\n<meta property=\"og:site_name\" content=\"Gastechbaltic\" \/>\n<meta property=\"article:modified_time\" content=\"2025-10-01T08:29:28+00:00\" \/>\n<meta property=\"og:image\" content=\"https:\/\/gastechbaltic.lv\/wp-content\/uploads\/2025\/05\/HERCULES-SOLAR-26-2-ErP.png\" \/>\n\t<meta property=\"og:image:width\" content=\"233\" \/>\n\t<meta property=\"og:image:height\" content=\"702\" \/>\n\t<meta property=\"og:image:type\" content=\"image\/png\" \/>\n<meta name=\"twitter:card\" content=\"summary_large_image\" \/>\n<meta name=\"twitter:label1\" content=\"Estimated reading time\" \/>\n\t<meta name=\"twitter:data1\" content=\"2 minutes\" \/>\n<script type=\"application\/ld+json\" class=\"yoast-schema-graph\">{\"@context\":\"https:\/\/schema.org\",\"@graph\":[{\"@type\":\"WebPage\",\"@id\":\"https:\/\/gastechbaltic.lv\/product\/hercules-solar-26-2-erp\/\",\"url\":\"https:\/\/gastechbaltic.lv\/product\/hercules-solar-26-2-erp\/\",\"name\":\"HERCULES SOLAR 26 2 ErP - Gastechbaltic\",\"isPartOf\":{\"@id\":\"https:\/\/gastechbaltic.lv\/#website\"},\"primaryImageOfPage\":{\"@id\":\"https:\/\/gastechbaltic.lv\/product\/hercules-solar-26-2-erp\/#primaryimage\"},\"image\":{\"@id\":\"https:\/\/gastechbaltic.lv\/product\/hercules-solar-26-2-erp\/#primaryimage\"},\"thumbnailUrl\":\"https:\/\/gastechbaltic.lv\/wp-content\/uploads\/2025\/05\/HERCULES-SOLAR-26-2-ErP.png\",\"datePublished\":\"2025-05-28T12:32:08+00:00\",\"dateModified\":\"2025-10-01T08:29:28+00:00\",\"breadcrumb\":{\"@id\":\"https:\/\/gastechbaltic.lv\/product\/hercules-solar-26-2-erp\/#breadcrumb\"},\"inLanguage\":\"en-GB\",\"potentialAction\":[{\"@type\":\"ReadAction\",\"target\":[\"https:\/\/gastechbaltic.lv\/product\/hercules-solar-26-2-erp\/\"]}]},{\"@type\":\"ImageObject\",\"inLanguage\":\"en-GB\",\"@id\":\"https:\/\/gastechbaltic.lv\/product\/hercules-solar-26-2-erp\/#primaryimage\",\"url\":\"https:\/\/gastechbaltic.lv\/wp-content\/uploads\/2025\/05\/HERCULES-SOLAR-26-2-ErP.png\",\"contentUrl\":\"https:\/\/gastechbaltic.lv\/wp-content\/uploads\/2025\/05\/HERCULES-SOLAR-26-2-ErP.png\",\"width\":233,\"height\":702},{\"@type\":\"BreadcrumbList\",\"@id\":\"https:\/\/gastechbaltic.lv\/product\/hercules-solar-26-2-erp\/#breadcrumb\",\"itemListElement\":[{\"@type\":\"ListItem\",\"position\":1,\"name\":\"Home\",\"item\":\"https:\/\/gastechbaltic.lv\/\"},{\"@type\":\"ListItem\",\"position\":2,\"name\":\"Veikals\",\"item\":\"https:\/\/gastechbaltic.lv\/veikals\/\"},{\"@type\":\"ListItem\",\"position\":3,\"name\":\"HERCULES SOLAR 26 2 ErP\"}]},{\"@type\":\"WebSite\",\"@id\":\"https:\/\/gastechbaltic.lv\/#website\",\"url\":\"https:\/\/gastechbaltic.lv\/\",\"name\":\"Gastechbaltic\",\"description\":\"\",\"publisher\":{\"@id\":\"https:\/\/gastechbaltic.lv\/#organization\"},\"potentialAction\":[{\"@type\":\"SearchAction\",\"target\":{\"@type\":\"EntryPoint\",\"urlTemplate\":\"https:\/\/gastechbaltic.lv\/?s={search_term_string}\"},\"query-input\":{\"@type\":\"PropertyValueSpecification\",\"valueRequired\":true,\"valueName\":\"search_term_string\"}}],\"inLanguage\":\"en-GB\"},{\"@type\":\"Organization\",\"@id\":\"https:\/\/gastechbaltic.lv\/#organization\",\"name\":\"Gastechbaltic\",\"url\":\"https:\/\/gastechbaltic.lv\/\",\"logo\":{\"@type\":\"ImageObject\",\"inLanguage\":\"en-GB\",\"@id\":\"https:\/\/gastechbaltic.lv\/#\/schema\/logo\/image\/\",\"url\":\"https:\/\/gastechbaltic.lv\/wp-content\/uploads\/2025\/07\/cropped-New-Project-9.png\",\"contentUrl\":\"https:\/\/gastechbaltic.lv\/wp-content\/uploads\/2025\/07\/cropped-New-Project-9.png\",\"width\":275,\"height\":91,\"caption\":\"Gastechbaltic\"},\"image\":{\"@id\":\"https:\/\/gastechbaltic.lv\/#\/schema\/logo\/image\/\"}}]}<\/script>\n<!-- \/ Yoast SEO plugin. -->","yoast_head_json":{"title":"HERCULES SOLAR 26 2 ErP - Gastechbaltic","robots":{"index":"index","follow":"follow","max-snippet":"max-snippet:-1","max-image-preview":"max-image-preview:large","max-video-preview":"max-video-preview:-1"},"canonical":"https:\/\/gastechbaltic.lv\/en\/product\/hercules-solar-26-2-erp\/","og_locale":"en_GB","og_type":"article","og_title":"HERCULES SOLAR 26 2 ErP - Gastechbaltic","og_description":"Uz gr\u012bdas st\u0101vo\u0161s, kondens\u0101cijas katls ar ieb\u016bv\u0113tu 200 litru boileri, kas savienota ar saules ener\u0123ijas sist\u0113mu.","og_url":"https:\/\/gastechbaltic.lv\/en\/product\/hercules-solar-26-2-erp\/","og_site_name":"Gastechbaltic","article_modified_time":"2025-10-01T08:29:28+00:00","og_image":[{"width":233,"height":702,"url":"https:\/\/gastechbaltic.lv\/wp-content\/uploads\/2025\/05\/HERCULES-SOLAR-26-2-ErP.png","type":"image\/png"}],"twitter_card":"summary_large_image","twitter_misc":{"Estimated reading time":"2 minutes"},"schema":{"@context":"https:\/\/schema.org","@graph":[{"@type":"WebPage","@id":"https:\/\/gastechbaltic.lv\/product\/hercules-solar-26-2-erp\/","url":"https:\/\/gastechbaltic.lv\/product\/hercules-solar-26-2-erp\/","name":"HERCULES SOLAR 26 2 ErP - Gastechbaltic","isPartOf":{"@id":"https:\/\/gastechbaltic.lv\/#website"},"primaryImageOfPage":{"@id":"https:\/\/gastechbaltic.lv\/product\/hercules-solar-26-2-erp\/#primaryimage"},"image":{"@id":"https:\/\/gastechbaltic.lv\/product\/hercules-solar-26-2-erp\/#primaryimage"},"thumbnailUrl":"https:\/\/gastechbaltic.lv\/wp-content\/uploads\/2025\/05\/HERCULES-SOLAR-26-2-ErP.png","datePublished":"2025-05-28T12:32:08+00:00","dateModified":"2025-10-01T08:29:28+00:00","breadcrumb":{"@id":"https:\/\/gastechbaltic.lv\/product\/hercules-solar-26-2-erp\/#breadcrumb"},"inLanguage":"en-GB","potentialAction":[{"@type":"ReadAction","target":["https:\/\/gastechbaltic.lv\/product\/hercules-solar-26-2-erp\/"]}]},{"@type":"ImageObject","inLanguage":"en-GB","@id":"https:\/\/gastechbaltic.lv\/product\/hercules-solar-26-2-erp\/#primaryimage","url":"https:\/\/gastechbaltic.lv\/wp-content\/uploads\/2025\/05\/HERCULES-SOLAR-26-2-ErP.png","contentUrl":"https:\/\/gastechbaltic.lv\/wp-content\/uploads\/2025\/05\/HERCULES-SOLAR-26-2-ErP.png","width":233,"height":702},{"@type":"BreadcrumbList","@id":"https:\/\/gastechbaltic.lv\/product\/hercules-solar-26-2-erp\/#breadcrumb","itemListElement":[{"@type":"ListItem","position":1,"name":"Home","item":"https:\/\/gastechbaltic.lv\/"},{"@type":"ListItem","position":2,"name":"Veikals","item":"https:\/\/gastechbaltic.lv\/veikals\/"},{"@type":"ListItem","position":3,"name":"HERCULES SOLAR 26 2 ErP"}]},{"@type":"WebSite","@id":"https:\/\/gastechbaltic.lv\/#website","url":"https:\/\/gastechbaltic.lv\/","name":"Gastechbaltic","description":"","publisher":{"@id":"https:\/\/gastechbaltic.lv\/#organization"},"potentialAction":[{"@type":"SearchAction","target":{"@type":"EntryPoint","urlTemplate":"https:\/\/gastechbaltic.lv\/?s={search_term_string}"},"query-input":{"@type":"PropertyValueSpecification","valueRequired":true,"valueName":"search_term_string"}}],"inLanguage":"en-GB"},{"@type":"Organization","@id":"https:\/\/gastechbaltic.lv\/#organization","name":"Gastechbaltic","url":"https:\/\/gastechbaltic.lv\/","logo":{"@type":"ImageObject","inLanguage":"en-GB","@id":"https:\/\/gastechbaltic.lv\/#\/schema\/logo\/image\/","url":"https:\/\/gastechbaltic.lv\/wp-content\/uploads\/2025\/07\/cropped-New-Project-9.png","contentUrl":"https:\/\/gastechbaltic.lv\/wp-content\/uploads\/2025\/07\/cropped-New-Project-9.png","width":275,"height":91,"caption":"Gastechbaltic"},"image":{"@id":"https:\/\/gastechbaltic.lv\/#\/schema\/logo\/image\/"}}]}},"_links":{"self":[{"href":"https:\/\/gastechbaltic.lv\/en\/wp-json\/wp\/v2\/product\/3403","targetHints":{"allow":["GET"]}}],"collection":[{"href":"https:\/\/gastechbaltic.lv\/en\/wp-json\/wp\/v2\/product"}],"about":[{"href":"https:\/\/gastechbaltic.lv\/en\/wp-json\/wp\/v2\/types\/product"}],"wp:featuredmedia":[{"embeddable":true,"href":"https:\/\/gastechbaltic.lv\/en\/wp-json\/wp\/v2\/media\/3432"}],"wp:attachment":[{"href":"https:\/\/gastechbaltic.lv\/en\/wp-json\/wp\/v2\/media?parent=3403"}],"wp:term":[{"taxonomy":"product_brand","embeddable":true,"href":"https:\/\/gastechbaltic.lv\/en\/wp-json\/wp\/v2\/product_brand?post=3403"},{"taxonomy":"product_cat","embeddable":true,"href":"https:\/\/gastechbaltic.lv\/en\/wp-json\/wp\/v2\/product_cat?post=3403"},{"taxonomy":"product_tag","embeddable":true,"href":"https:\/\/gastechbaltic.lv\/en\/wp-json\/wp\/v2\/product_tag?post=3403"}],"curies":[{"name":"wp","href":"https:\/\/api.w.org\/{rel}","templated":true}]}}