{"id":3402,"date":"2025-05-28T14:32:07","date_gmt":"2025-05-28T12:32:07","guid":{"rendered":"https:\/\/gastechbaltic.lv\/?post_type=product&#038;p=3402"},"modified":"2025-10-01T12:24:05","modified_gmt":"2025-10-01T09:24:05","slug":"victrix-superior-35-plus","status":"publish","type":"product","link":"https:\/\/gastechbaltic.lv\/en\/product\/victrix-superior-35-plus\/","title":{"rendered":"Victrix SUPERIOR 35 PLUS"},"content":{"rendered":"<p><strong>Kop\u0113jais produkta kods met\u0101na, sa\u0161\u0137idrin\u0101t\u0101s naftas g\u0101zes vai 20% \u016bde\u0146ra\u017ea mais\u012bjumiem (g\u0101zes adapt\u0101cijas tehnolo\u0123ija).<\/strong><\/p>\n<p>94% sezon\u0101l\u0101 efektivit\u0101te, lai sasniegtu augst\u0101ku energoefektivit\u0101tes klasi (A+) kombin\u0101cij\u0101 ar modul\u0101cijas t\u0101lvad\u012bbas pulti (t. i., SMARTECH PLUS, CARV2 vai CRD PLUS). NOx klase 6.<\/p>\n<p>Var uzst\u0101d\u012bt atsevi\u0161\u0137i vai kask\u0101d\u0113 (l\u012bdz 8 ier\u012bc\u0113m, izmantojot kask\u0101des izv\u0113les komplektu, kods 3.020355).<\/p>\n<p>Savienojums ar Immerstor kl\u0101stu, izmantojot papildapr\u012bkojuma komplektu 3.022848.<\/p>\n<p>3 zvaig\u017e\u0146u sanit\u0101r\u0101 komforta mar\u0137\u0113jums.<\/p>\n<p>Regul\u0113jams sist\u0113mas apvedce\u013c\u0161.<\/p>\n<p>Standarta aizsardz\u012bba pret sasal\u0161anu l\u012bdz -3 \u00b0C. Standarta piesl\u0113guma komplekts.<\/p>\n<p><strong>Magn\u0113tisk\u0101 ciklona filtra komplekts k\u0101 standarta apr\u012bkojums<\/strong><\/p>\n<p>Augsto tehnolo\u0123iju elektronika nodro\u0161ina daudzas jaunas funkcijas, piem\u0113ram, iesp\u0113ju kontrol\u0113t 3 zonas tie\u0161i no katla vad\u012bbas pane\u013ca vai \u0113rtu 4 komforta laika diapazonu un 4 kalend\u0101ru iestat\u012b\u0161anu.<\/p>\n\n    <div class=\"xs_social_share_widget xs_share_url after_content \t\tmain_content  wslu-style-1 wslu-share-box-shaped wslu-fill-colored wslu-none wslu-share-horizontal wslu-theme-font-no wslu-main_content\">\n\n\t\t\n        <ul>\n\t\t\t        <\/ul>\n    <\/div>","protected":false},"excerpt":{"rendered":"<p><span style=\"font-family: helvetica, arial, sans-serif; font-size: 14pt;\">Pie sienas piekaramais kombin\u0113tais kondens\u0101cijas katls ar &#8220;Aqua Celeris&#8221; un magn\u0113tisko ciklona filtru.<\/span><\/p>\n<ul>\n<li>SAULES SIST\u0112MAS INTEGR\u0100CIJA<\/li>\n<li>MODUL\u0112JAMS S\u016aKNIS<\/li>\n<li>IESP\u0112JAMA UZST\u0100D\u012a\u0160ANA KASK\u0100D\u0112<\/li>\n<\/ul>\n<div style=\"display: flex; align-items: center;\">\n<p>&nbsp;<\/p>\n<p>&nbsp;<\/p>\n<\/div>","protected":false},"featured_media":3431,"template":"","meta":[],"product_brand":[],"product_cat":[58],"product_tag":[],"class_list":{"0":"post-3402","1":"product","2":"type-product","3":"status-publish","4":"has-post-thumbnail","6":"product_cat-gazes-apkures-katli","8":"first","9":"instock","10":"taxable","11":"shipping-taxable","12":"purchasable","13":"product-type-simple"},"yoast_head":"<!-- This site is optimized with the Yoast SEO plugin v25.4 - https:\/\/yoast.com\/wordpress\/plugins\/seo\/ -->\n<title>Victrix SUPERIOR 35 PLUS - Gastechbaltic<\/title>\n<meta name=\"description\" content=\"Maksim\u0101ls komforts , un moderns dizains. Efektivit\u0101te un tehnolo\u0123ija \u2013 rad\u012bts \u016bde\u0146ra\u017ea izmanto\u0161anai. Jauda no 26 l\u012bdz 35 kW, modul\u0101cija 1:15.\" \/>\n<meta name=\"robots\" content=\"index, follow, max-snippet:-1, max-image-preview:large, max-video-preview:-1\" \/>\n<link rel=\"canonical\" href=\"https:\/\/gastechbaltic.lv\/en\/product\/victrix-superior-35-plus\/\" \/>\n<meta property=\"og:locale\" content=\"en_GB\" \/>\n<meta property=\"og:type\" content=\"article\" \/>\n<meta property=\"og:title\" content=\"Victrix SUPERIOR 35 PLUS - Gastechbaltic\" \/>\n<meta property=\"og:description\" content=\"Maksim\u0101ls komforts , un moderns dizains. Efektivit\u0101te un tehnolo\u0123ija \u2013 rad\u012bts \u016bde\u0146ra\u017ea izmanto\u0161anai. Jauda no 26 l\u012bdz 35 kW, modul\u0101cija 1:15.\" \/>\n<meta property=\"og:url\" content=\"https:\/\/gastechbaltic.lv\/en\/product\/victrix-superior-35-plus\/\" \/>\n<meta property=\"og:site_name\" content=\"Gastechbaltic\" \/>\n<meta property=\"article:modified_time\" content=\"2025-10-01T09:24:05+00:00\" \/>\n<meta property=\"og:image\" content=\"https:\/\/gastechbaltic.lv\/wp-content\/uploads\/2025\/05\/VICTRIX-SUPERIOR-35-PLUS.png\" \/>\n\t<meta property=\"og:image:width\" content=\"1107\" \/>\n\t<meta property=\"og:image:height\" content=\"1660\" \/>\n\t<meta property=\"og:image:type\" content=\"image\/png\" \/>\n<meta name=\"twitter:card\" content=\"summary_large_image\" \/>\n<meta name=\"twitter:label1\" content=\"Estimated reading time\" \/>\n\t<meta name=\"twitter:data1\" content=\"1 minute\" \/>\n<script type=\"application\/ld+json\" class=\"yoast-schema-graph\">{\"@context\":\"https:\/\/schema.org\",\"@graph\":[{\"@type\":\"WebPage\",\"@id\":\"https:\/\/gastechbaltic.lv\/product\/victrix-superior-35-plus\/\",\"url\":\"https:\/\/gastechbaltic.lv\/product\/victrix-superior-35-plus\/\",\"name\":\"Victrix SUPERIOR 35 PLUS - Gastechbaltic\",\"isPartOf\":{\"@id\":\"https:\/\/gastechbaltic.lv\/#website\"},\"primaryImageOfPage\":{\"@id\":\"https:\/\/gastechbaltic.lv\/product\/victrix-superior-35-plus\/#primaryimage\"},\"image\":{\"@id\":\"https:\/\/gastechbaltic.lv\/product\/victrix-superior-35-plus\/#primaryimage\"},\"thumbnailUrl\":\"https:\/\/gastechbaltic.lv\/wp-content\/uploads\/2025\/05\/VICTRIX-SUPERIOR-35-PLUS.png\",\"datePublished\":\"2025-05-28T12:32:07+00:00\",\"dateModified\":\"2025-10-01T09:24:05+00:00\",\"description\":\"Maksim\u0101ls komforts , un moderns dizains. Efektivit\u0101te un tehnolo\u0123ija \u2013 rad\u012bts \u016bde\u0146ra\u017ea izmanto\u0161anai. Jauda no 26 l\u012bdz 35 kW, modul\u0101cija 1:15.\",\"breadcrumb\":{\"@id\":\"https:\/\/gastechbaltic.lv\/product\/victrix-superior-35-plus\/#breadcrumb\"},\"inLanguage\":\"en-GB\",\"potentialAction\":[{\"@type\":\"ReadAction\",\"target\":[\"https:\/\/gastechbaltic.lv\/product\/victrix-superior-35-plus\/\"]}]},{\"@type\":\"ImageObject\",\"inLanguage\":\"en-GB\",\"@id\":\"https:\/\/gastechbaltic.lv\/product\/victrix-superior-35-plus\/#primaryimage\",\"url\":\"https:\/\/gastechbaltic.lv\/wp-content\/uploads\/2025\/05\/VICTRIX-SUPERIOR-35-PLUS.png\",\"contentUrl\":\"https:\/\/gastechbaltic.lv\/wp-content\/uploads\/2025\/05\/VICTRIX-SUPERIOR-35-PLUS.png\",\"width\":1107,\"height\":1660},{\"@type\":\"BreadcrumbList\",\"@id\":\"https:\/\/gastechbaltic.lv\/product\/victrix-superior-35-plus\/#breadcrumb\",\"itemListElement\":[{\"@type\":\"ListItem\",\"position\":1,\"name\":\"Home\",\"item\":\"https:\/\/gastechbaltic.lv\/\"},{\"@type\":\"ListItem\",\"position\":2,\"name\":\"Veikals\",\"item\":\"https:\/\/gastechbaltic.lv\/veikals\/\"},{\"@type\":\"ListItem\",\"position\":3,\"name\":\"Victrix SUPERIOR 35 PLUS\"}]},{\"@type\":\"WebSite\",\"@id\":\"https:\/\/gastechbaltic.lv\/#website\",\"url\":\"https:\/\/gastechbaltic.lv\/\",\"name\":\"Gastechbaltic\",\"description\":\"\",\"publisher\":{\"@id\":\"https:\/\/gastechbaltic.lv\/#organization\"},\"potentialAction\":[{\"@type\":\"SearchAction\",\"target\":{\"@type\":\"EntryPoint\",\"urlTemplate\":\"https:\/\/gastechbaltic.lv\/?s={search_term_string}\"},\"query-input\":{\"@type\":\"PropertyValueSpecification\",\"valueRequired\":true,\"valueName\":\"search_term_string\"}}],\"inLanguage\":\"en-GB\"},{\"@type\":\"Organization\",\"@id\":\"https:\/\/gastechbaltic.lv\/#organization\",\"name\":\"Gastechbaltic\",\"url\":\"https:\/\/gastechbaltic.lv\/\",\"logo\":{\"@type\":\"ImageObject\",\"inLanguage\":\"en-GB\",\"@id\":\"https:\/\/gastechbaltic.lv\/#\/schema\/logo\/image\/\",\"url\":\"https:\/\/gastechbaltic.lv\/wp-content\/uploads\/2025\/07\/cropped-New-Project-9.png\",\"contentUrl\":\"https:\/\/gastechbaltic.lv\/wp-content\/uploads\/2025\/07\/cropped-New-Project-9.png\",\"width\":275,\"height\":91,\"caption\":\"Gastechbaltic\"},\"image\":{\"@id\":\"https:\/\/gastechbaltic.lv\/#\/schema\/logo\/image\/\"}}]}<\/script>\n<!-- \/ Yoast SEO plugin. -->","yoast_head_json":{"title":"Victrix SUPERIOR 35 PLUS - Gastechbaltic","description":"Maksim\u0101ls komforts , un moderns dizains. Efektivit\u0101te un tehnolo\u0123ija \u2013 rad\u012bts \u016bde\u0146ra\u017ea izmanto\u0161anai. Jauda no 26 l\u012bdz 35 kW, modul\u0101cija 1:15.","robots":{"index":"index","follow":"follow","max-snippet":"max-snippet:-1","max-image-preview":"max-image-preview:large","max-video-preview":"max-video-preview:-1"},"canonical":"https:\/\/gastechbaltic.lv\/en\/product\/victrix-superior-35-plus\/","og_locale":"en_GB","og_type":"article","og_title":"Victrix SUPERIOR 35 PLUS - Gastechbaltic","og_description":"Maksim\u0101ls komforts , un moderns dizains. Efektivit\u0101te un tehnolo\u0123ija \u2013 rad\u012bts \u016bde\u0146ra\u017ea izmanto\u0161anai. Jauda no 26 l\u012bdz 35 kW, modul\u0101cija 1:15.","og_url":"https:\/\/gastechbaltic.lv\/en\/product\/victrix-superior-35-plus\/","og_site_name":"Gastechbaltic","article_modified_time":"2025-10-01T09:24:05+00:00","og_image":[{"width":1107,"height":1660,"url":"https:\/\/gastechbaltic.lv\/wp-content\/uploads\/2025\/05\/VICTRIX-SUPERIOR-35-PLUS.png","type":"image\/png"}],"twitter_card":"summary_large_image","twitter_misc":{"Estimated reading time":"1 minute"},"schema":{"@context":"https:\/\/schema.org","@graph":[{"@type":"WebPage","@id":"https:\/\/gastechbaltic.lv\/product\/victrix-superior-35-plus\/","url":"https:\/\/gastechbaltic.lv\/product\/victrix-superior-35-plus\/","name":"Victrix SUPERIOR 35 PLUS - Gastechbaltic","isPartOf":{"@id":"https:\/\/gastechbaltic.lv\/#website"},"primaryImageOfPage":{"@id":"https:\/\/gastechbaltic.lv\/product\/victrix-superior-35-plus\/#primaryimage"},"image":{"@id":"https:\/\/gastechbaltic.lv\/product\/victrix-superior-35-plus\/#primaryimage"},"thumbnailUrl":"https:\/\/gastechbaltic.lv\/wp-content\/uploads\/2025\/05\/VICTRIX-SUPERIOR-35-PLUS.png","datePublished":"2025-05-28T12:32:07+00:00","dateModified":"2025-10-01T09:24:05+00:00","description":"Maksim\u0101ls komforts , un moderns dizains. Efektivit\u0101te un tehnolo\u0123ija \u2013 rad\u012bts \u016bde\u0146ra\u017ea izmanto\u0161anai. Jauda no 26 l\u012bdz 35 kW, modul\u0101cija 1:15.","breadcrumb":{"@id":"https:\/\/gastechbaltic.lv\/product\/victrix-superior-35-plus\/#breadcrumb"},"inLanguage":"en-GB","potentialAction":[{"@type":"ReadAction","target":["https:\/\/gastechbaltic.lv\/product\/victrix-superior-35-plus\/"]}]},{"@type":"ImageObject","inLanguage":"en-GB","@id":"https:\/\/gastechbaltic.lv\/product\/victrix-superior-35-plus\/#primaryimage","url":"https:\/\/gastechbaltic.lv\/wp-content\/uploads\/2025\/05\/VICTRIX-SUPERIOR-35-PLUS.png","contentUrl":"https:\/\/gastechbaltic.lv\/wp-content\/uploads\/2025\/05\/VICTRIX-SUPERIOR-35-PLUS.png","width":1107,"height":1660},{"@type":"BreadcrumbList","@id":"https:\/\/gastechbaltic.lv\/product\/victrix-superior-35-plus\/#breadcrumb","itemListElement":[{"@type":"ListItem","position":1,"name":"Home","item":"https:\/\/gastechbaltic.lv\/"},{"@type":"ListItem","position":2,"name":"Veikals","item":"https:\/\/gastechbaltic.lv\/veikals\/"},{"@type":"ListItem","position":3,"name":"Victrix SUPERIOR 35 PLUS"}]},{"@type":"WebSite","@id":"https:\/\/gastechbaltic.lv\/#website","url":"https:\/\/gastechbaltic.lv\/","name":"Gastechbaltic","description":"","publisher":{"@id":"https:\/\/gastechbaltic.lv\/#organization"},"potentialAction":[{"@type":"SearchAction","target":{"@type":"EntryPoint","urlTemplate":"https:\/\/gastechbaltic.lv\/?s={search_term_string}"},"query-input":{"@type":"PropertyValueSpecification","valueRequired":true,"valueName":"search_term_string"}}],"inLanguage":"en-GB"},{"@type":"Organization","@id":"https:\/\/gastechbaltic.lv\/#organization","name":"Gastechbaltic","url":"https:\/\/gastechbaltic.lv\/","logo":{"@type":"ImageObject","inLanguage":"en-GB","@id":"https:\/\/gastechbaltic.lv\/#\/schema\/logo\/image\/","url":"https:\/\/gastechbaltic.lv\/wp-content\/uploads\/2025\/07\/cropped-New-Project-9.png","contentUrl":"https:\/\/gastechbaltic.lv\/wp-content\/uploads\/2025\/07\/cropped-New-Project-9.png","width":275,"height":91,"caption":"Gastechbaltic"},"image":{"@id":"https:\/\/gastechbaltic.lv\/#\/schema\/logo\/image\/"}}]}},"_links":{"self":[{"href":"https:\/\/gastechbaltic.lv\/en\/wp-json\/wp\/v2\/product\/3402","targetHints":{"allow":["GET"]}}],"collection":[{"href":"https:\/\/gastechbaltic.lv\/en\/wp-json\/wp\/v2\/product"}],"about":[{"href":"https:\/\/gastechbaltic.lv\/en\/wp-json\/wp\/v2\/types\/product"}],"wp:featuredmedia":[{"embeddable":true,"href":"https:\/\/gastechbaltic.lv\/en\/wp-json\/wp\/v2\/media\/3431"}],"wp:attachment":[{"href":"https:\/\/gastechbaltic.lv\/en\/wp-json\/wp\/v2\/media?parent=3402"}],"wp:term":[{"taxonomy":"product_brand","embeddable":true,"href":"https:\/\/gastechbaltic.lv\/en\/wp-json\/wp\/v2\/product_brand?post=3402"},{"taxonomy":"product_cat","embeddable":true,"href":"https:\/\/gastechbaltic.lv\/en\/wp-json\/wp\/v2\/product_cat?post=3402"},{"taxonomy":"product_tag","embeddable":true,"href":"https:\/\/gastechbaltic.lv\/en\/wp-json\/wp\/v2\/product_tag?post=3402"}],"curies":[{"name":"wp","href":"https:\/\/api.w.org\/{rel}","templated":true}]}}