{"id":3400,"date":"2025-05-28T14:32:07","date_gmt":"2025-05-28T12:32:07","guid":{"rendered":"https:\/\/gastechbaltic.lv\/?post_type=product&#038;p=3400"},"modified":"2025-10-01T12:09:05","modified_gmt":"2025-10-01T09:09:05","slug":"victrix-superior-26","status":"publish","type":"product","link":"https:\/\/gastechbaltic.lv\/en\/product\/victrix-superior-26\/","title":{"rendered":"Victrix SUPERIOR 26"},"content":{"rendered":"<p><span style=\"font-family: helvetica, arial, sans-serif;\"><strong>Kop\u0113jais produkta kods met\u0101na, sa\u0161\u0137idrin\u0101t\u0101s naftas g\u0101zes vai 20% \u016bde\u0146ra\u017ea mais\u012bjumiem (g\u0101zes adapt\u0101cijas tehnolo\u0123ija).<\/strong><\/span><\/p>\n<p><span style=\"font-family: helvetica, arial, sans-serif;\">94% sezon\u0101l\u0101 efektivit\u0101te, lai sasniegtu augst\u0101ku energoefektivit\u0101tes klasi (A+) kombin\u0101cij\u0101 ar modul\u0101cijas t\u0101lvad\u012bbas pulti (t. i., SMARTECH PLUS, CARV2 vai CRD PLUS). NOx klase 6.<\/span><\/p>\n<p><span style=\"font-family: helvetica, arial, sans-serif;\">3 zvaig\u017e\u0146u sanit\u0101r\u0101 komforta mar\u0137\u0113jums.<\/span><\/p>\n<p><span style=\"font-family: helvetica, arial, sans-serif;\">&#8220;Aqua Celeris&#8221; patent\u0113t\u0101 sist\u0113ma.<\/span><\/p>\n<p><span style=\"font-family: helvetica, arial, sans-serif;\">Regul\u0113jams sist\u0113mas apvads<\/span><\/p>\n<p><span style=\"font-family: helvetica, arial, sans-serif;\">Standarta aizsardz\u012bba pret sasal\u0161anu l\u012bdz -3 \u00b0C. Standarta piesl\u0113guma komplekts.<\/span><\/p>\n<p><span style=\"font-family: helvetica, arial, sans-serif;\"><strong>Magn\u0113tisk\u0101 ciklona filtra komplekts k\u0101 standarta apr\u012bkojums<\/strong><\/span><\/p>\n<p><span style=\"font-family: helvetica, arial, sans-serif;\">Standarta klo\u0137s \u013cauj kombin\u0113t ar vair\u0101k\u0101m izpl\u016bdes sist\u0113m\u0101m ar pozit\u012bvu spiedienu.<\/span><\/p>\n<p><span style=\"font-family: helvetica, arial, sans-serif;\">Augsto tehnolo\u0123iju elektronika nodro\u0161ina daudzas jaunas funkcijas, piem\u0113ram, iesp\u0113ju kontrol\u0113t 3 zonas tie\u0161i no katla vad\u012bbas pane\u013ca vai \u0113rtu 4 komforta laika diapazonu un 4 kalend\u0101ru iestat\u012b\u0161anu.<\/span><\/p>\n<p><span style=\"font-family: helvetica, arial, sans-serif;\">Optim\u0101li karst\u0101 \u016bdens pat\u0113ri\u0146a r\u0101d\u012bt\u0101ji, pateicoties pl\u016bsmas regulatoram.<\/span><\/p>\n\n    <div class=\"xs_social_share_widget xs_share_url after_content \t\tmain_content  wslu-style-1 wslu-share-box-shaped wslu-fill-colored wslu-none wslu-share-horizontal wslu-theme-font-no wslu-main_content\">\n\n\t\t\n        <ul>\n\t\t\t        <\/ul>\n    <\/div>","protected":false},"excerpt":{"rendered":"<p><span style=\"font-family: helvetica, arial, sans-serif; font-size: 14pt;\">Pie sienas piekaramais kombin\u0113tais kondens\u0101cijas katls ar &#8220;Aqua Celeris&#8221; un magn\u0113tisko ciklona filtru.<\/span><\/p>\n<ul>\n<li>3 ZVAIG\u017d\u0145U SANIT\u0100R\u0100 KOMFORTA MAR\u0136\u0112JUMS<\/li>\n<li>KARST\u0100 \u016aDENS \u0100TR\u0100 EROG\u0100CIJA<\/li>\n<li>MODUL\u0112JAMS S\u016aKNIS<\/li>\n<\/ul>\n<div style=\"display: flex; align-items: center;\">\n<p>&nbsp;<\/p>\n<p>&nbsp;<\/p>\n<\/div>","protected":false},"featured_media":3429,"template":"","meta":[],"product_brand":[],"product_cat":[58],"product_tag":[],"class_list":{"0":"post-3400","1":"product","2":"type-product","3":"status-publish","4":"has-post-thumbnail","6":"product_cat-gazes-apkures-katli","8":"first","9":"instock","10":"taxable","11":"shipping-taxable","12":"purchasable","13":"product-type-simple"},"yoast_head":"<!-- This site is optimized with the Yoast SEO plugin v25.4 - https:\/\/yoast.com\/wordpress\/plugins\/seo\/ -->\n<title>Victrix SUPERIOR 26 - Gastechbaltic<\/title>\n<meta name=\"robots\" content=\"index, follow, max-snippet:-1, max-image-preview:large, max-video-preview:-1\" \/>\n<link rel=\"canonical\" href=\"https:\/\/gastechbaltic.lv\/en\/product\/victrix-superior-26\/\" \/>\n<meta property=\"og:locale\" content=\"en_GB\" \/>\n<meta property=\"og:type\" content=\"article\" \/>\n<meta property=\"og:title\" content=\"Victrix SUPERIOR 26 - Gastechbaltic\" \/>\n<meta property=\"og:description\" content=\"Pie sienas piekaramais kombin\u0113tais kondens\u0101cijas katls ar &quot;Aqua Celeris&quot; un magn\u0113tisko ciklona filtru.   3 ZVAIG\u017d\u0145U SANIT\u0100R\u0100 KOMFORTA MAR\u0136\u0112JUMS  KARST\u0100 \u016aDENS \u0100TR\u0100 EROG\u0100CIJA  MODUL\u0112JAMS S\u016aKNIS    &nbsp;  &nbsp;\" \/>\n<meta property=\"og:url\" content=\"https:\/\/gastechbaltic.lv\/en\/product\/victrix-superior-26\/\" \/>\n<meta property=\"og:site_name\" content=\"Gastechbaltic\" \/>\n<meta property=\"article:modified_time\" content=\"2025-10-01T09:09:05+00:00\" \/>\n<meta property=\"og:image\" content=\"https:\/\/gastechbaltic.lv\/wp-content\/uploads\/2025\/05\/Noformejums-bez-nosaukuma-3.jpg\" \/>\n\t<meta property=\"og:image:width\" content=\"940\" \/>\n\t<meta property=\"og:image:height\" content=\"788\" \/>\n\t<meta property=\"og:image:type\" content=\"image\/jpeg\" \/>\n<meta name=\"twitter:card\" content=\"summary_large_image\" \/>\n<meta name=\"twitter:label1\" content=\"Estimated reading time\" \/>\n\t<meta name=\"twitter:data1\" content=\"1 minute\" \/>\n<script type=\"application\/ld+json\" class=\"yoast-schema-graph\">{\"@context\":\"https:\/\/schema.org\",\"@graph\":[{\"@type\":\"WebPage\",\"@id\":\"https:\/\/gastechbaltic.lv\/product\/victrix-superior-26\/\",\"url\":\"https:\/\/gastechbaltic.lv\/product\/victrix-superior-26\/\",\"name\":\"Victrix SUPERIOR 26 - Gastechbaltic\",\"isPartOf\":{\"@id\":\"https:\/\/gastechbaltic.lv\/#website\"},\"primaryImageOfPage\":{\"@id\":\"https:\/\/gastechbaltic.lv\/product\/victrix-superior-26\/#primaryimage\"},\"image\":{\"@id\":\"https:\/\/gastechbaltic.lv\/product\/victrix-superior-26\/#primaryimage\"},\"thumbnailUrl\":\"https:\/\/gastechbaltic.lv\/wp-content\/uploads\/2025\/05\/Noformejums-bez-nosaukuma-3.jpg\",\"datePublished\":\"2025-05-28T12:32:07+00:00\",\"dateModified\":\"2025-10-01T09:09:05+00:00\",\"breadcrumb\":{\"@id\":\"https:\/\/gastechbaltic.lv\/product\/victrix-superior-26\/#breadcrumb\"},\"inLanguage\":\"en-GB\",\"potentialAction\":[{\"@type\":\"ReadAction\",\"target\":[\"https:\/\/gastechbaltic.lv\/product\/victrix-superior-26\/\"]}]},{\"@type\":\"ImageObject\",\"inLanguage\":\"en-GB\",\"@id\":\"https:\/\/gastechbaltic.lv\/product\/victrix-superior-26\/#primaryimage\",\"url\":\"https:\/\/gastechbaltic.lv\/wp-content\/uploads\/2025\/05\/Noformejums-bez-nosaukuma-3.jpg\",\"contentUrl\":\"https:\/\/gastechbaltic.lv\/wp-content\/uploads\/2025\/05\/Noformejums-bez-nosaukuma-3.jpg\",\"width\":940,\"height\":788},{\"@type\":\"BreadcrumbList\",\"@id\":\"https:\/\/gastechbaltic.lv\/product\/victrix-superior-26\/#breadcrumb\",\"itemListElement\":[{\"@type\":\"ListItem\",\"position\":1,\"name\":\"Home\",\"item\":\"https:\/\/gastechbaltic.lv\/\"},{\"@type\":\"ListItem\",\"position\":2,\"name\":\"Veikals\",\"item\":\"https:\/\/gastechbaltic.lv\/veikals\/\"},{\"@type\":\"ListItem\",\"position\":3,\"name\":\"Victrix SUPERIOR 26\"}]},{\"@type\":\"WebSite\",\"@id\":\"https:\/\/gastechbaltic.lv\/#website\",\"url\":\"https:\/\/gastechbaltic.lv\/\",\"name\":\"Gastechbaltic\",\"description\":\"\",\"publisher\":{\"@id\":\"https:\/\/gastechbaltic.lv\/#organization\"},\"potentialAction\":[{\"@type\":\"SearchAction\",\"target\":{\"@type\":\"EntryPoint\",\"urlTemplate\":\"https:\/\/gastechbaltic.lv\/?s={search_term_string}\"},\"query-input\":{\"@type\":\"PropertyValueSpecification\",\"valueRequired\":true,\"valueName\":\"search_term_string\"}}],\"inLanguage\":\"en-GB\"},{\"@type\":\"Organization\",\"@id\":\"https:\/\/gastechbaltic.lv\/#organization\",\"name\":\"Gastechbaltic\",\"url\":\"https:\/\/gastechbaltic.lv\/\",\"logo\":{\"@type\":\"ImageObject\",\"inLanguage\":\"en-GB\",\"@id\":\"https:\/\/gastechbaltic.lv\/#\/schema\/logo\/image\/\",\"url\":\"https:\/\/gastechbaltic.lv\/wp-content\/uploads\/2025\/07\/cropped-New-Project-9.png\",\"contentUrl\":\"https:\/\/gastechbaltic.lv\/wp-content\/uploads\/2025\/07\/cropped-New-Project-9.png\",\"width\":275,\"height\":91,\"caption\":\"Gastechbaltic\"},\"image\":{\"@id\":\"https:\/\/gastechbaltic.lv\/#\/schema\/logo\/image\/\"}}]}<\/script>\n<!-- \/ Yoast SEO plugin. -->","yoast_head_json":{"title":"Victrix SUPERIOR 26 - Gastechbaltic","robots":{"index":"index","follow":"follow","max-snippet":"max-snippet:-1","max-image-preview":"max-image-preview:large","max-video-preview":"max-video-preview:-1"},"canonical":"https:\/\/gastechbaltic.lv\/en\/product\/victrix-superior-26\/","og_locale":"en_GB","og_type":"article","og_title":"Victrix SUPERIOR 26 - Gastechbaltic","og_description":"Pie sienas piekaramais kombin\u0113tais kondens\u0101cijas katls ar \"Aqua Celeris\" un magn\u0113tisko ciklona filtru.   3 ZVAIG\u017d\u0145U SANIT\u0100R\u0100 KOMFORTA MAR\u0136\u0112JUMS  KARST\u0100 \u016aDENS \u0100TR\u0100 EROG\u0100CIJA  MODUL\u0112JAMS S\u016aKNIS    &nbsp;  &nbsp;","og_url":"https:\/\/gastechbaltic.lv\/en\/product\/victrix-superior-26\/","og_site_name":"Gastechbaltic","article_modified_time":"2025-10-01T09:09:05+00:00","og_image":[{"width":940,"height":788,"url":"https:\/\/gastechbaltic.lv\/wp-content\/uploads\/2025\/05\/Noformejums-bez-nosaukuma-3.jpg","type":"image\/jpeg"}],"twitter_card":"summary_large_image","twitter_misc":{"Estimated reading time":"1 minute"},"schema":{"@context":"https:\/\/schema.org","@graph":[{"@type":"WebPage","@id":"https:\/\/gastechbaltic.lv\/product\/victrix-superior-26\/","url":"https:\/\/gastechbaltic.lv\/product\/victrix-superior-26\/","name":"Victrix SUPERIOR 26 - Gastechbaltic","isPartOf":{"@id":"https:\/\/gastechbaltic.lv\/#website"},"primaryImageOfPage":{"@id":"https:\/\/gastechbaltic.lv\/product\/victrix-superior-26\/#primaryimage"},"image":{"@id":"https:\/\/gastechbaltic.lv\/product\/victrix-superior-26\/#primaryimage"},"thumbnailUrl":"https:\/\/gastechbaltic.lv\/wp-content\/uploads\/2025\/05\/Noformejums-bez-nosaukuma-3.jpg","datePublished":"2025-05-28T12:32:07+00:00","dateModified":"2025-10-01T09:09:05+00:00","breadcrumb":{"@id":"https:\/\/gastechbaltic.lv\/product\/victrix-superior-26\/#breadcrumb"},"inLanguage":"en-GB","potentialAction":[{"@type":"ReadAction","target":["https:\/\/gastechbaltic.lv\/product\/victrix-superior-26\/"]}]},{"@type":"ImageObject","inLanguage":"en-GB","@id":"https:\/\/gastechbaltic.lv\/product\/victrix-superior-26\/#primaryimage","url":"https:\/\/gastechbaltic.lv\/wp-content\/uploads\/2025\/05\/Noformejums-bez-nosaukuma-3.jpg","contentUrl":"https:\/\/gastechbaltic.lv\/wp-content\/uploads\/2025\/05\/Noformejums-bez-nosaukuma-3.jpg","width":940,"height":788},{"@type":"BreadcrumbList","@id":"https:\/\/gastechbaltic.lv\/product\/victrix-superior-26\/#breadcrumb","itemListElement":[{"@type":"ListItem","position":1,"name":"Home","item":"https:\/\/gastechbaltic.lv\/"},{"@type":"ListItem","position":2,"name":"Veikals","item":"https:\/\/gastechbaltic.lv\/veikals\/"},{"@type":"ListItem","position":3,"name":"Victrix SUPERIOR 26"}]},{"@type":"WebSite","@id":"https:\/\/gastechbaltic.lv\/#website","url":"https:\/\/gastechbaltic.lv\/","name":"Gastechbaltic","description":"","publisher":{"@id":"https:\/\/gastechbaltic.lv\/#organization"},"potentialAction":[{"@type":"SearchAction","target":{"@type":"EntryPoint","urlTemplate":"https:\/\/gastechbaltic.lv\/?s={search_term_string}"},"query-input":{"@type":"PropertyValueSpecification","valueRequired":true,"valueName":"search_term_string"}}],"inLanguage":"en-GB"},{"@type":"Organization","@id":"https:\/\/gastechbaltic.lv\/#organization","name":"Gastechbaltic","url":"https:\/\/gastechbaltic.lv\/","logo":{"@type":"ImageObject","inLanguage":"en-GB","@id":"https:\/\/gastechbaltic.lv\/#\/schema\/logo\/image\/","url":"https:\/\/gastechbaltic.lv\/wp-content\/uploads\/2025\/07\/cropped-New-Project-9.png","contentUrl":"https:\/\/gastechbaltic.lv\/wp-content\/uploads\/2025\/07\/cropped-New-Project-9.png","width":275,"height":91,"caption":"Gastechbaltic"},"image":{"@id":"https:\/\/gastechbaltic.lv\/#\/schema\/logo\/image\/"}}]}},"_links":{"self":[{"href":"https:\/\/gastechbaltic.lv\/en\/wp-json\/wp\/v2\/product\/3400","targetHints":{"allow":["GET"]}}],"collection":[{"href":"https:\/\/gastechbaltic.lv\/en\/wp-json\/wp\/v2\/product"}],"about":[{"href":"https:\/\/gastechbaltic.lv\/en\/wp-json\/wp\/v2\/types\/product"}],"wp:featuredmedia":[{"embeddable":true,"href":"https:\/\/gastechbaltic.lv\/en\/wp-json\/wp\/v2\/media\/3429"}],"wp:attachment":[{"href":"https:\/\/gastechbaltic.lv\/en\/wp-json\/wp\/v2\/media?parent=3400"}],"wp:term":[{"taxonomy":"product_brand","embeddable":true,"href":"https:\/\/gastechbaltic.lv\/en\/wp-json\/wp\/v2\/product_brand?post=3400"},{"taxonomy":"product_cat","embeddable":true,"href":"https:\/\/gastechbaltic.lv\/en\/wp-json\/wp\/v2\/product_cat?post=3400"},{"taxonomy":"product_tag","embeddable":true,"href":"https:\/\/gastechbaltic.lv\/en\/wp-json\/wp\/v2\/product_tag?post=3400"}],"curies":[{"name":"wp","href":"https:\/\/api.w.org\/{rel}","templated":true}]}}