{"id":3392,"date":"2025-05-28T14:31:43","date_gmt":"2025-05-28T12:31:43","guid":{"rendered":"https:\/\/gastechbaltic.lv\/?post_type=product&#038;p=3392"},"modified":"2025-09-30T16:01:12","modified_gmt":"2025-09-30T13:01:12","slug":"magis-pro-v2","status":"publish","type":"product","link":"https:\/\/gastechbaltic.lv\/en\/product\/magis-pro-v2\/","title":{"rendered":"MAGIS PRO V2"},"content":{"rendered":"<p style=\"text-align: left;\"><span style=\"font-size: 18pt; font-family: trebuchet ms, geneva, sans-serif;\"><span class=\"fontstyle0\">Jaunais MAGIS PRO V2 siltums\u016bk\u0146u sist\u0113mu kl\u0101sts ir gaisa-\u016bdens ier\u012bces, kas paredz\u0113tas, lai izmantotu <\/span><span class=\"fontstyle0\">\u0101ra gaisu k\u0101 atjaunojamu ener\u0123ijas avotu.<\/span><\/span><\/p>\n<ul>\n<li><span style=\"font-family: helvetica, arial, sans-serif; font-size: 14pt;\">Atgriezeniska sild\u012b\u0161anas un dzes\u0113\u0161anas funkcija<\/span><\/li>\n<li><span style=\"font-family: helvetica, arial, sans-serif; font-size: 14pt;\">Iepriek\u0161 uzpild\u012bts aukstuma\u0123enta \u0161\u0137idrums (g\u0101ze) R32<\/span><\/li>\n<li><span style=\"font-family: helvetica, arial, sans-serif; font-size: 14pt;\">\u0100r\u0113j\u0101 bloka uzst\u0101d\u012b\u0161anas standart\u0101 tiek iek\u013cautas Antivibr\u0101cijas p\u0113das un \u0100r\u0113j\u0101 zonde<\/span><\/li>\n<li><span style=\"font-family: helvetica, arial, sans-serif; font-size: 14pt;\">Augsta l\u012bme\u0146a COP (lietder\u012bbas koeficients) un EER (energoefktivit\u0101tes koeficients)<\/span><\/li>\n<li><span style=\"font-family: helvetica, arial, sans-serif; font-size: 14pt;\">Apkures temperat\u016bras diapazons no 20 l\u012bdz 65\u00b0C<\/span><\/li>\n<li><span style=\"font-family: helvetica, arial, sans-serif; font-size: 14pt;\">Dzes\u0113\u0161anas temperat\u016bras diapazons no 5 l\u012bdz 25\u00b0C<\/span><\/li>\n<li><span style=\"font-family: helvetica, arial, sans-serif; font-size: 14pt;\">Iek\u0161\u0113jais bloks ir apr\u012bkots ar 12 litru izple\u0161an\u0101s tvertni, 3-gaitas v\u0101rstu karst\u0101 \u016bdens uzglab\u0101\u0161anas tvertnes savienojumam un ir iesp\u0113jams pievienot elektrisko elementu centr\u0101lajai apkurei<\/span><\/li>\n<li><span style=\"font-family: helvetica, arial, sans-serif; font-size: 14pt;\">Apr\u012bkots ar k.\u016b. piesl\u0113guma armat\u016bru<\/span><\/li>\n<li><span style=\"font-family: helvetica, arial, sans-serif; font-size: 14pt;\">Iepriek\u0161 sagatavots lai p\u0101rvald\u012btu 3 zonu sist\u0113mu<\/span><\/li>\n<\/ul>\n<p><span style=\"font-family: helvetica, arial, sans-serif; font-size: 14pt;\"><span class=\"fontstyle0\">\u0160\u0101da veida ier\u012bces ir ide\u0101ls risin\u0101jums centr\u0101lajai apkurei (maksim\u0101l\u0101 padeves temperat\u016bra ir 65 \u00b0C),<\/span><span class=\"fontstyle0\">dzes\u0113\u0161anai un karst\u0101 \u016bdens ra\u017eo\u0161anai, pateicoties iesp\u0113jamajam savienojumam ar atsevi\u0161\u0137u uzglab\u0101\u0161anas <\/span><span class=\"fontstyle0\">tvertnes bloku. &#8220;PRO&#8221; apz\u012bm\u0113jums uzsver projekt\u0113\u0161anas un uzst\u0101d\u012b\u0161anas proces\u0101 iesaist\u012bto profesion\u0101\u013cu <\/span><span class=\"fontstyle0\">\u012bpa\u0161o kompetences pak\u0101pi, kuri veic \u0161\u0101da veida tehniskos risin\u0101jumus.<\/span><\/span><\/p>\n<p><span style=\"font-family: helvetica, arial, sans-serif; font-size: 14pt;\"><span class=\"fontstyle0\">MAGIS PRO V2 var uzst\u0101d\u012bt atsevi\u0161\u0137\u0101 konfigur\u0101cij\u0101 vai kombin\u0113t ar katlu un citiem atjaunojamiem <\/span><span class=\"fontstyle0\">ener\u0123ijas avotiem integr\u0113t\u0101s vai hibr\u012bd\u0101s, kompakt\u0101s sist\u0113m\u0101s, kas darbojas centr\u0101lapkures, dzes\u0113\u0161anas <\/span><span class=\"fontstyle0\">un\/vai karst\u0101 \u016bdens ra\u017eo\u0161an\u0101.<\/span><\/span><\/p>\n<p><span style=\"font-family: helvetica, arial, sans-serif; font-size: 14pt;\"><span class=\"fontstyle0\">MAGIS PRO V2 ide\u0101ls risin\u0101jums jaun\u0101s, augstas ener\u0123ijas klases \u0113k\u0101s, pat ja t\u0101s atrodas aukst\u0101s viet\u0101s ar <\/span><span class=\"fontstyle0\">\u013coti zemu ziemas temperat\u016bru. Kompaktais \u0101r\u0113jais bloks, kas uzst\u0101d\u0101ms gan uz balkona, gan piln\u012bb\u0101 \u0101rpus <\/span><span class=\"fontstyle0\">telp\u0101m, \u013cauj MAGIS PRO SYSTEM uzlabot pozicion\u0101lo elast\u012bbu kop\u0101 ar minim\u0101lu est\u0113tisku efektu un kop\u0113jo <\/span><span class=\"fontstyle0\">stilu.<\/span><\/span><\/p>\n\n    <div class=\"xs_social_share_widget xs_share_url after_content \t\tmain_content  wslu-style-1 wslu-share-box-shaped wslu-fill-colored wslu-none wslu-share-horizontal wslu-theme-font-no wslu-main_content\">\n\n\t\t\n        <ul>\n\t\t\t        <\/ul>\n    <\/div>","protected":false},"excerpt":{"rendered":"<p><span style=\"font-family: helvetica, arial, sans-serif;\"><strong><span style=\"font-size: 14pt;\">MAGIS PRO 4\/6\/9 V2<\/span><\/strong><\/span><br \/>\n<span style=\"font-size: 14pt; font-family: helvetica, arial, sans-serif;\">Dal\u012bt\u0101 tipa atgriezeniska gaisa\/\u016bdens invertora siltums\u016bknis, kas sast\u0101v no \u0101r\u0113ja bloka un iek\u0161telpu hidrobloka.<\/span><\/p>","protected":false},"featured_media":3425,"template":"","meta":[],"product_brand":[],"product_cat":[54],"product_tag":[],"class_list":{"0":"post-3392","1":"product","2":"type-product","3":"status-publish","4":"has-post-thumbnail","6":"product_cat-siltumsukni","8":"first","9":"instock","10":"taxable","11":"shipping-taxable","12":"product-type-simple"},"yoast_head":"<!-- This site is optimized with the Yoast SEO plugin v25.4 - https:\/\/yoast.com\/wordpress\/plugins\/seo\/ -->\n<title>MAGIS PRO V2 - Gastechbaltic<\/title>\n<meta name=\"robots\" content=\"index, follow, max-snippet:-1, max-image-preview:large, max-video-preview:-1\" \/>\n<link rel=\"canonical\" href=\"https:\/\/gastechbaltic.lv\/en\/product\/magis-pro-v2\/\" \/>\n<meta property=\"og:locale\" content=\"en_GB\" \/>\n<meta property=\"og:type\" content=\"article\" \/>\n<meta property=\"og:title\" content=\"MAGIS PRO V2 - Gastechbaltic\" \/>\n<meta property=\"og:description\" content=\"MAGIS PRO 4\/6\/9 V2 Dal\u012bt\u0101 tipa atgriezeniska gaisa\/\u016bdens invertora siltums\u016bknis, kas sast\u0101v no \u0101r\u0113ja bloka un iek\u0161telpu hidrobloka.\" \/>\n<meta property=\"og:url\" content=\"https:\/\/gastechbaltic.lv\/en\/product\/magis-pro-v2\/\" \/>\n<meta property=\"og:site_name\" content=\"Gastechbaltic\" \/>\n<meta property=\"article:modified_time\" content=\"2025-09-30T13:01:12+00:00\" \/>\n<meta property=\"og:image\" content=\"https:\/\/gastechbaltic.lv\/wp-content\/uploads\/2025\/05\/MAGIS_PRO_001-1-scaled-1.jpg\" \/>\n\t<meta property=\"og:image:width\" content=\"2560\" \/>\n\t<meta property=\"og:image:height\" content=\"1767\" \/>\n\t<meta property=\"og:image:type\" content=\"image\/jpeg\" \/>\n<meta name=\"twitter:card\" content=\"summary_large_image\" \/>\n<meta name=\"twitter:label1\" content=\"Estimated reading time\" \/>\n\t<meta name=\"twitter:data1\" content=\"2 minutes\" \/>\n<script type=\"application\/ld+json\" class=\"yoast-schema-graph\">{\"@context\":\"https:\/\/schema.org\",\"@graph\":[{\"@type\":\"WebPage\",\"@id\":\"https:\/\/gastechbaltic.lv\/product\/magis-pro-v2\/\",\"url\":\"https:\/\/gastechbaltic.lv\/product\/magis-pro-v2\/\",\"name\":\"MAGIS PRO V2 - Gastechbaltic\",\"isPartOf\":{\"@id\":\"https:\/\/gastechbaltic.lv\/#website\"},\"primaryImageOfPage\":{\"@id\":\"https:\/\/gastechbaltic.lv\/product\/magis-pro-v2\/#primaryimage\"},\"image\":{\"@id\":\"https:\/\/gastechbaltic.lv\/product\/magis-pro-v2\/#primaryimage\"},\"thumbnailUrl\":\"https:\/\/gastechbaltic.lv\/wp-content\/uploads\/2025\/05\/MAGIS_PRO_001-1-scaled-1.jpg\",\"datePublished\":\"2025-05-28T12:31:43+00:00\",\"dateModified\":\"2025-09-30T13:01:12+00:00\",\"breadcrumb\":{\"@id\":\"https:\/\/gastechbaltic.lv\/product\/magis-pro-v2\/#breadcrumb\"},\"inLanguage\":\"en-GB\",\"potentialAction\":[{\"@type\":\"ReadAction\",\"target\":[\"https:\/\/gastechbaltic.lv\/product\/magis-pro-v2\/\"]}]},{\"@type\":\"ImageObject\",\"inLanguage\":\"en-GB\",\"@id\":\"https:\/\/gastechbaltic.lv\/product\/magis-pro-v2\/#primaryimage\",\"url\":\"https:\/\/gastechbaltic.lv\/wp-content\/uploads\/2025\/05\/MAGIS_PRO_001-1-scaled-1.jpg\",\"contentUrl\":\"https:\/\/gastechbaltic.lv\/wp-content\/uploads\/2025\/05\/MAGIS_PRO_001-1-scaled-1.jpg\",\"width\":2560,\"height\":1767},{\"@type\":\"BreadcrumbList\",\"@id\":\"https:\/\/gastechbaltic.lv\/product\/magis-pro-v2\/#breadcrumb\",\"itemListElement\":[{\"@type\":\"ListItem\",\"position\":1,\"name\":\"Home\",\"item\":\"https:\/\/gastechbaltic.lv\/\"},{\"@type\":\"ListItem\",\"position\":2,\"name\":\"Veikals\",\"item\":\"https:\/\/gastechbaltic.lv\/veikals\/\"},{\"@type\":\"ListItem\",\"position\":3,\"name\":\"MAGIS PRO V2\"}]},{\"@type\":\"WebSite\",\"@id\":\"https:\/\/gastechbaltic.lv\/#website\",\"url\":\"https:\/\/gastechbaltic.lv\/\",\"name\":\"Gastechbaltic\",\"description\":\"\",\"publisher\":{\"@id\":\"https:\/\/gastechbaltic.lv\/#organization\"},\"potentialAction\":[{\"@type\":\"SearchAction\",\"target\":{\"@type\":\"EntryPoint\",\"urlTemplate\":\"https:\/\/gastechbaltic.lv\/?s={search_term_string}\"},\"query-input\":{\"@type\":\"PropertyValueSpecification\",\"valueRequired\":true,\"valueName\":\"search_term_string\"}}],\"inLanguage\":\"en-GB\"},{\"@type\":\"Organization\",\"@id\":\"https:\/\/gastechbaltic.lv\/#organization\",\"name\":\"Gastechbaltic\",\"url\":\"https:\/\/gastechbaltic.lv\/\",\"logo\":{\"@type\":\"ImageObject\",\"inLanguage\":\"en-GB\",\"@id\":\"https:\/\/gastechbaltic.lv\/#\/schema\/logo\/image\/\",\"url\":\"https:\/\/gastechbaltic.lv\/wp-content\/uploads\/2025\/07\/cropped-New-Project-9.png\",\"contentUrl\":\"https:\/\/gastechbaltic.lv\/wp-content\/uploads\/2025\/07\/cropped-New-Project-9.png\",\"width\":275,\"height\":91,\"caption\":\"Gastechbaltic\"},\"image\":{\"@id\":\"https:\/\/gastechbaltic.lv\/#\/schema\/logo\/image\/\"}}]}<\/script>\n<!-- \/ Yoast SEO plugin. -->","yoast_head_json":{"title":"MAGIS PRO V2 - Gastechbaltic","robots":{"index":"index","follow":"follow","max-snippet":"max-snippet:-1","max-image-preview":"max-image-preview:large","max-video-preview":"max-video-preview:-1"},"canonical":"https:\/\/gastechbaltic.lv\/en\/product\/magis-pro-v2\/","og_locale":"en_GB","og_type":"article","og_title":"MAGIS PRO V2 - Gastechbaltic","og_description":"MAGIS PRO 4\/6\/9 V2 Dal\u012bt\u0101 tipa atgriezeniska gaisa\/\u016bdens invertora siltums\u016bknis, kas sast\u0101v no \u0101r\u0113ja bloka un iek\u0161telpu hidrobloka.","og_url":"https:\/\/gastechbaltic.lv\/en\/product\/magis-pro-v2\/","og_site_name":"Gastechbaltic","article_modified_time":"2025-09-30T13:01:12+00:00","og_image":[{"width":2560,"height":1767,"url":"https:\/\/gastechbaltic.lv\/wp-content\/uploads\/2025\/05\/MAGIS_PRO_001-1-scaled-1.jpg","type":"image\/jpeg"}],"twitter_card":"summary_large_image","twitter_misc":{"Estimated reading time":"2 minutes"},"schema":{"@context":"https:\/\/schema.org","@graph":[{"@type":"WebPage","@id":"https:\/\/gastechbaltic.lv\/product\/magis-pro-v2\/","url":"https:\/\/gastechbaltic.lv\/product\/magis-pro-v2\/","name":"MAGIS PRO V2 - Gastechbaltic","isPartOf":{"@id":"https:\/\/gastechbaltic.lv\/#website"},"primaryImageOfPage":{"@id":"https:\/\/gastechbaltic.lv\/product\/magis-pro-v2\/#primaryimage"},"image":{"@id":"https:\/\/gastechbaltic.lv\/product\/magis-pro-v2\/#primaryimage"},"thumbnailUrl":"https:\/\/gastechbaltic.lv\/wp-content\/uploads\/2025\/05\/MAGIS_PRO_001-1-scaled-1.jpg","datePublished":"2025-05-28T12:31:43+00:00","dateModified":"2025-09-30T13:01:12+00:00","breadcrumb":{"@id":"https:\/\/gastechbaltic.lv\/product\/magis-pro-v2\/#breadcrumb"},"inLanguage":"en-GB","potentialAction":[{"@type":"ReadAction","target":["https:\/\/gastechbaltic.lv\/product\/magis-pro-v2\/"]}]},{"@type":"ImageObject","inLanguage":"en-GB","@id":"https:\/\/gastechbaltic.lv\/product\/magis-pro-v2\/#primaryimage","url":"https:\/\/gastechbaltic.lv\/wp-content\/uploads\/2025\/05\/MAGIS_PRO_001-1-scaled-1.jpg","contentUrl":"https:\/\/gastechbaltic.lv\/wp-content\/uploads\/2025\/05\/MAGIS_PRO_001-1-scaled-1.jpg","width":2560,"height":1767},{"@type":"BreadcrumbList","@id":"https:\/\/gastechbaltic.lv\/product\/magis-pro-v2\/#breadcrumb","itemListElement":[{"@type":"ListItem","position":1,"name":"Home","item":"https:\/\/gastechbaltic.lv\/"},{"@type":"ListItem","position":2,"name":"Veikals","item":"https:\/\/gastechbaltic.lv\/veikals\/"},{"@type":"ListItem","position":3,"name":"MAGIS PRO V2"}]},{"@type":"WebSite","@id":"https:\/\/gastechbaltic.lv\/#website","url":"https:\/\/gastechbaltic.lv\/","name":"Gastechbaltic","description":"","publisher":{"@id":"https:\/\/gastechbaltic.lv\/#organization"},"potentialAction":[{"@type":"SearchAction","target":{"@type":"EntryPoint","urlTemplate":"https:\/\/gastechbaltic.lv\/?s={search_term_string}"},"query-input":{"@type":"PropertyValueSpecification","valueRequired":true,"valueName":"search_term_string"}}],"inLanguage":"en-GB"},{"@type":"Organization","@id":"https:\/\/gastechbaltic.lv\/#organization","name":"Gastechbaltic","url":"https:\/\/gastechbaltic.lv\/","logo":{"@type":"ImageObject","inLanguage":"en-GB","@id":"https:\/\/gastechbaltic.lv\/#\/schema\/logo\/image\/","url":"https:\/\/gastechbaltic.lv\/wp-content\/uploads\/2025\/07\/cropped-New-Project-9.png","contentUrl":"https:\/\/gastechbaltic.lv\/wp-content\/uploads\/2025\/07\/cropped-New-Project-9.png","width":275,"height":91,"caption":"Gastechbaltic"},"image":{"@id":"https:\/\/gastechbaltic.lv\/#\/schema\/logo\/image\/"}}]}},"_links":{"self":[{"href":"https:\/\/gastechbaltic.lv\/en\/wp-json\/wp\/v2\/product\/3392","targetHints":{"allow":["GET"]}}],"collection":[{"href":"https:\/\/gastechbaltic.lv\/en\/wp-json\/wp\/v2\/product"}],"about":[{"href":"https:\/\/gastechbaltic.lv\/en\/wp-json\/wp\/v2\/types\/product"}],"wp:featuredmedia":[{"embeddable":true,"href":"https:\/\/gastechbaltic.lv\/en\/wp-json\/wp\/v2\/media\/3425"}],"wp:attachment":[{"href":"https:\/\/gastechbaltic.lv\/en\/wp-json\/wp\/v2\/media?parent=3392"}],"wp:term":[{"taxonomy":"product_brand","embeddable":true,"href":"https:\/\/gastechbaltic.lv\/en\/wp-json\/wp\/v2\/product_brand?post=3392"},{"taxonomy":"product_cat","embeddable":true,"href":"https:\/\/gastechbaltic.lv\/en\/wp-json\/wp\/v2\/product_cat?post=3392"},{"taxonomy":"product_tag","embeddable":true,"href":"https:\/\/gastechbaltic.lv\/en\/wp-json\/wp\/v2\/product_tag?post=3392"}],"curies":[{"name":"wp","href":"https:\/\/api.w.org\/{rel}","templated":true}]}}