{"id":3391,"date":"2025-05-28T14:31:43","date_gmt":"2025-05-28T12:31:43","guid":{"rendered":"https:\/\/gastechbaltic.lv\/?post_type=product&#038;p=3391"},"modified":"2025-09-30T14:09:09","modified_gmt":"2025-09-30T11:09:09","slug":"avio-eco-24","status":"publish","type":"product","link":"https:\/\/gastechbaltic.lv\/en\/product\/avio-eco-24\/","title":{"rendered":"Avio Eco 24"},"content":{"rendered":"<p><strong><span style=\"font-family: trebuchet ms, geneva, sans-serif; font-size: 18pt;\">AVIO ECO 24<\/span><\/strong><\/p>\n<p><span style=\"font-family: helvetica, arial, sans-serif; font-size: 14pt;\"><strong>Pie sienas stiprin\u0101ms apkures katls ar ieb\u016bv\u0113tu 45 litru boileri\u00a0 <\/strong><strong>un <\/strong><strong>zemu <\/strong><strong>g\u0101zes pat\u0113ri\u0146u.<\/strong><\/span><\/p>\n<ul>\n<li><span style=\"font-family: helvetica, arial, sans-serif;\">Sl\u0101pek\u013ca oks\u012bdu (NOx) emisijas 6.klase<\/span><\/li>\n<li><span style=\"font-family: helvetica, arial, sans-serif;\">Ekolo\u0123iski draudz\u012bgs deglis<\/span><\/li>\n<li><span style=\"font-family: helvetica, arial, sans-serif;\">Zema pat\u0113ri\u0146a s\u016bknis<\/span><\/li>\n<li><span style=\"font-family: helvetica, arial, sans-serif;\">Regul\u0113jama by-pass sist\u0113ma<\/span><\/li>\n<li><span style=\"font-family: helvetica, arial, sans-serif;\">Iesp\u0113ja modul\u0113t siltuma jaudu no 20 l\u012bdz 100 %<\/span><\/li>\n<li><span style=\"font-family: helvetica, arial, sans-serif;\">Standarta savienojuma komplekts<\/span><\/li>\n<li><span style=\"font-family: helvetica, arial, sans-serif;\">Atv\u0113rt\u0101s kameras konvencion\u0101l\u0101 d\u016bmvada modelis<\/span><\/li>\n<li><span style=\"font-family: helvetica, arial, sans-serif;\">Apstiprin\u0101ts uzst\u0101d\u012b\u0161anai telp\u0101s<\/span><\/li>\n<li><span style=\"font-family: helvetica, arial, sans-serif;\"><strong>Paredz\u0113ts tikai dabasg\u0101zei<\/strong><\/span><\/li>\n<li><span style=\"font-size: 12pt; line-height: 107%; font-family: helvetica, arial, sans-serif;\"><span style=\"mso-list: Ignore;\"><span style=\"font-style: normal; font-variant: normal; font-weight: normal; font-stretch: normal; font-size: 7pt; line-height: normal; font-size-adjust: none; font-kerning: auto; font-optical-sizing: auto; font-language-override: normal; font-feature-settings: normal; font-variation-settings: normal; font-palette: normal;\">\u00a0<\/span><\/span><\/span><span lang=\"lv\" style=\"font-size: 12.0pt; line-height: 107%; mso-ansi-language: #0026;\"><span style=\"font-family: helvetica, arial, sans-serif;\">Iesp\u0113ja izveidot savienojumu ar eso\u0161ajiem d\u016bmvadiem<\/span> <\/span><\/li>\n<\/ul>\n<p>AVIO ECO ieb\u016bv\u0113ta ner\u016bs\u0113jo\u0161\u0101 t\u0113rauda karst\u0101 \u016bdens uzglab\u0101\u0161anas tvertne ar ietilp\u012bbu 45 litri. P\u0113d\u0113jos gados Immergas piev\u0113rsu\u0161i uzman\u012bbu lab\u0101kai karst\u0101 \u016bdens uztur\u0113\u0161anas temperat\u016brai, t\u0101d\u0113\u013c katlam ir uzlabota izol\u0101cija, palielinot korpusa biezumu par 15-20% .<\/p>\n<p>Uz <strong>mikroprocesoru balst\u012bta uzlabota<\/strong>\u00a0 elektronika \u013cauj katlu savienot ar papildu komplektiem klimatiskajai termoregul\u0101cijai.<\/p>\n\n    <div class=\"xs_social_share_widget xs_share_url after_content \t\tmain_content  wslu-style-1 wslu-share-box-shaped wslu-fill-colored wslu-none wslu-share-horizontal wslu-theme-font-no wslu-main_content\">\n\n\t\t\n        <ul>\n\t\t\t        <\/ul>\n    <\/div>","protected":false},"excerpt":{"rendered":"<p><span style=\"font-family: helvetica, arial, sans-serif; font-size: 14pt;\">Pie sienas stiprin\u0101ms apkures katls ar ieb\u016bv\u0113tu 45 litru boileri un zemu g\u0101zes pat\u0113ri\u0146u.<\/span><span style=\"font-family: helvetica, arial, sans-serif; font-size: 14pt;\"><br \/>\n<\/span><\/p>","protected":false},"featured_media":3424,"template":"","meta":[],"product_brand":[],"product_cat":[58],"product_tag":[],"class_list":{"0":"post-3391","1":"product","2":"type-product","3":"status-publish","4":"has-post-thumbnail","6":"product_cat-gazes-apkures-katli","8":"first","9":"instock","10":"taxable","11":"shipping-taxable","12":"purchasable","13":"product-type-simple"},"yoast_head":"<!-- This site is optimized with the Yoast SEO plugin v25.4 - https:\/\/yoast.com\/wordpress\/plugins\/seo\/ -->\n<title>Avio Eco 24 - Gastechbaltic<\/title>\n<meta name=\"robots\" content=\"index, follow, max-snippet:-1, max-image-preview:large, max-video-preview:-1\" \/>\n<link rel=\"canonical\" href=\"https:\/\/gastechbaltic.lv\/en\/product\/avio-eco-24\/\" \/>\n<meta property=\"og:locale\" content=\"en_GB\" \/>\n<meta property=\"og:type\" content=\"article\" \/>\n<meta property=\"og:title\" content=\"Avio Eco 24 - Gastechbaltic\" \/>\n<meta property=\"og:description\" content=\"Pie sienas stiprin\u0101ms apkures katls ar ieb\u016bv\u0113tu 45 litru boileri un zemu g\u0101zes pat\u0113ri\u0146u.\" \/>\n<meta property=\"og:url\" content=\"https:\/\/gastechbaltic.lv\/en\/product\/avio-eco-24\/\" \/>\n<meta property=\"og:site_name\" content=\"Gastechbaltic\" \/>\n<meta property=\"article:modified_time\" content=\"2025-09-30T11:09:09+00:00\" \/>\n<meta property=\"og:image\" content=\"https:\/\/gastechbaltic.lv\/wp-content\/uploads\/2025\/05\/AVIO-ECO_003.jpg\" \/>\n\t<meta property=\"og:image:width\" content=\"1000\" \/>\n\t<meta property=\"og:image:height\" content=\"1235\" \/>\n\t<meta property=\"og:image:type\" content=\"image\/jpeg\" \/>\n<meta name=\"twitter:card\" content=\"summary_large_image\" \/>\n<meta name=\"twitter:label1\" content=\"Estimated reading time\" \/>\n\t<meta name=\"twitter:data1\" content=\"1 minute\" \/>\n<script type=\"application\/ld+json\" class=\"yoast-schema-graph\">{\"@context\":\"https:\/\/schema.org\",\"@graph\":[{\"@type\":\"WebPage\",\"@id\":\"https:\/\/gastechbaltic.lv\/product\/avio-eco-24\/\",\"url\":\"https:\/\/gastechbaltic.lv\/product\/avio-eco-24\/\",\"name\":\"Avio Eco 24 - Gastechbaltic\",\"isPartOf\":{\"@id\":\"https:\/\/gastechbaltic.lv\/#website\"},\"primaryImageOfPage\":{\"@id\":\"https:\/\/gastechbaltic.lv\/product\/avio-eco-24\/#primaryimage\"},\"image\":{\"@id\":\"https:\/\/gastechbaltic.lv\/product\/avio-eco-24\/#primaryimage\"},\"thumbnailUrl\":\"https:\/\/gastechbaltic.lv\/wp-content\/uploads\/2025\/05\/AVIO-ECO_003.jpg\",\"datePublished\":\"2025-05-28T12:31:43+00:00\",\"dateModified\":\"2025-09-30T11:09:09+00:00\",\"breadcrumb\":{\"@id\":\"https:\/\/gastechbaltic.lv\/product\/avio-eco-24\/#breadcrumb\"},\"inLanguage\":\"en-GB\",\"potentialAction\":[{\"@type\":\"ReadAction\",\"target\":[\"https:\/\/gastechbaltic.lv\/product\/avio-eco-24\/\"]}]},{\"@type\":\"ImageObject\",\"inLanguage\":\"en-GB\",\"@id\":\"https:\/\/gastechbaltic.lv\/product\/avio-eco-24\/#primaryimage\",\"url\":\"https:\/\/gastechbaltic.lv\/wp-content\/uploads\/2025\/05\/AVIO-ECO_003.jpg\",\"contentUrl\":\"https:\/\/gastechbaltic.lv\/wp-content\/uploads\/2025\/05\/AVIO-ECO_003.jpg\",\"width\":1000,\"height\":1235},{\"@type\":\"BreadcrumbList\",\"@id\":\"https:\/\/gastechbaltic.lv\/product\/avio-eco-24\/#breadcrumb\",\"itemListElement\":[{\"@type\":\"ListItem\",\"position\":1,\"name\":\"Home\",\"item\":\"https:\/\/gastechbaltic.lv\/\"},{\"@type\":\"ListItem\",\"position\":2,\"name\":\"Veikals\",\"item\":\"https:\/\/gastechbaltic.lv\/veikals\/\"},{\"@type\":\"ListItem\",\"position\":3,\"name\":\"Avio Eco 24\"}]},{\"@type\":\"WebSite\",\"@id\":\"https:\/\/gastechbaltic.lv\/#website\",\"url\":\"https:\/\/gastechbaltic.lv\/\",\"name\":\"Gastechbaltic\",\"description\":\"\",\"publisher\":{\"@id\":\"https:\/\/gastechbaltic.lv\/#organization\"},\"potentialAction\":[{\"@type\":\"SearchAction\",\"target\":{\"@type\":\"EntryPoint\",\"urlTemplate\":\"https:\/\/gastechbaltic.lv\/?s={search_term_string}\"},\"query-input\":{\"@type\":\"PropertyValueSpecification\",\"valueRequired\":true,\"valueName\":\"search_term_string\"}}],\"inLanguage\":\"en-GB\"},{\"@type\":\"Organization\",\"@id\":\"https:\/\/gastechbaltic.lv\/#organization\",\"name\":\"Gastechbaltic\",\"url\":\"https:\/\/gastechbaltic.lv\/\",\"logo\":{\"@type\":\"ImageObject\",\"inLanguage\":\"en-GB\",\"@id\":\"https:\/\/gastechbaltic.lv\/#\/schema\/logo\/image\/\",\"url\":\"https:\/\/gastechbaltic.lv\/wp-content\/uploads\/2025\/07\/cropped-New-Project-9.png\",\"contentUrl\":\"https:\/\/gastechbaltic.lv\/wp-content\/uploads\/2025\/07\/cropped-New-Project-9.png\",\"width\":275,\"height\":91,\"caption\":\"Gastechbaltic\"},\"image\":{\"@id\":\"https:\/\/gastechbaltic.lv\/#\/schema\/logo\/image\/\"}}]}<\/script>\n<!-- \/ Yoast SEO plugin. -->","yoast_head_json":{"title":"Avio Eco 24 - Gastechbaltic","robots":{"index":"index","follow":"follow","max-snippet":"max-snippet:-1","max-image-preview":"max-image-preview:large","max-video-preview":"max-video-preview:-1"},"canonical":"https:\/\/gastechbaltic.lv\/en\/product\/avio-eco-24\/","og_locale":"en_GB","og_type":"article","og_title":"Avio Eco 24 - Gastechbaltic","og_description":"Pie sienas stiprin\u0101ms apkures katls ar ieb\u016bv\u0113tu 45 litru boileri un zemu g\u0101zes pat\u0113ri\u0146u.","og_url":"https:\/\/gastechbaltic.lv\/en\/product\/avio-eco-24\/","og_site_name":"Gastechbaltic","article_modified_time":"2025-09-30T11:09:09+00:00","og_image":[{"width":1000,"height":1235,"url":"https:\/\/gastechbaltic.lv\/wp-content\/uploads\/2025\/05\/AVIO-ECO_003.jpg","type":"image\/jpeg"}],"twitter_card":"summary_large_image","twitter_misc":{"Estimated reading time":"1 minute"},"schema":{"@context":"https:\/\/schema.org","@graph":[{"@type":"WebPage","@id":"https:\/\/gastechbaltic.lv\/product\/avio-eco-24\/","url":"https:\/\/gastechbaltic.lv\/product\/avio-eco-24\/","name":"Avio Eco 24 - Gastechbaltic","isPartOf":{"@id":"https:\/\/gastechbaltic.lv\/#website"},"primaryImageOfPage":{"@id":"https:\/\/gastechbaltic.lv\/product\/avio-eco-24\/#primaryimage"},"image":{"@id":"https:\/\/gastechbaltic.lv\/product\/avio-eco-24\/#primaryimage"},"thumbnailUrl":"https:\/\/gastechbaltic.lv\/wp-content\/uploads\/2025\/05\/AVIO-ECO_003.jpg","datePublished":"2025-05-28T12:31:43+00:00","dateModified":"2025-09-30T11:09:09+00:00","breadcrumb":{"@id":"https:\/\/gastechbaltic.lv\/product\/avio-eco-24\/#breadcrumb"},"inLanguage":"en-GB","potentialAction":[{"@type":"ReadAction","target":["https:\/\/gastechbaltic.lv\/product\/avio-eco-24\/"]}]},{"@type":"ImageObject","inLanguage":"en-GB","@id":"https:\/\/gastechbaltic.lv\/product\/avio-eco-24\/#primaryimage","url":"https:\/\/gastechbaltic.lv\/wp-content\/uploads\/2025\/05\/AVIO-ECO_003.jpg","contentUrl":"https:\/\/gastechbaltic.lv\/wp-content\/uploads\/2025\/05\/AVIO-ECO_003.jpg","width":1000,"height":1235},{"@type":"BreadcrumbList","@id":"https:\/\/gastechbaltic.lv\/product\/avio-eco-24\/#breadcrumb","itemListElement":[{"@type":"ListItem","position":1,"name":"Home","item":"https:\/\/gastechbaltic.lv\/"},{"@type":"ListItem","position":2,"name":"Veikals","item":"https:\/\/gastechbaltic.lv\/veikals\/"},{"@type":"ListItem","position":3,"name":"Avio Eco 24"}]},{"@type":"WebSite","@id":"https:\/\/gastechbaltic.lv\/#website","url":"https:\/\/gastechbaltic.lv\/","name":"Gastechbaltic","description":"","publisher":{"@id":"https:\/\/gastechbaltic.lv\/#organization"},"potentialAction":[{"@type":"SearchAction","target":{"@type":"EntryPoint","urlTemplate":"https:\/\/gastechbaltic.lv\/?s={search_term_string}"},"query-input":{"@type":"PropertyValueSpecification","valueRequired":true,"valueName":"search_term_string"}}],"inLanguage":"en-GB"},{"@type":"Organization","@id":"https:\/\/gastechbaltic.lv\/#organization","name":"Gastechbaltic","url":"https:\/\/gastechbaltic.lv\/","logo":{"@type":"ImageObject","inLanguage":"en-GB","@id":"https:\/\/gastechbaltic.lv\/#\/schema\/logo\/image\/","url":"https:\/\/gastechbaltic.lv\/wp-content\/uploads\/2025\/07\/cropped-New-Project-9.png","contentUrl":"https:\/\/gastechbaltic.lv\/wp-content\/uploads\/2025\/07\/cropped-New-Project-9.png","width":275,"height":91,"caption":"Gastechbaltic"},"image":{"@id":"https:\/\/gastechbaltic.lv\/#\/schema\/logo\/image\/"}}]}},"_links":{"self":[{"href":"https:\/\/gastechbaltic.lv\/en\/wp-json\/wp\/v2\/product\/3391","targetHints":{"allow":["GET"]}}],"collection":[{"href":"https:\/\/gastechbaltic.lv\/en\/wp-json\/wp\/v2\/product"}],"about":[{"href":"https:\/\/gastechbaltic.lv\/en\/wp-json\/wp\/v2\/types\/product"}],"wp:featuredmedia":[{"embeddable":true,"href":"https:\/\/gastechbaltic.lv\/en\/wp-json\/wp\/v2\/media\/3424"}],"wp:attachment":[{"href":"https:\/\/gastechbaltic.lv\/en\/wp-json\/wp\/v2\/media?parent=3391"}],"wp:term":[{"taxonomy":"product_brand","embeddable":true,"href":"https:\/\/gastechbaltic.lv\/en\/wp-json\/wp\/v2\/product_brand?post=3391"},{"taxonomy":"product_cat","embeddable":true,"href":"https:\/\/gastechbaltic.lv\/en\/wp-json\/wp\/v2\/product_cat?post=3391"},{"taxonomy":"product_tag","embeddable":true,"href":"https:\/\/gastechbaltic.lv\/en\/wp-json\/wp\/v2\/product_tag?post=3391"}],"curies":[{"name":"wp","href":"https:\/\/api.w.org\/{rel}","templated":true}]}}