{"id":3390,"date":"2025-05-28T14:31:43","date_gmt":"2025-05-28T12:31:43","guid":{"rendered":"https:\/\/gastechbaltic.lv\/?post_type=product&#038;p=3390"},"modified":"2025-09-30T14:22:39","modified_gmt":"2025-09-30T11:22:39","slug":"nike-eco-24-2","status":"publish","type":"product","link":"https:\/\/gastechbaltic.lv\/en\/product\/nike-eco-24-2\/","title":{"rendered":"NIKE ECO 24"},"content":{"rendered":"<h2><span style=\"font-family: trebuchet ms, geneva, sans-serif;\"><strong>NIKE ECO 24<\/strong><\/span><\/h2>\n<p><span style=\"font-family: helvetica, arial, sans-serif; font-size: 14pt;\"> Pie sienas stiprin\u0101ms kombin\u0113tais apkures katls\u00a0 ar zemu g\u0101zes pat\u0113ri\u0146u- ide\u0101li piem\u0113rots vecajiem skurste\u0146iem.<\/span><\/p>\n<ul>\n<li><span style=\"font-family: helvetica, arial, sans-serif;\">Sl\u0101pek\u013ca oks\u012bdu (NOx) emisijas 6.klase<\/span><\/li>\n<li><span style=\"font-family: helvetica, arial, sans-serif;\">Ekolo\u0123iski draudz\u012bgs deglis<\/span><\/li>\n<li><span style=\"font-family: helvetica, arial, sans-serif;\">Zema pat\u0113ri\u0146a s\u016bknis<\/span><\/li>\n<li><span style=\"font-family: helvetica, arial, sans-serif;\">Regul\u0113jama by-pass sist\u0113ma.<\/span><\/li>\n<li><span style=\"font-family: helvetica, arial, sans-serif;\">Iesp\u0113ja modul\u0113t siltuma jaudu no 20 l\u012bdz 100 %<\/span><\/li>\n<li><span style=\"font-family: helvetica, arial, sans-serif;\">Standarta savienojuma komplekts<\/span><\/li>\n<li><span style=\"font-family: helvetica, arial, sans-serif;\">Atv\u0113rt\u0101s kameras konvencion\u0101l\u0101 d\u016bmvada modelis<\/span><\/li>\n<li><span style=\"font-family: helvetica, arial, sans-serif;\">Apstiprin\u0101ts uzst\u0101d\u012b\u0161anai telp\u0101s<\/span><\/li>\n<li><span style=\"font-family: helvetica, arial, sans-serif;\"><strong>Paredz\u0113ts tikai dabasg\u0101zei <\/strong><\/span><\/li>\n<li><span style=\"font-family: helvetica, arial, sans-serif;\">Iesp\u0113ja izveidot savienojumu ar eso\u0161ajiem d\u016bmvadiem.<\/span><\/li>\n<\/ul>\n\n    <div class=\"xs_social_share_widget xs_share_url after_content \t\tmain_content  wslu-style-1 wslu-share-box-shaped wslu-fill-colored wslu-none wslu-share-horizontal wslu-theme-font-no wslu-main_content\">\n\n\t\t\n        <ul>\n\t\t\t        <\/ul>\n    <\/div>","protected":false},"excerpt":{"rendered":"<p><span style=\"font-family: helvetica, arial, sans-serif; font-size: 14pt;\">Pie sienas stiprin\u0101ms kombin\u0113tais apkures katls.<\/span><br \/>\n<span style=\"font-family: helvetica, arial, sans-serif; font-size: 14pt;\"> Ide\u0101li piem\u0113rots vecajiem skurste\u0146iem <\/span><span style=\"font-family: helvetica, arial, sans-serif; font-size: 14pt;\">(nav nepiecie\u0161ma nomai\u0146a).<\/span><\/p>","protected":false},"featured_media":3421,"template":"","meta":[],"product_brand":[],"product_cat":[58],"product_tag":[],"class_list":{"0":"post-3390","1":"product","2":"type-product","3":"status-publish","4":"has-post-thumbnail","6":"product_cat-gazes-apkures-katli","8":"first","9":"instock","10":"taxable","11":"shipping-taxable","12":"purchasable","13":"product-type-simple"},"yoast_head":"<!-- This site is optimized with the Yoast SEO plugin v25.4 - https:\/\/yoast.com\/wordpress\/plugins\/seo\/ -->\n<title>NIKE ECO 24 - Gastechbaltic<\/title>\n<meta name=\"robots\" content=\"index, follow, max-snippet:-1, max-image-preview:large, max-video-preview:-1\" \/>\n<link rel=\"canonical\" href=\"https:\/\/gastechbaltic.lv\/en\/product\/nike-eco-24-2\/\" \/>\n<meta property=\"og:locale\" content=\"en_GB\" \/>\n<meta property=\"og:type\" content=\"article\" \/>\n<meta property=\"og:title\" content=\"NIKE ECO 24 - Gastechbaltic\" \/>\n<meta property=\"og:description\" content=\"Pie sienas stiprin\u0101ms kombin\u0113tais apkures katls.  Ide\u0101li piem\u0113rots vecajiem skurste\u0146iem (nav nepiecie\u0161ma nomai\u0146a).\" \/>\n<meta property=\"og:url\" content=\"https:\/\/gastechbaltic.lv\/en\/product\/nike-eco-24-2\/\" \/>\n<meta property=\"og:site_name\" content=\"Gastechbaltic\" \/>\n<meta property=\"article:modified_time\" content=\"2025-09-30T11:22:39+00:00\" \/>\n<meta property=\"og:image\" content=\"https:\/\/gastechbaltic.lv\/wp-content\/uploads\/2025\/05\/NIKE_ECO_001-e1673905969693.jpg\" \/>\n\t<meta property=\"og:image:width\" content=\"1570\" \/>\n\t<meta property=\"og:image:height\" content=\"2445\" \/>\n\t<meta property=\"og:image:type\" content=\"image\/jpeg\" \/>\n<meta name=\"twitter:card\" content=\"summary_large_image\" \/>\n<meta name=\"twitter:label1\" content=\"Estimated reading time\" \/>\n\t<meta name=\"twitter:data1\" content=\"1 minute\" \/>\n<script type=\"application\/ld+json\" class=\"yoast-schema-graph\">{\"@context\":\"https:\/\/schema.org\",\"@graph\":[{\"@type\":\"WebPage\",\"@id\":\"https:\/\/gastechbaltic.lv\/product\/nike-eco-24-2\/\",\"url\":\"https:\/\/gastechbaltic.lv\/product\/nike-eco-24-2\/\",\"name\":\"NIKE ECO 24 - Gastechbaltic\",\"isPartOf\":{\"@id\":\"https:\/\/gastechbaltic.lv\/#website\"},\"primaryImageOfPage\":{\"@id\":\"https:\/\/gastechbaltic.lv\/product\/nike-eco-24-2\/#primaryimage\"},\"image\":{\"@id\":\"https:\/\/gastechbaltic.lv\/product\/nike-eco-24-2\/#primaryimage\"},\"thumbnailUrl\":\"https:\/\/gastechbaltic.lv\/wp-content\/uploads\/2025\/05\/NIKE_ECO_001-e1673905969693.jpg\",\"datePublished\":\"2025-05-28T12:31:43+00:00\",\"dateModified\":\"2025-09-30T11:22:39+00:00\",\"breadcrumb\":{\"@id\":\"https:\/\/gastechbaltic.lv\/product\/nike-eco-24-2\/#breadcrumb\"},\"inLanguage\":\"en-GB\",\"potentialAction\":[{\"@type\":\"ReadAction\",\"target\":[\"https:\/\/gastechbaltic.lv\/product\/nike-eco-24-2\/\"]}]},{\"@type\":\"ImageObject\",\"inLanguage\":\"en-GB\",\"@id\":\"https:\/\/gastechbaltic.lv\/product\/nike-eco-24-2\/#primaryimage\",\"url\":\"https:\/\/gastechbaltic.lv\/wp-content\/uploads\/2025\/05\/NIKE_ECO_001-e1673905969693.jpg\",\"contentUrl\":\"https:\/\/gastechbaltic.lv\/wp-content\/uploads\/2025\/05\/NIKE_ECO_001-e1673905969693.jpg\",\"width\":1570,\"height\":2445},{\"@type\":\"BreadcrumbList\",\"@id\":\"https:\/\/gastechbaltic.lv\/product\/nike-eco-24-2\/#breadcrumb\",\"itemListElement\":[{\"@type\":\"ListItem\",\"position\":1,\"name\":\"Home\",\"item\":\"https:\/\/gastechbaltic.lv\/\"},{\"@type\":\"ListItem\",\"position\":2,\"name\":\"Veikals\",\"item\":\"https:\/\/gastechbaltic.lv\/veikals\/\"},{\"@type\":\"ListItem\",\"position\":3,\"name\":\"NIKE ECO 24\"}]},{\"@type\":\"WebSite\",\"@id\":\"https:\/\/gastechbaltic.lv\/#website\",\"url\":\"https:\/\/gastechbaltic.lv\/\",\"name\":\"Gastechbaltic\",\"description\":\"\",\"publisher\":{\"@id\":\"https:\/\/gastechbaltic.lv\/#organization\"},\"potentialAction\":[{\"@type\":\"SearchAction\",\"target\":{\"@type\":\"EntryPoint\",\"urlTemplate\":\"https:\/\/gastechbaltic.lv\/?s={search_term_string}\"},\"query-input\":{\"@type\":\"PropertyValueSpecification\",\"valueRequired\":true,\"valueName\":\"search_term_string\"}}],\"inLanguage\":\"en-GB\"},{\"@type\":\"Organization\",\"@id\":\"https:\/\/gastechbaltic.lv\/#organization\",\"name\":\"Gastechbaltic\",\"url\":\"https:\/\/gastechbaltic.lv\/\",\"logo\":{\"@type\":\"ImageObject\",\"inLanguage\":\"en-GB\",\"@id\":\"https:\/\/gastechbaltic.lv\/#\/schema\/logo\/image\/\",\"url\":\"https:\/\/gastechbaltic.lv\/wp-content\/uploads\/2025\/07\/cropped-New-Project-9.png\",\"contentUrl\":\"https:\/\/gastechbaltic.lv\/wp-content\/uploads\/2025\/07\/cropped-New-Project-9.png\",\"width\":275,\"height\":91,\"caption\":\"Gastechbaltic\"},\"image\":{\"@id\":\"https:\/\/gastechbaltic.lv\/#\/schema\/logo\/image\/\"}}]}<\/script>\n<!-- \/ Yoast SEO plugin. -->","yoast_head_json":{"title":"NIKE ECO 24 - Gastechbaltic","robots":{"index":"index","follow":"follow","max-snippet":"max-snippet:-1","max-image-preview":"max-image-preview:large","max-video-preview":"max-video-preview:-1"},"canonical":"https:\/\/gastechbaltic.lv\/en\/product\/nike-eco-24-2\/","og_locale":"en_GB","og_type":"article","og_title":"NIKE ECO 24 - Gastechbaltic","og_description":"Pie sienas stiprin\u0101ms kombin\u0113tais apkures katls.  Ide\u0101li piem\u0113rots vecajiem skurste\u0146iem (nav nepiecie\u0161ma nomai\u0146a).","og_url":"https:\/\/gastechbaltic.lv\/en\/product\/nike-eco-24-2\/","og_site_name":"Gastechbaltic","article_modified_time":"2025-09-30T11:22:39+00:00","og_image":[{"width":1570,"height":2445,"url":"https:\/\/gastechbaltic.lv\/wp-content\/uploads\/2025\/05\/NIKE_ECO_001-e1673905969693.jpg","type":"image\/jpeg"}],"twitter_card":"summary_large_image","twitter_misc":{"Estimated reading time":"1 minute"},"schema":{"@context":"https:\/\/schema.org","@graph":[{"@type":"WebPage","@id":"https:\/\/gastechbaltic.lv\/product\/nike-eco-24-2\/","url":"https:\/\/gastechbaltic.lv\/product\/nike-eco-24-2\/","name":"NIKE ECO 24 - Gastechbaltic","isPartOf":{"@id":"https:\/\/gastechbaltic.lv\/#website"},"primaryImageOfPage":{"@id":"https:\/\/gastechbaltic.lv\/product\/nike-eco-24-2\/#primaryimage"},"image":{"@id":"https:\/\/gastechbaltic.lv\/product\/nike-eco-24-2\/#primaryimage"},"thumbnailUrl":"https:\/\/gastechbaltic.lv\/wp-content\/uploads\/2025\/05\/NIKE_ECO_001-e1673905969693.jpg","datePublished":"2025-05-28T12:31:43+00:00","dateModified":"2025-09-30T11:22:39+00:00","breadcrumb":{"@id":"https:\/\/gastechbaltic.lv\/product\/nike-eco-24-2\/#breadcrumb"},"inLanguage":"en-GB","potentialAction":[{"@type":"ReadAction","target":["https:\/\/gastechbaltic.lv\/product\/nike-eco-24-2\/"]}]},{"@type":"ImageObject","inLanguage":"en-GB","@id":"https:\/\/gastechbaltic.lv\/product\/nike-eco-24-2\/#primaryimage","url":"https:\/\/gastechbaltic.lv\/wp-content\/uploads\/2025\/05\/NIKE_ECO_001-e1673905969693.jpg","contentUrl":"https:\/\/gastechbaltic.lv\/wp-content\/uploads\/2025\/05\/NIKE_ECO_001-e1673905969693.jpg","width":1570,"height":2445},{"@type":"BreadcrumbList","@id":"https:\/\/gastechbaltic.lv\/product\/nike-eco-24-2\/#breadcrumb","itemListElement":[{"@type":"ListItem","position":1,"name":"Home","item":"https:\/\/gastechbaltic.lv\/"},{"@type":"ListItem","position":2,"name":"Veikals","item":"https:\/\/gastechbaltic.lv\/veikals\/"},{"@type":"ListItem","position":3,"name":"NIKE ECO 24"}]},{"@type":"WebSite","@id":"https:\/\/gastechbaltic.lv\/#website","url":"https:\/\/gastechbaltic.lv\/","name":"Gastechbaltic","description":"","publisher":{"@id":"https:\/\/gastechbaltic.lv\/#organization"},"potentialAction":[{"@type":"SearchAction","target":{"@type":"EntryPoint","urlTemplate":"https:\/\/gastechbaltic.lv\/?s={search_term_string}"},"query-input":{"@type":"PropertyValueSpecification","valueRequired":true,"valueName":"search_term_string"}}],"inLanguage":"en-GB"},{"@type":"Organization","@id":"https:\/\/gastechbaltic.lv\/#organization","name":"Gastechbaltic","url":"https:\/\/gastechbaltic.lv\/","logo":{"@type":"ImageObject","inLanguage":"en-GB","@id":"https:\/\/gastechbaltic.lv\/#\/schema\/logo\/image\/","url":"https:\/\/gastechbaltic.lv\/wp-content\/uploads\/2025\/07\/cropped-New-Project-9.png","contentUrl":"https:\/\/gastechbaltic.lv\/wp-content\/uploads\/2025\/07\/cropped-New-Project-9.png","width":275,"height":91,"caption":"Gastechbaltic"},"image":{"@id":"https:\/\/gastechbaltic.lv\/#\/schema\/logo\/image\/"}}]}},"_links":{"self":[{"href":"https:\/\/gastechbaltic.lv\/en\/wp-json\/wp\/v2\/product\/3390","targetHints":{"allow":["GET"]}}],"collection":[{"href":"https:\/\/gastechbaltic.lv\/en\/wp-json\/wp\/v2\/product"}],"about":[{"href":"https:\/\/gastechbaltic.lv\/en\/wp-json\/wp\/v2\/types\/product"}],"wp:featuredmedia":[{"embeddable":true,"href":"https:\/\/gastechbaltic.lv\/en\/wp-json\/wp\/v2\/media\/3421"}],"wp:attachment":[{"href":"https:\/\/gastechbaltic.lv\/en\/wp-json\/wp\/v2\/media?parent=3390"}],"wp:term":[{"taxonomy":"product_brand","embeddable":true,"href":"https:\/\/gastechbaltic.lv\/en\/wp-json\/wp\/v2\/product_brand?post=3390"},{"taxonomy":"product_cat","embeddable":true,"href":"https:\/\/gastechbaltic.lv\/en\/wp-json\/wp\/v2\/product_cat?post=3390"},{"taxonomy":"product_tag","embeddable":true,"href":"https:\/\/gastechbaltic.lv\/en\/wp-json\/wp\/v2\/product_tag?post=3390"}],"curies":[{"name":"wp","href":"https:\/\/api.w.org\/{rel}","templated":true}]}}