{"id":3378,"date":"2025-05-28T14:31:42","date_gmt":"2025-05-28T12:31:42","guid":{"rendered":"https:\/\/gastechbaltic.lv\/?post_type=product&#038;p=3378"},"modified":"2025-10-01T11:36:58","modified_gmt":"2025-10-01T08:36:58","slug":"victrix-omnia-2","status":"publish","type":"product","link":"https:\/\/gastechbaltic.lv\/en\/product\/victrix-omnia-2\/","title":{"rendered":"Victrix Omnia"},"content":{"rendered":"<h4><span class=\"title\" style=\"font-family: trebuchet ms, geneva, sans-serif;\">VICTRIX OMNIA<\/span><\/h4>\n<p><span style=\"color: #ff0000; font-size: 14pt;\"><strong><span style=\"font-family: trebuchet ms, geneva, sans-serif;\">Jaunais bloks ar DIN savienojumiem, <\/span><\/strong><\/span><span style=\"color: #ff0000; font-size: 14pt;\"><strong><span style=\"font-family: trebuchet ms, geneva, sans-serif;\">ide\u0101li piem\u0113rots veco apkures katlu nomai\u0146ai.<\/span><\/strong><\/span><\/p>\n<p><span style=\"font-family: helvetica, arial, sans-serif;\">Eirop\u0101 miljoniem apkures katlu tuvojas nomai\u0146as laikam un liel\u0101kajai da\u013cai no tiem ir DIN tipa savienojumi.<\/span><\/p>\n<p><span style=\"font-family: helvetica, arial, sans-serif;\">T\u0101p\u0113c <span style=\"font-size: 14pt;\">Immergas <\/span>ir izveidojis <span style=\"font-family: trebuchet ms, geneva, sans-serif; font-size: 14pt;\">VICTRIX OMNIA<\/span> \u2013 g\u0101zes apkures katlu ar t\u0101du pa\u0161u DIN tipa santehnikas un g\u0101zes armat\u016bru k\u0101 vecajiem katliem. T\u0101d\u0113j\u0101di atvieglojot uzst\u0101d\u012b\u0161anu, samazinot mont\u0101\u017eas laiku pie katla nomai\u0146as, atst\u0101jot jau eso\u0161o apkures sist\u0113mu un ietaupot l\u012bdzek\u013cus, bet nezaud\u0113jot kvalit\u0101ti.\u00a0<\/span><\/p>\n<p><span style=\"font-family: trebuchet ms, geneva, sans-serif; font-size: 14pt; color: #ff0000;\"><strong>Din-tipa savienojumi &#8211;<\/strong> \u0113rtai un \u0101trai uzst\u0101d\u012b\u0161anai.<\/span><\/p>\n<p><span style=\"font-family: helvetica, arial, sans-serif;\">Pateicoties DIN savienojumu sec\u012bbai, m\u016bsu VICTRIX OMNIA katlu ir viegli uzst\u0101d\u012bt, nomainot novecoju\u0161us katlus ar augstu pat\u0113ri\u0146u. <\/span><\/p>\n<p><span style=\"font-family: helvetica, arial, sans-serif;\">DIN raksturojo\u0161ais centr\u0101lais g\u0101zes pievads (G) atrodas starp apkures sist\u0113mas padevi (M) un atgaitas (R), k\u0101 ar\u012b starp piesl\u0113gumu pie \u016bdensvada (AF) un sadz\u012bves karst\u0101 \u016bdens padevi (AC).<\/span><\/p>\n<p><span style=\"font-family: trebuchet ms, geneva, sans-serif; font-size: 14pt;\">Augsta hidraulisk\u0101 veiktsp\u0113ja<\/span><\/p>\n<p><span style=\"font-family: helvetica, arial, sans-serif; font-size: 12pt;\">Izstr\u0101d\u0101ts atbilsto\u0161i ES ener\u0123ijas izmanto\u0161anas direkt\u012bv\u0101m, <span style=\"font-family: trebuchet ms, geneva, sans-serif; font-size: 14pt;\">VICTRIX OMNIA<\/span> ir lielisks apkures katls, apr\u012bkots ar ner\u016bs\u0113jo\u0161\u0101 t\u0113rauda spir\u0101lveida kondens\u0101cijas siltummaini. Samazin\u0101ts lod\u0113jumu skaits samazina plaisu risku. Viengabala caurules forma l\u012bdzsvaro hidraulisko caurpl\u016bdi. Iek\u0161\u0113j\u0101s sekcijas pla\u0161aj\u0101 un konstantaj\u0101 virsm\u0101 neveidojas nogulsnes un neaiz\u0137eras \u016bden\u012b jau eso\u0161ie piemais\u012bjumi. T\u0101d\u0113j\u0101di <span style=\"font-family: trebuchet ms, geneva, sans-serif; font-size: 14pt;\">VICTRIX OMNIA<\/span> ir ide\u0101li piem\u0113rots g\u0101zes apkures nomai\u0146as katls gad\u012bjumos ,kad tiek saglab\u0101ta iepriek\u0161\u0113j\u0101 apkures sist\u0113ma.<\/span><\/p>\n<p><span style=\"font-family: trebuchet ms, geneva, sans-serif; font-size: 14pt;\">\u201cA\u201d klases cirkul\u0101cijas s\u016bknis<\/span><\/p>\n<p><span style=\"font-family: helvetica, arial, sans-serif; font-size: 12pt;\">T\u0101pat k\u0101 visi <span style=\"font-size: 14pt;\">Immergas <\/span>kondens\u0101cijas katli, <span style=\"font-family: trebuchet ms, geneva, sans-serif; font-size: 14pt;\">VICTRIX OMNIA<\/span> ir sertific\u0113ts \u201cA\u201d klas\u0113.<\/span><br \/>\n<span style=\"font-family: helvetica, arial, sans-serif; font-size: 12pt;\">Zema elektroener\u0123ijas pat\u0113ri\u0146a cirkul\u0101cijas s\u016bknis \u013cauj iev\u0113rojami ietaup\u012bt, sal\u012bdzinot ar tradicion\u0101lajiem, vec\u0101kas paaudzes s\u016bk\u0146iem. Padeves un atgaitas NTC sensoru kl\u0101tb\u016btne \u013cauj piel\u0101got sist\u0113mas darb\u012bbu sezon\u0101laj\u0101m vajadz\u012bb\u0101m.<\/span><\/p>\n<p><span style=\"font-family: trebuchet ms, geneva, sans-serif; font-size: 14pt;\">Elektronisk\u0101 gaisa\/g\u0101zes kontrole<\/span><\/p>\n<p><span style=\"font-family: helvetica, arial, sans-serif; font-size: 12pt;\">Augsta sezon\u0101l\u0101 efektivit\u0101te, modul\u0113jot siltuma jaudu no 20 l\u012bdz 100 % <\/span><br \/>\n<span style=\"font-family: helvetica, arial, sans-serif; font-size: 12pt;\">Elektroniskais g\u0101zes v\u0101rsts nodro\u0161ina gaisa\/ g\u0101zes kontroli. Elektroniskais vad\u012bbas bloks piel\u0101go deg\u0161anas parametrus gaisa vai g\u0101zes bl\u012bvuma sv\u0101rst\u012bbu gad\u012bjum\u0101, izmantojot daudzfunkcion\u0101lo elektrodu, kur\u0161 atrodas degkamer\u0101. V\u0113l viena svar\u012bga iez\u012bme it t\u0101, ka g\u0101zes sprauslas nav j\u0101maina gad\u012bjum\u0101, ja tiek main\u012bts lietojam\u0101s g\u0101zes veids (dabasg\u0101ze jeb met\u0101ns\/sa\u0161\u0137idrin\u0101t\u0101 g\u0101ze jeb prop\u0101na un but\u0101na mais\u012bjums). Piel\u0101gojumi tiek veikti elektroniski, veicot attiec\u012bg\u0101s izmai\u0146as vad\u012bbas bloka programmat\u016br\u0101.<\/span><\/p>\n\n    <div class=\"xs_social_share_widget xs_share_url after_content \t\tmain_content  wslu-style-1 wslu-share-box-shaped wslu-fill-colored wslu-none wslu-share-horizontal wslu-theme-font-no wslu-main_content\">\n\n\t\t\n        <ul>\n\t\t\t        <\/ul>\n    <\/div>","protected":false},"excerpt":{"rendered":"<p><span style=\"font-family: helvetica, arial, sans-serif; font-size: 14pt;\">Pie sienas stiprin\u0101ms g\u0101zes kondens\u0101cijas apkures katls.<\/span><\/p>\n<p><span style=\"font-family: helvetica, arial, sans-serif; font-size: 14pt;\">Jaunais bloks ar DIN savienojumiem, ide\u0101li piem\u0113rots veco apkures katlu nomai\u0146ai.<\/span><\/p>","protected":false},"featured_media":3393,"template":"","meta":[],"product_brand":[],"product_cat":[58],"product_tag":[],"class_list":{"0":"post-3378","1":"product","2":"type-product","3":"status-publish","4":"has-post-thumbnail","6":"product_cat-gazes-apkures-katli","8":"first","9":"instock","10":"taxable","11":"shipping-taxable","12":"purchasable","13":"product-type-simple"},"yoast_head":"<!-- This site is optimized with the Yoast SEO plugin v25.4 - https:\/\/yoast.com\/wordpress\/plugins\/seo\/ -->\n<title>Victrix Omnia - Gastechbaltic<\/title>\n<meta name=\"robots\" content=\"index, follow, max-snippet:-1, max-image-preview:large, max-video-preview:-1\" \/>\n<link rel=\"canonical\" href=\"https:\/\/gastechbaltic.lv\/en\/product\/victrix-omnia-2\/\" \/>\n<meta property=\"og:locale\" content=\"en_GB\" \/>\n<meta property=\"og:type\" content=\"article\" \/>\n<meta property=\"og:title\" content=\"Victrix Omnia - Gastechbaltic\" \/>\n<meta property=\"og:description\" content=\"Pie sienas stiprin\u0101ms g\u0101zes kondens\u0101cijas apkures katls.  Jaunais bloks ar DIN savienojumiem, ide\u0101li piem\u0113rots veco apkures katlu nomai\u0146ai.\" \/>\n<meta property=\"og:url\" content=\"https:\/\/gastechbaltic.lv\/en\/product\/victrix-omnia-2\/\" \/>\n<meta property=\"og:site_name\" content=\"Gastechbaltic\" \/>\n<meta property=\"article:modified_time\" content=\"2025-10-01T08:36:58+00:00\" \/>\n<meta property=\"og:image\" content=\"https:\/\/gastechbaltic.lv\/wp-content\/uploads\/2025\/05\/VICTRIX_OMNIA_ori-e1674227112632.png\" \/>\n\t<meta property=\"og:image:width\" content=\"1404\" \/>\n\t<meta property=\"og:image:height\" content=\"1993\" \/>\n\t<meta property=\"og:image:type\" content=\"image\/png\" \/>\n<meta name=\"twitter:card\" content=\"summary_large_image\" \/>\n<meta name=\"twitter:label1\" content=\"Estimated reading time\" \/>\n\t<meta name=\"twitter:data1\" content=\"2 minutes\" \/>\n<script type=\"application\/ld+json\" class=\"yoast-schema-graph\">{\"@context\":\"https:\/\/schema.org\",\"@graph\":[{\"@type\":\"WebPage\",\"@id\":\"https:\/\/gastechbaltic.lv\/product\/victrix-omnia-2\/\",\"url\":\"https:\/\/gastechbaltic.lv\/product\/victrix-omnia-2\/\",\"name\":\"Victrix Omnia - Gastechbaltic\",\"isPartOf\":{\"@id\":\"https:\/\/gastechbaltic.lv\/#website\"},\"primaryImageOfPage\":{\"@id\":\"https:\/\/gastechbaltic.lv\/product\/victrix-omnia-2\/#primaryimage\"},\"image\":{\"@id\":\"https:\/\/gastechbaltic.lv\/product\/victrix-omnia-2\/#primaryimage\"},\"thumbnailUrl\":\"https:\/\/gastechbaltic.lv\/wp-content\/uploads\/2025\/05\/VICTRIX_OMNIA_ori-e1674227112632.png\",\"datePublished\":\"2025-05-28T12:31:42+00:00\",\"dateModified\":\"2025-10-01T08:36:58+00:00\",\"breadcrumb\":{\"@id\":\"https:\/\/gastechbaltic.lv\/product\/victrix-omnia-2\/#breadcrumb\"},\"inLanguage\":\"en-GB\",\"potentialAction\":[{\"@type\":\"ReadAction\",\"target\":[\"https:\/\/gastechbaltic.lv\/product\/victrix-omnia-2\/\"]}]},{\"@type\":\"ImageObject\",\"inLanguage\":\"en-GB\",\"@id\":\"https:\/\/gastechbaltic.lv\/product\/victrix-omnia-2\/#primaryimage\",\"url\":\"https:\/\/gastechbaltic.lv\/wp-content\/uploads\/2025\/05\/VICTRIX_OMNIA_ori-e1674227112632.png\",\"contentUrl\":\"https:\/\/gastechbaltic.lv\/wp-content\/uploads\/2025\/05\/VICTRIX_OMNIA_ori-e1674227112632.png\",\"width\":1404,\"height\":1993},{\"@type\":\"BreadcrumbList\",\"@id\":\"https:\/\/gastechbaltic.lv\/product\/victrix-omnia-2\/#breadcrumb\",\"itemListElement\":[{\"@type\":\"ListItem\",\"position\":1,\"name\":\"Home\",\"item\":\"https:\/\/gastechbaltic.lv\/\"},{\"@type\":\"ListItem\",\"position\":2,\"name\":\"Veikals\",\"item\":\"https:\/\/gastechbaltic.lv\/veikals\/\"},{\"@type\":\"ListItem\",\"position\":3,\"name\":\"Victrix Omnia\"}]},{\"@type\":\"WebSite\",\"@id\":\"https:\/\/gastechbaltic.lv\/#website\",\"url\":\"https:\/\/gastechbaltic.lv\/\",\"name\":\"Gastechbaltic\",\"description\":\"\",\"publisher\":{\"@id\":\"https:\/\/gastechbaltic.lv\/#organization\"},\"potentialAction\":[{\"@type\":\"SearchAction\",\"target\":{\"@type\":\"EntryPoint\",\"urlTemplate\":\"https:\/\/gastechbaltic.lv\/?s={search_term_string}\"},\"query-input\":{\"@type\":\"PropertyValueSpecification\",\"valueRequired\":true,\"valueName\":\"search_term_string\"}}],\"inLanguage\":\"en-GB\"},{\"@type\":\"Organization\",\"@id\":\"https:\/\/gastechbaltic.lv\/#organization\",\"name\":\"Gastechbaltic\",\"url\":\"https:\/\/gastechbaltic.lv\/\",\"logo\":{\"@type\":\"ImageObject\",\"inLanguage\":\"en-GB\",\"@id\":\"https:\/\/gastechbaltic.lv\/#\/schema\/logo\/image\/\",\"url\":\"https:\/\/gastechbaltic.lv\/wp-content\/uploads\/2025\/07\/cropped-New-Project-9.png\",\"contentUrl\":\"https:\/\/gastechbaltic.lv\/wp-content\/uploads\/2025\/07\/cropped-New-Project-9.png\",\"width\":275,\"height\":91,\"caption\":\"Gastechbaltic\"},\"image\":{\"@id\":\"https:\/\/gastechbaltic.lv\/#\/schema\/logo\/image\/\"}}]}<\/script>\n<!-- \/ Yoast SEO plugin. -->","yoast_head_json":{"title":"Victrix Omnia - Gastechbaltic","robots":{"index":"index","follow":"follow","max-snippet":"max-snippet:-1","max-image-preview":"max-image-preview:large","max-video-preview":"max-video-preview:-1"},"canonical":"https:\/\/gastechbaltic.lv\/en\/product\/victrix-omnia-2\/","og_locale":"en_GB","og_type":"article","og_title":"Victrix Omnia - Gastechbaltic","og_description":"Pie sienas stiprin\u0101ms g\u0101zes kondens\u0101cijas apkures katls.  Jaunais bloks ar DIN savienojumiem, ide\u0101li piem\u0113rots veco apkures katlu nomai\u0146ai.","og_url":"https:\/\/gastechbaltic.lv\/en\/product\/victrix-omnia-2\/","og_site_name":"Gastechbaltic","article_modified_time":"2025-10-01T08:36:58+00:00","og_image":[{"width":1404,"height":1993,"url":"https:\/\/gastechbaltic.lv\/wp-content\/uploads\/2025\/05\/VICTRIX_OMNIA_ori-e1674227112632.png","type":"image\/png"}],"twitter_card":"summary_large_image","twitter_misc":{"Estimated reading time":"2 minutes"},"schema":{"@context":"https:\/\/schema.org","@graph":[{"@type":"WebPage","@id":"https:\/\/gastechbaltic.lv\/product\/victrix-omnia-2\/","url":"https:\/\/gastechbaltic.lv\/product\/victrix-omnia-2\/","name":"Victrix Omnia - Gastechbaltic","isPartOf":{"@id":"https:\/\/gastechbaltic.lv\/#website"},"primaryImageOfPage":{"@id":"https:\/\/gastechbaltic.lv\/product\/victrix-omnia-2\/#primaryimage"},"image":{"@id":"https:\/\/gastechbaltic.lv\/product\/victrix-omnia-2\/#primaryimage"},"thumbnailUrl":"https:\/\/gastechbaltic.lv\/wp-content\/uploads\/2025\/05\/VICTRIX_OMNIA_ori-e1674227112632.png","datePublished":"2025-05-28T12:31:42+00:00","dateModified":"2025-10-01T08:36:58+00:00","breadcrumb":{"@id":"https:\/\/gastechbaltic.lv\/product\/victrix-omnia-2\/#breadcrumb"},"inLanguage":"en-GB","potentialAction":[{"@type":"ReadAction","target":["https:\/\/gastechbaltic.lv\/product\/victrix-omnia-2\/"]}]},{"@type":"ImageObject","inLanguage":"en-GB","@id":"https:\/\/gastechbaltic.lv\/product\/victrix-omnia-2\/#primaryimage","url":"https:\/\/gastechbaltic.lv\/wp-content\/uploads\/2025\/05\/VICTRIX_OMNIA_ori-e1674227112632.png","contentUrl":"https:\/\/gastechbaltic.lv\/wp-content\/uploads\/2025\/05\/VICTRIX_OMNIA_ori-e1674227112632.png","width":1404,"height":1993},{"@type":"BreadcrumbList","@id":"https:\/\/gastechbaltic.lv\/product\/victrix-omnia-2\/#breadcrumb","itemListElement":[{"@type":"ListItem","position":1,"name":"Home","item":"https:\/\/gastechbaltic.lv\/"},{"@type":"ListItem","position":2,"name":"Veikals","item":"https:\/\/gastechbaltic.lv\/veikals\/"},{"@type":"ListItem","position":3,"name":"Victrix Omnia"}]},{"@type":"WebSite","@id":"https:\/\/gastechbaltic.lv\/#website","url":"https:\/\/gastechbaltic.lv\/","name":"Gastechbaltic","description":"","publisher":{"@id":"https:\/\/gastechbaltic.lv\/#organization"},"potentialAction":[{"@type":"SearchAction","target":{"@type":"EntryPoint","urlTemplate":"https:\/\/gastechbaltic.lv\/?s={search_term_string}"},"query-input":{"@type":"PropertyValueSpecification","valueRequired":true,"valueName":"search_term_string"}}],"inLanguage":"en-GB"},{"@type":"Organization","@id":"https:\/\/gastechbaltic.lv\/#organization","name":"Gastechbaltic","url":"https:\/\/gastechbaltic.lv\/","logo":{"@type":"ImageObject","inLanguage":"en-GB","@id":"https:\/\/gastechbaltic.lv\/#\/schema\/logo\/image\/","url":"https:\/\/gastechbaltic.lv\/wp-content\/uploads\/2025\/07\/cropped-New-Project-9.png","contentUrl":"https:\/\/gastechbaltic.lv\/wp-content\/uploads\/2025\/07\/cropped-New-Project-9.png","width":275,"height":91,"caption":"Gastechbaltic"},"image":{"@id":"https:\/\/gastechbaltic.lv\/#\/schema\/logo\/image\/"}}]}},"_links":{"self":[{"href":"https:\/\/gastechbaltic.lv\/en\/wp-json\/wp\/v2\/product\/3378","targetHints":{"allow":["GET"]}}],"collection":[{"href":"https:\/\/gastechbaltic.lv\/en\/wp-json\/wp\/v2\/product"}],"about":[{"href":"https:\/\/gastechbaltic.lv\/en\/wp-json\/wp\/v2\/types\/product"}],"wp:featuredmedia":[{"embeddable":true,"href":"https:\/\/gastechbaltic.lv\/en\/wp-json\/wp\/v2\/media\/3393"}],"wp:attachment":[{"href":"https:\/\/gastechbaltic.lv\/en\/wp-json\/wp\/v2\/media?parent=3378"}],"wp:term":[{"taxonomy":"product_brand","embeddable":true,"href":"https:\/\/gastechbaltic.lv\/en\/wp-json\/wp\/v2\/product_brand?post=3378"},{"taxonomy":"product_cat","embeddable":true,"href":"https:\/\/gastechbaltic.lv\/en\/wp-json\/wp\/v2\/product_cat?post=3378"},{"taxonomy":"product_tag","embeddable":true,"href":"https:\/\/gastechbaltic.lv\/en\/wp-json\/wp\/v2\/product_tag?post=3378"}],"curies":[{"name":"wp","href":"https:\/\/api.w.org\/{rel}","templated":true}]}}