{"id":3267,"date":"2025-05-16T15:34:39","date_gmt":"2025-05-16T13:34:39","guid":{"rendered":"https:\/\/gastechbaltic.lv\/?post_type=product&#038;p=3267"},"modified":"2025-07-01T10:54:20","modified_gmt":"2025-07-01T07:54:20","slug":"mini-nike-x-24-3-e","status":"publish","type":"product","link":"https:\/\/gastechbaltic.lv\/en\/product\/mini-nike-x-24-3-e\/","title":{"rendered":"MINI NIKE X 24 3 E"},"content":{"rendered":"<p>Sienas kombin\u0113tais tradicion\u0101lais katls ar biterm\u0101lo siltummaini, nosl\u0113gtas kameras ventilatora pal\u012bdz\u012bbu.<\/p>\n\n    <div class=\"xs_social_share_widget xs_share_url after_content \t\tmain_content  wslu-style-1 wslu-share-box-shaped wslu-fill-colored wslu-none wslu-share-horizontal wslu-theme-font-no wslu-main_content\">\n\n\t\t\n        <ul>\n\t\t\t        <\/ul>\n    <\/div>","protected":false},"excerpt":{"rendered":"<p>Pie sienas stiprin\u0101ms kompakts tradicion\u0101lais katls tikai apkurei, nosl\u0113gtas kameras ar ventilatoru modelis<\/p>","protected":false},"featured_media":3268,"template":"","meta":[],"product_brand":[],"product_cat":[58],"product_tag":[],"class_list":{"0":"post-3267","1":"product","2":"type-product","3":"status-publish","4":"has-post-thumbnail","6":"product_cat-gazes-apkures-katli","8":"first","9":"instock","10":"taxable","11":"shipping-taxable","12":"purchasable","13":"product-type-simple"},"yoast_head":"<!-- This site is optimized with the Yoast SEO plugin v25.4 - https:\/\/yoast.com\/wordpress\/plugins\/seo\/ -->\n<title>MINI NIKE X 24 3 E - Gastechbaltic<\/title>\n<meta name=\"robots\" content=\"index, follow, max-snippet:-1, max-image-preview:large, max-video-preview:-1\" \/>\n<link rel=\"canonical\" href=\"https:\/\/gastechbaltic.lv\/en\/product\/mini-nike-x-24-3-e\/\" \/>\n<meta property=\"og:locale\" content=\"en_GB\" \/>\n<meta property=\"og:type\" content=\"article\" \/>\n<meta property=\"og:title\" content=\"MINI NIKE X 24 3 E - Gastechbaltic\" \/>\n<meta property=\"og:description\" content=\"Pie sienas stiprin\u0101ms kompakts tradicion\u0101lais katls tikai apkurei, nosl\u0113gtas kameras ar ventilatoru modelis\" \/>\n<meta property=\"og:url\" content=\"https:\/\/gastechbaltic.lv\/en\/product\/mini-nike-x-24-3-e\/\" \/>\n<meta property=\"og:site_name\" content=\"Gastechbaltic\" \/>\n<meta property=\"article:modified_time\" content=\"2025-07-01T07:54:20+00:00\" \/>\n<meta property=\"og:image\" content=\"https:\/\/gastechbaltic.lv\/wp-content\/uploads\/2025\/05\/image.png\" \/>\n\t<meta property=\"og:image:width\" content=\"634\" \/>\n\t<meta property=\"og:image:height\" content=\"1052\" \/>\n\t<meta property=\"og:image:type\" content=\"image\/png\" \/>\n<meta name=\"twitter:card\" content=\"summary_large_image\" \/>\n<script type=\"application\/ld+json\" class=\"yoast-schema-graph\">{\"@context\":\"https:\/\/schema.org\",\"@graph\":[{\"@type\":\"WebPage\",\"@id\":\"https:\/\/gastechbaltic.lv\/product\/mini-nike-x-24-3-e\/\",\"url\":\"https:\/\/gastechbaltic.lv\/product\/mini-nike-x-24-3-e\/\",\"name\":\"MINI NIKE X 24 3 E - Gastechbaltic\",\"isPartOf\":{\"@id\":\"https:\/\/gastechbaltic.lv\/#website\"},\"primaryImageOfPage\":{\"@id\":\"https:\/\/gastechbaltic.lv\/product\/mini-nike-x-24-3-e\/#primaryimage\"},\"image\":{\"@id\":\"https:\/\/gastechbaltic.lv\/product\/mini-nike-x-24-3-e\/#primaryimage\"},\"thumbnailUrl\":\"https:\/\/gastechbaltic.lv\/wp-content\/uploads\/2025\/05\/image.png\",\"datePublished\":\"2025-05-16T13:34:39+00:00\",\"dateModified\":\"2025-07-01T07:54:20+00:00\",\"breadcrumb\":{\"@id\":\"https:\/\/gastechbaltic.lv\/product\/mini-nike-x-24-3-e\/#breadcrumb\"},\"inLanguage\":\"en-GB\",\"potentialAction\":[{\"@type\":\"ReadAction\",\"target\":[\"https:\/\/gastechbaltic.lv\/product\/mini-nike-x-24-3-e\/\"]}]},{\"@type\":\"ImageObject\",\"inLanguage\":\"en-GB\",\"@id\":\"https:\/\/gastechbaltic.lv\/product\/mini-nike-x-24-3-e\/#primaryimage\",\"url\":\"https:\/\/gastechbaltic.lv\/wp-content\/uploads\/2025\/05\/image.png\",\"contentUrl\":\"https:\/\/gastechbaltic.lv\/wp-content\/uploads\/2025\/05\/image.png\",\"width\":634,\"height\":1052},{\"@type\":\"BreadcrumbList\",\"@id\":\"https:\/\/gastechbaltic.lv\/product\/mini-nike-x-24-3-e\/#breadcrumb\",\"itemListElement\":[{\"@type\":\"ListItem\",\"position\":1,\"name\":\"Home\",\"item\":\"https:\/\/gastechbaltic.lv\/\"},{\"@type\":\"ListItem\",\"position\":2,\"name\":\"Veikals\",\"item\":\"https:\/\/gastechbaltic.lv\/veikals\/\"},{\"@type\":\"ListItem\",\"position\":3,\"name\":\"MINI NIKE X 24 3 E\"}]},{\"@type\":\"WebSite\",\"@id\":\"https:\/\/gastechbaltic.lv\/#website\",\"url\":\"https:\/\/gastechbaltic.lv\/\",\"name\":\"Gastechbaltic\",\"description\":\"\",\"publisher\":{\"@id\":\"https:\/\/gastechbaltic.lv\/#organization\"},\"potentialAction\":[{\"@type\":\"SearchAction\",\"target\":{\"@type\":\"EntryPoint\",\"urlTemplate\":\"https:\/\/gastechbaltic.lv\/?s={search_term_string}\"},\"query-input\":{\"@type\":\"PropertyValueSpecification\",\"valueRequired\":true,\"valueName\":\"search_term_string\"}}],\"inLanguage\":\"en-GB\"},{\"@type\":\"Organization\",\"@id\":\"https:\/\/gastechbaltic.lv\/#organization\",\"name\":\"Gastechbaltic\",\"url\":\"https:\/\/gastechbaltic.lv\/\",\"logo\":{\"@type\":\"ImageObject\",\"inLanguage\":\"en-GB\",\"@id\":\"https:\/\/gastechbaltic.lv\/#\/schema\/logo\/image\/\",\"url\":\"https:\/\/gastechbaltic.lv\/wp-content\/uploads\/2025\/07\/cropped-New-Project-9.png\",\"contentUrl\":\"https:\/\/gastechbaltic.lv\/wp-content\/uploads\/2025\/07\/cropped-New-Project-9.png\",\"width\":275,\"height\":91,\"caption\":\"Gastechbaltic\"},\"image\":{\"@id\":\"https:\/\/gastechbaltic.lv\/#\/schema\/logo\/image\/\"}}]}<\/script>\n<!-- \/ Yoast SEO plugin. -->","yoast_head_json":{"title":"MINI NIKE X 24 3 E - Gastechbaltic","robots":{"index":"index","follow":"follow","max-snippet":"max-snippet:-1","max-image-preview":"max-image-preview:large","max-video-preview":"max-video-preview:-1"},"canonical":"https:\/\/gastechbaltic.lv\/en\/product\/mini-nike-x-24-3-e\/","og_locale":"en_GB","og_type":"article","og_title":"MINI NIKE X 24 3 E - Gastechbaltic","og_description":"Pie sienas stiprin\u0101ms kompakts tradicion\u0101lais katls tikai apkurei, nosl\u0113gtas kameras ar ventilatoru modelis","og_url":"https:\/\/gastechbaltic.lv\/en\/product\/mini-nike-x-24-3-e\/","og_site_name":"Gastechbaltic","article_modified_time":"2025-07-01T07:54:20+00:00","og_image":[{"width":634,"height":1052,"url":"https:\/\/gastechbaltic.lv\/wp-content\/uploads\/2025\/05\/image.png","type":"image\/png"}],"twitter_card":"summary_large_image","schema":{"@context":"https:\/\/schema.org","@graph":[{"@type":"WebPage","@id":"https:\/\/gastechbaltic.lv\/product\/mini-nike-x-24-3-e\/","url":"https:\/\/gastechbaltic.lv\/product\/mini-nike-x-24-3-e\/","name":"MINI NIKE X 24 3 E - Gastechbaltic","isPartOf":{"@id":"https:\/\/gastechbaltic.lv\/#website"},"primaryImageOfPage":{"@id":"https:\/\/gastechbaltic.lv\/product\/mini-nike-x-24-3-e\/#primaryimage"},"image":{"@id":"https:\/\/gastechbaltic.lv\/product\/mini-nike-x-24-3-e\/#primaryimage"},"thumbnailUrl":"https:\/\/gastechbaltic.lv\/wp-content\/uploads\/2025\/05\/image.png","datePublished":"2025-05-16T13:34:39+00:00","dateModified":"2025-07-01T07:54:20+00:00","breadcrumb":{"@id":"https:\/\/gastechbaltic.lv\/product\/mini-nike-x-24-3-e\/#breadcrumb"},"inLanguage":"en-GB","potentialAction":[{"@type":"ReadAction","target":["https:\/\/gastechbaltic.lv\/product\/mini-nike-x-24-3-e\/"]}]},{"@type":"ImageObject","inLanguage":"en-GB","@id":"https:\/\/gastechbaltic.lv\/product\/mini-nike-x-24-3-e\/#primaryimage","url":"https:\/\/gastechbaltic.lv\/wp-content\/uploads\/2025\/05\/image.png","contentUrl":"https:\/\/gastechbaltic.lv\/wp-content\/uploads\/2025\/05\/image.png","width":634,"height":1052},{"@type":"BreadcrumbList","@id":"https:\/\/gastechbaltic.lv\/product\/mini-nike-x-24-3-e\/#breadcrumb","itemListElement":[{"@type":"ListItem","position":1,"name":"Home","item":"https:\/\/gastechbaltic.lv\/"},{"@type":"ListItem","position":2,"name":"Veikals","item":"https:\/\/gastechbaltic.lv\/veikals\/"},{"@type":"ListItem","position":3,"name":"MINI NIKE X 24 3 E"}]},{"@type":"WebSite","@id":"https:\/\/gastechbaltic.lv\/#website","url":"https:\/\/gastechbaltic.lv\/","name":"Gastechbaltic","description":"","publisher":{"@id":"https:\/\/gastechbaltic.lv\/#organization"},"potentialAction":[{"@type":"SearchAction","target":{"@type":"EntryPoint","urlTemplate":"https:\/\/gastechbaltic.lv\/?s={search_term_string}"},"query-input":{"@type":"PropertyValueSpecification","valueRequired":true,"valueName":"search_term_string"}}],"inLanguage":"en-GB"},{"@type":"Organization","@id":"https:\/\/gastechbaltic.lv\/#organization","name":"Gastechbaltic","url":"https:\/\/gastechbaltic.lv\/","logo":{"@type":"ImageObject","inLanguage":"en-GB","@id":"https:\/\/gastechbaltic.lv\/#\/schema\/logo\/image\/","url":"https:\/\/gastechbaltic.lv\/wp-content\/uploads\/2025\/07\/cropped-New-Project-9.png","contentUrl":"https:\/\/gastechbaltic.lv\/wp-content\/uploads\/2025\/07\/cropped-New-Project-9.png","width":275,"height":91,"caption":"Gastechbaltic"},"image":{"@id":"https:\/\/gastechbaltic.lv\/#\/schema\/logo\/image\/"}}]}},"_links":{"self":[{"href":"https:\/\/gastechbaltic.lv\/en\/wp-json\/wp\/v2\/product\/3267","targetHints":{"allow":["GET"]}}],"collection":[{"href":"https:\/\/gastechbaltic.lv\/en\/wp-json\/wp\/v2\/product"}],"about":[{"href":"https:\/\/gastechbaltic.lv\/en\/wp-json\/wp\/v2\/types\/product"}],"wp:featuredmedia":[{"embeddable":true,"href":"https:\/\/gastechbaltic.lv\/en\/wp-json\/wp\/v2\/media\/3268"}],"wp:attachment":[{"href":"https:\/\/gastechbaltic.lv\/en\/wp-json\/wp\/v2\/media?parent=3267"}],"wp:term":[{"taxonomy":"product_brand","embeddable":true,"href":"https:\/\/gastechbaltic.lv\/en\/wp-json\/wp\/v2\/product_brand?post=3267"},{"taxonomy":"product_cat","embeddable":true,"href":"https:\/\/gastechbaltic.lv\/en\/wp-json\/wp\/v2\/product_cat?post=3267"},{"taxonomy":"product_tag","embeddable":true,"href":"https:\/\/gastechbaltic.lv\/en\/wp-json\/wp\/v2\/product_tag?post=3267"}],"curies":[{"name":"wp","href":"https:\/\/api.w.org\/{rel}","templated":true}]}}