{"id":28,"date":"2025-05-16T15:34:54","date_gmt":"2025-05-16T13:34:54","guid":{"rendered":"https:\/\/gastechbaltic.lv\/?post_type=product&#038;p=28"},"modified":"2025-09-30T14:04:39","modified_gmt":"2025-09-30T11:04:39","slug":"victrix-omnia-v2","status":"publish","type":"product","link":"https:\/\/gastechbaltic.lv\/en\/product\/victrix-omnia-v2\/","title":{"rendered":"Victrix OMNIA V2"},"content":{"rendered":"<p><strong>Victrix OMNIA V2 g\u0101zes katls \u2013 efekt\u012bva, dro\u0161a un ilgtsp\u0113j\u012bga apkure j\u016bsu m\u0101joklim<\/strong><\/p>\n<p>\u012apa\u0161i izstr\u0101d\u0101ts, veco iek\u0101rtu nomai\u0146ai, Victrix OMNIA V2 ir augstas kvalit\u0101tes g\u0101zes katls, kas apvieno modernu tehnolo\u0123iju ar ilgsto\u0161u darb\u012bbu. \u0160is katls ir ide\u0101ls risin\u0101jums gan m\u0101jsaimniec\u012bb\u0101m, gan komerci\u0101l\u0101m telp\u0101m, nodro\u0161inot efekt\u012bvu un ekonomisku apkuri.<\/p>\n<p><strong>Galven\u0101s \u012bpa\u0161\u012bbas:<\/strong><\/p>\n<ul>\n<li><strong>Augsta efektivit\u0101te:<\/strong> Victrix OMNIA V2 ir izstr\u0101d\u0101ts ar m\u0113r\u0137i samazin\u0101t ener\u0123ijas pat\u0113ri\u0146u, nodro\u0161inot maksim\u0101lu siltuma ra\u017eo\u0161anu ar minim\u0101lu resursu pat\u0113ri\u0146u.<\/li>\n<li><strong>Viegla uzst\u0101d\u012b\u0161ana un lieto\u0161ana:<\/strong> Intuit\u012bvs vad\u012bbas panelis un kompakts dizains padara katla uzst\u0101d\u012b\u0161anu un ikdienas ekspluat\u0101ciju vienk\u0101r\u0161u.<\/li>\n<li><strong>Ilgsto\u0161a darba garantija:<\/strong> Augstas kvalit\u0101tes materi\u0101li un modern\u0101s tehnolo\u0123ijas nodro\u0161ina ilgu kalpo\u0161anas laiku un uzticam\u012bbu.<\/li>\n<li><strong>Dro\u0161\u012bba un dro\u0161\u012bbas funkcijas:<\/strong> Ieb\u016bv\u0113tas aizsardz\u012bbas sist\u0113mas nodro\u0161ina dro\u0161u darb\u012bbu un aizsarg\u0101 pret p\u0101rkar\u0161anu vai nopl\u016bd\u0113m.<\/li>\n<li><strong>Videi draudz\u012bgs risin\u0101jums:<\/strong> Samazina emisijas un ir atbilsto\u0161s m\u016bsdienu vides pras\u012bb\u0101m.<\/li>\n<\/ul>\n<p><strong>K\u0101p\u0113c izv\u0113l\u0113ties Victrix OMNIA V2?<\/strong> Ja v\u0113laties uzticamu un energoefekt\u012bvu apkures risin\u0101jumu, kas saglab\u0101 j\u016bsu m\u0101jok\u013ca komfortu un ir draudz\u012bgs videi, Victrix OMNIA V2 ir jums ide\u0101ls izv\u0113le. Tam ir moderns dizains, zems trok\u0161\u0146a l\u012bmenis un zema ekspluat\u0101cijas izmaksas.<\/p>\n\n    <div class=\"xs_social_share_widget xs_share_url after_content \t\tmain_content  wslu-style-1 wslu-share-box-shaped wslu-fill-colored wslu-none wslu-share-horizontal wslu-theme-font-no wslu-main_content\">\n\n\t\t\n        <ul>\n\t\t\t        <\/ul>\n    <\/div>","protected":false},"excerpt":{"rendered":"<ul>\n<li>Ner\u016bs\u0113jo\u0161\u0101 t\u0113rauda siltummainis.<\/li>\n<li>Augstas efektivit\u0101tes Grundfos cirkul\u0101cijas s\u016bknis.<\/li>\n<li>Vair\u0101ku veidu skurste\u0146a piesl\u0113gumi.<\/li>\n<li>&#8220;DIN&#8221; standarta piesl\u0113gumi atvieglo uzst\u0101d\u012b\u0161anu<\/li>\n<li>Modul\u0101cija 1:7 (4 kW &#8211; 26kW)<\/li>\n<li>Gatavs darbam ar \u016bde\u0146ra\u017ea mais\u012bjumu: 20%<\/li>\n<li>Apkures energoefektivit\u0101tes klase: A<\/li>\n<li>Karst\u0101 \u016bdens energoefektivit\u0101tes klase: A \/ XL<\/li>\n<li>Siltuma jauda apkurei (C.H.): 20,0 kW<\/li>\n<li>Siltuma jauda karst\u0101 \u016bdens sagatavo\u0161anai (D.H.W.): 26,0 kW<\/li>\n<li>Izm\u0113ri (Augstums x Platums x Dzi\u013cums): 738 x 400 x 242 mm<\/li>\n<li>Tips: Kombin\u0113tais (combi)<\/li>\n<li>Karst\u0101 \u016bdens ra\u017eo\u0161ana (\u2206t 30\u00b0C): 12,4 litri\/min\u016bt\u0113<\/li>\n<\/ul>","protected":false},"featured_media":3353,"template":"","meta":[],"product_brand":[],"product_cat":[58],"product_tag":[],"class_list":{"0":"post-28","1":"product","2":"type-product","3":"status-publish","4":"has-post-thumbnail","6":"product_cat-gazes-apkures-katli","8":"first","9":"instock","10":"taxable","11":"shipping-taxable","12":"purchasable","13":"product-type-simple"},"yoast_head":"<!-- This site is optimized with the Yoast SEO plugin v25.4 - https:\/\/yoast.com\/wordpress\/plugins\/seo\/ -->\n<title>Victrix OMNIA V2 - Gastechbaltic<\/title>\n<meta name=\"description\" content=\"Victrix OMNIA V2 g\u0101zes katls \u2013 efekt\u012bva, dro\u0161a un ilgtsp\u0113j\u012bga apkure j\u016bsu m\u0101joklim\u012apa\u0161i izstr\u0101d\u0101ts, lai nodro\u0161in\u0101tu v\u0113s\u0101s sezonas komfortu, Victrix OMNIA V2 ir augstas kvalit\u0101tes g\u0101zes katls, kas apvieno modernu tehnolo\u0123iju ar ilgsto\u0161u darb\u012bbu. \u0160is katls ir ide\u0101ls risin\u0101jums gan m\u0101jsaimniec\u012bb\u0101m, gan komerci\u0101l\u0101m telp\u0101m, nodro\u0161inot efekt\u012bvu un ekonomisku apkuri.Galven\u0101s \u012bpa\u0161\u012bbas:Augsta efektivit\u0101te: Victrix OMNIA V2 ir izstr\u0101d\u0101ts ar m\u0113r\u0137i samazin\u0101t ener\u0123ijas pat\u0113ri\u0146u, nodro\u0161inot maksim\u0101lu siltuma ra\u017eo\u0161anu ar minim\u0101lu resursu pat\u0113ri\u0146u.Viegla uzst\u0101d\u012b\u0161ana un lieto\u0161ana: Intuit\u012bvs vad\u012bbas panelis un kompakts dizains padara katla uzst\u0101d\u012b\u0161anu un ikdienas ekspluat\u0101ciju vienk\u0101r\u0161u.Ilgsto\u0161a darba garantija: Augstas kvalit\u0101tes materi\u0101li un modern\u0101s tehnolo\u0123ijas nodro\u0161ina ilgu kalpo\u0161anas laiku un uzticam\u012bbu.Dro\u0161\u012bba un dro\u0161\u012bbas funkcijas: Ieb\u016bv\u0113tas aizsardz\u012bbas sist\u0113mas nodro\u0161ina dro\u0161u darb\u012bbu un aizsarg\u0101 pret p\u0101rkar\u0161anu vai nopl\u016bd\u0113m.Videi draudz\u012bgs risin\u0101jums: Samazina emisijas un ir atbilsto\u0161s m\u016bsdienu vides pras\u012bb\u0101m.K\u0101p\u0113c izv\u0113l\u0113ties Victrix OMNIA V2? Ja v\u0113laties uzticamu un energoefekt\u012bvu apkures risin\u0101jumu, kas saglab\u0101 j\u016bsu m\u0101jok\u013ca komfortu un ir draudz\u012bgs videi, Victrix OMNIA V2 ir jums ide\u0101ls izv\u0113le. Tam ir moderns dizains, zems trok\u0161\u0146a l\u012bmenis un zema ekspluat\u0101cijas izmaksas.\" \/>\n<meta name=\"robots\" content=\"index, follow, max-snippet:-1, max-image-preview:large, max-video-preview:-1\" \/>\n<link rel=\"canonical\" href=\"https:\/\/gastechbaltic.lv\/en\/product\/victrix-omnia-v2\/\" \/>\n<meta property=\"og:locale\" content=\"en_GB\" \/>\n<meta property=\"og:type\" content=\"article\" \/>\n<meta property=\"og:title\" content=\"Victrix OMNIA V2 - Gastechbaltic\" \/>\n<meta property=\"og:description\" content=\"Victrix OMNIA V2 g\u0101zes katls \u2013 efekt\u012bva, dro\u0161a un ilgtsp\u0113j\u012bga apkure j\u016bsu m\u0101joklim\u012apa\u0161i izstr\u0101d\u0101ts, lai nodro\u0161in\u0101tu v\u0113s\u0101s sezonas komfortu, Victrix OMNIA V2 ir augstas kvalit\u0101tes g\u0101zes katls, kas apvieno modernu tehnolo\u0123iju ar ilgsto\u0161u darb\u012bbu. \u0160is katls ir ide\u0101ls risin\u0101jums gan m\u0101jsaimniec\u012bb\u0101m, gan komerci\u0101l\u0101m telp\u0101m, nodro\u0161inot efekt\u012bvu un ekonomisku apkuri.Galven\u0101s \u012bpa\u0161\u012bbas:Augsta efektivit\u0101te: Victrix OMNIA V2 ir izstr\u0101d\u0101ts ar m\u0113r\u0137i samazin\u0101t ener\u0123ijas pat\u0113ri\u0146u, nodro\u0161inot maksim\u0101lu siltuma ra\u017eo\u0161anu ar minim\u0101lu resursu pat\u0113ri\u0146u.Viegla uzst\u0101d\u012b\u0161ana un lieto\u0161ana: Intuit\u012bvs vad\u012bbas panelis un kompakts dizains padara katla uzst\u0101d\u012b\u0161anu un ikdienas ekspluat\u0101ciju vienk\u0101r\u0161u.Ilgsto\u0161a darba garantija: Augstas kvalit\u0101tes materi\u0101li un modern\u0101s tehnolo\u0123ijas nodro\u0161ina ilgu kalpo\u0161anas laiku un uzticam\u012bbu.Dro\u0161\u012bba un dro\u0161\u012bbas funkcijas: Ieb\u016bv\u0113tas aizsardz\u012bbas sist\u0113mas nodro\u0161ina dro\u0161u darb\u012bbu un aizsarg\u0101 pret p\u0101rkar\u0161anu vai nopl\u016bd\u0113m.Videi draudz\u012bgs risin\u0101jums: Samazina emisijas un ir atbilsto\u0161s m\u016bsdienu vides pras\u012bb\u0101m.K\u0101p\u0113c izv\u0113l\u0113ties Victrix OMNIA V2? Ja v\u0113laties uzticamu un energoefekt\u012bvu apkures risin\u0101jumu, kas saglab\u0101 j\u016bsu m\u0101jok\u013ca komfortu un ir draudz\u012bgs videi, Victrix OMNIA V2 ir jums ide\u0101ls izv\u0113le. Tam ir moderns dizains, zems trok\u0161\u0146a l\u012bmenis un zema ekspluat\u0101cijas izmaksas.\" \/>\n<meta property=\"og:url\" content=\"https:\/\/gastechbaltic.lv\/en\/product\/victrix-omnia-v2\/\" \/>\n<meta property=\"og:site_name\" content=\"Gastechbaltic\" \/>\n<meta property=\"article:modified_time\" content=\"2025-09-30T11:04:39+00:00\" \/>\n<meta property=\"og:image\" content=\"https:\/\/gastechbaltic.lv\/wp-content\/uploads\/2025\/05\/VICTRIX_OMNIA_V2_001.png\" \/>\n\t<meta property=\"og:image:width\" content=\"763\" \/>\n\t<meta property=\"og:image:height\" content=\"1315\" \/>\n\t<meta property=\"og:image:type\" content=\"image\/png\" \/>\n<meta name=\"twitter:card\" content=\"summary_large_image\" \/>\n<meta name=\"twitter:label1\" content=\"Estimated reading time\" \/>\n\t<meta name=\"twitter:data1\" content=\"2 minutes\" \/>\n<script type=\"application\/ld+json\" class=\"yoast-schema-graph\">{\"@context\":\"https:\/\/schema.org\",\"@graph\":[{\"@type\":\"WebPage\",\"@id\":\"https:\/\/gastechbaltic.lv\/product\/victrix-omnia-v2\/\",\"url\":\"https:\/\/gastechbaltic.lv\/product\/victrix-omnia-v2\/\",\"name\":\"Victrix OMNIA V2 - Gastechbaltic\",\"isPartOf\":{\"@id\":\"https:\/\/gastechbaltic.lv\/#website\"},\"primaryImageOfPage\":{\"@id\":\"https:\/\/gastechbaltic.lv\/product\/victrix-omnia-v2\/#primaryimage\"},\"image\":{\"@id\":\"https:\/\/gastechbaltic.lv\/product\/victrix-omnia-v2\/#primaryimage\"},\"thumbnailUrl\":\"https:\/\/gastechbaltic.lv\/wp-content\/uploads\/2025\/05\/VICTRIX_OMNIA_V2_001.png\",\"datePublished\":\"2025-05-16T13:34:54+00:00\",\"dateModified\":\"2025-09-30T11:04:39+00:00\",\"description\":\"Victrix OMNIA V2 g\u0101zes katls \u2013 efekt\u012bva, dro\u0161a un ilgtsp\u0113j\u012bga apkure j\u016bsu m\u0101joklim\u012apa\u0161i izstr\u0101d\u0101ts, lai nodro\u0161in\u0101tu v\u0113s\u0101s sezonas komfortu, Victrix OMNIA V2 ir augstas kvalit\u0101tes g\u0101zes katls, kas apvieno modernu tehnolo\u0123iju ar ilgsto\u0161u darb\u012bbu. \u0160is katls ir ide\u0101ls risin\u0101jums gan m\u0101jsaimniec\u012bb\u0101m, gan komerci\u0101l\u0101m telp\u0101m, nodro\u0161inot efekt\u012bvu un ekonomisku apkuri.Galven\u0101s \u012bpa\u0161\u012bbas:Augsta efektivit\u0101te: Victrix OMNIA V2 ir izstr\u0101d\u0101ts ar m\u0113r\u0137i samazin\u0101t ener\u0123ijas pat\u0113ri\u0146u, nodro\u0161inot maksim\u0101lu siltuma ra\u017eo\u0161anu ar minim\u0101lu resursu pat\u0113ri\u0146u.Viegla uzst\u0101d\u012b\u0161ana un lieto\u0161ana: Intuit\u012bvs vad\u012bbas panelis un kompakts dizains padara katla uzst\u0101d\u012b\u0161anu un ikdienas ekspluat\u0101ciju vienk\u0101r\u0161u.Ilgsto\u0161a darba garantija: Augstas kvalit\u0101tes materi\u0101li un modern\u0101s tehnolo\u0123ijas nodro\u0161ina ilgu kalpo\u0161anas laiku un uzticam\u012bbu.Dro\u0161\u012bba un dro\u0161\u012bbas funkcijas: Ieb\u016bv\u0113tas aizsardz\u012bbas sist\u0113mas nodro\u0161ina dro\u0161u darb\u012bbu un aizsarg\u0101 pret p\u0101rkar\u0161anu vai nopl\u016bd\u0113m.Videi draudz\u012bgs risin\u0101jums: Samazina emisijas un ir atbilsto\u0161s m\u016bsdienu vides pras\u012bb\u0101m.K\u0101p\u0113c izv\u0113l\u0113ties Victrix OMNIA V2? Ja v\u0113laties uzticamu un energoefekt\u012bvu apkures risin\u0101jumu, kas saglab\u0101 j\u016bsu m\u0101jok\u013ca komfortu un ir draudz\u012bgs videi, Victrix OMNIA V2 ir jums ide\u0101ls izv\u0113le. Tam ir moderns dizains, zems trok\u0161\u0146a l\u012bmenis un zema ekspluat\u0101cijas izmaksas.\",\"breadcrumb\":{\"@id\":\"https:\/\/gastechbaltic.lv\/product\/victrix-omnia-v2\/#breadcrumb\"},\"inLanguage\":\"en-GB\",\"potentialAction\":[{\"@type\":\"ReadAction\",\"target\":[\"https:\/\/gastechbaltic.lv\/product\/victrix-omnia-v2\/\"]}]},{\"@type\":\"ImageObject\",\"inLanguage\":\"en-GB\",\"@id\":\"https:\/\/gastechbaltic.lv\/product\/victrix-omnia-v2\/#primaryimage\",\"url\":\"https:\/\/gastechbaltic.lv\/wp-content\/uploads\/2025\/05\/VICTRIX_OMNIA_V2_001.png\",\"contentUrl\":\"https:\/\/gastechbaltic.lv\/wp-content\/uploads\/2025\/05\/VICTRIX_OMNIA_V2_001.png\",\"width\":763,\"height\":1315},{\"@type\":\"BreadcrumbList\",\"@id\":\"https:\/\/gastechbaltic.lv\/product\/victrix-omnia-v2\/#breadcrumb\",\"itemListElement\":[{\"@type\":\"ListItem\",\"position\":1,\"name\":\"Home\",\"item\":\"https:\/\/gastechbaltic.lv\/\"},{\"@type\":\"ListItem\",\"position\":2,\"name\":\"Veikals\",\"item\":\"https:\/\/gastechbaltic.lv\/veikals\/\"},{\"@type\":\"ListItem\",\"position\":3,\"name\":\"Victrix OMNIA V2\"}]},{\"@type\":\"WebSite\",\"@id\":\"https:\/\/gastechbaltic.lv\/#website\",\"url\":\"https:\/\/gastechbaltic.lv\/\",\"name\":\"Gastechbaltic\",\"description\":\"\",\"publisher\":{\"@id\":\"https:\/\/gastechbaltic.lv\/#organization\"},\"potentialAction\":[{\"@type\":\"SearchAction\",\"target\":{\"@type\":\"EntryPoint\",\"urlTemplate\":\"https:\/\/gastechbaltic.lv\/?s={search_term_string}\"},\"query-input\":{\"@type\":\"PropertyValueSpecification\",\"valueRequired\":true,\"valueName\":\"search_term_string\"}}],\"inLanguage\":\"en-GB\"},{\"@type\":\"Organization\",\"@id\":\"https:\/\/gastechbaltic.lv\/#organization\",\"name\":\"Gastechbaltic\",\"url\":\"https:\/\/gastechbaltic.lv\/\",\"logo\":{\"@type\":\"ImageObject\",\"inLanguage\":\"en-GB\",\"@id\":\"https:\/\/gastechbaltic.lv\/#\/schema\/logo\/image\/\",\"url\":\"https:\/\/gastechbaltic.lv\/wp-content\/uploads\/2025\/07\/cropped-New-Project-9.png\",\"contentUrl\":\"https:\/\/gastechbaltic.lv\/wp-content\/uploads\/2025\/07\/cropped-New-Project-9.png\",\"width\":275,\"height\":91,\"caption\":\"Gastechbaltic\"},\"image\":{\"@id\":\"https:\/\/gastechbaltic.lv\/#\/schema\/logo\/image\/\"}}]}<\/script>\n<!-- \/ Yoast SEO plugin. -->","yoast_head_json":{"title":"Victrix OMNIA V2 - Gastechbaltic","description":"Victrix OMNIA V2 g\u0101zes katls \u2013 efekt\u012bva, dro\u0161a un ilgtsp\u0113j\u012bga apkure j\u016bsu m\u0101joklim\u012apa\u0161i izstr\u0101d\u0101ts, lai nodro\u0161in\u0101tu v\u0113s\u0101s sezonas komfortu, Victrix OMNIA V2 ir augstas kvalit\u0101tes g\u0101zes katls, kas apvieno modernu tehnolo\u0123iju ar ilgsto\u0161u darb\u012bbu. \u0160is katls ir ide\u0101ls risin\u0101jums gan m\u0101jsaimniec\u012bb\u0101m, gan komerci\u0101l\u0101m telp\u0101m, nodro\u0161inot efekt\u012bvu un ekonomisku apkuri.Galven\u0101s \u012bpa\u0161\u012bbas:Augsta efektivit\u0101te: Victrix OMNIA V2 ir izstr\u0101d\u0101ts ar m\u0113r\u0137i samazin\u0101t ener\u0123ijas pat\u0113ri\u0146u, nodro\u0161inot maksim\u0101lu siltuma ra\u017eo\u0161anu ar minim\u0101lu resursu pat\u0113ri\u0146u.Viegla uzst\u0101d\u012b\u0161ana un lieto\u0161ana: Intuit\u012bvs vad\u012bbas panelis un kompakts dizains padara katla uzst\u0101d\u012b\u0161anu un ikdienas ekspluat\u0101ciju vienk\u0101r\u0161u.Ilgsto\u0161a darba garantija: Augstas kvalit\u0101tes materi\u0101li un modern\u0101s tehnolo\u0123ijas nodro\u0161ina ilgu kalpo\u0161anas laiku un uzticam\u012bbu.Dro\u0161\u012bba un dro\u0161\u012bbas funkcijas: Ieb\u016bv\u0113tas aizsardz\u012bbas sist\u0113mas nodro\u0161ina dro\u0161u darb\u012bbu un aizsarg\u0101 pret p\u0101rkar\u0161anu vai nopl\u016bd\u0113m.Videi draudz\u012bgs risin\u0101jums: Samazina emisijas un ir atbilsto\u0161s m\u016bsdienu vides pras\u012bb\u0101m.K\u0101p\u0113c izv\u0113l\u0113ties Victrix OMNIA V2? Ja v\u0113laties uzticamu un energoefekt\u012bvu apkures risin\u0101jumu, kas saglab\u0101 j\u016bsu m\u0101jok\u013ca komfortu un ir draudz\u012bgs videi, Victrix OMNIA V2 ir jums ide\u0101ls izv\u0113le. Tam ir moderns dizains, zems trok\u0161\u0146a l\u012bmenis un zema ekspluat\u0101cijas izmaksas.","robots":{"index":"index","follow":"follow","max-snippet":"max-snippet:-1","max-image-preview":"max-image-preview:large","max-video-preview":"max-video-preview:-1"},"canonical":"https:\/\/gastechbaltic.lv\/en\/product\/victrix-omnia-v2\/","og_locale":"en_GB","og_type":"article","og_title":"Victrix OMNIA V2 - Gastechbaltic","og_description":"Victrix OMNIA V2 g\u0101zes katls \u2013 efekt\u012bva, dro\u0161a un ilgtsp\u0113j\u012bga apkure j\u016bsu m\u0101joklim\u012apa\u0161i izstr\u0101d\u0101ts, lai nodro\u0161in\u0101tu v\u0113s\u0101s sezonas komfortu, Victrix OMNIA V2 ir augstas kvalit\u0101tes g\u0101zes katls, kas apvieno modernu tehnolo\u0123iju ar ilgsto\u0161u darb\u012bbu. \u0160is katls ir ide\u0101ls risin\u0101jums gan m\u0101jsaimniec\u012bb\u0101m, gan komerci\u0101l\u0101m telp\u0101m, nodro\u0161inot efekt\u012bvu un ekonomisku apkuri.Galven\u0101s \u012bpa\u0161\u012bbas:Augsta efektivit\u0101te: Victrix OMNIA V2 ir izstr\u0101d\u0101ts ar m\u0113r\u0137i samazin\u0101t ener\u0123ijas pat\u0113ri\u0146u, nodro\u0161inot maksim\u0101lu siltuma ra\u017eo\u0161anu ar minim\u0101lu resursu pat\u0113ri\u0146u.Viegla uzst\u0101d\u012b\u0161ana un lieto\u0161ana: Intuit\u012bvs vad\u012bbas panelis un kompakts dizains padara katla uzst\u0101d\u012b\u0161anu un ikdienas ekspluat\u0101ciju vienk\u0101r\u0161u.Ilgsto\u0161a darba garantija: Augstas kvalit\u0101tes materi\u0101li un modern\u0101s tehnolo\u0123ijas nodro\u0161ina ilgu kalpo\u0161anas laiku un uzticam\u012bbu.Dro\u0161\u012bba un dro\u0161\u012bbas funkcijas: Ieb\u016bv\u0113tas aizsardz\u012bbas sist\u0113mas nodro\u0161ina dro\u0161u darb\u012bbu un aizsarg\u0101 pret p\u0101rkar\u0161anu vai nopl\u016bd\u0113m.Videi draudz\u012bgs risin\u0101jums: Samazina emisijas un ir atbilsto\u0161s m\u016bsdienu vides pras\u012bb\u0101m.K\u0101p\u0113c izv\u0113l\u0113ties Victrix OMNIA V2? Ja v\u0113laties uzticamu un energoefekt\u012bvu apkures risin\u0101jumu, kas saglab\u0101 j\u016bsu m\u0101jok\u013ca komfortu un ir draudz\u012bgs videi, Victrix OMNIA V2 ir jums ide\u0101ls izv\u0113le. Tam ir moderns dizains, zems trok\u0161\u0146a l\u012bmenis un zema ekspluat\u0101cijas izmaksas.","og_url":"https:\/\/gastechbaltic.lv\/en\/product\/victrix-omnia-v2\/","og_site_name":"Gastechbaltic","article_modified_time":"2025-09-30T11:04:39+00:00","og_image":[{"width":763,"height":1315,"url":"https:\/\/gastechbaltic.lv\/wp-content\/uploads\/2025\/05\/VICTRIX_OMNIA_V2_001.png","type":"image\/png"}],"twitter_card":"summary_large_image","twitter_misc":{"Estimated reading time":"2 minutes"},"schema":{"@context":"https:\/\/schema.org","@graph":[{"@type":"WebPage","@id":"https:\/\/gastechbaltic.lv\/product\/victrix-omnia-v2\/","url":"https:\/\/gastechbaltic.lv\/product\/victrix-omnia-v2\/","name":"Victrix OMNIA V2 - Gastechbaltic","isPartOf":{"@id":"https:\/\/gastechbaltic.lv\/#website"},"primaryImageOfPage":{"@id":"https:\/\/gastechbaltic.lv\/product\/victrix-omnia-v2\/#primaryimage"},"image":{"@id":"https:\/\/gastechbaltic.lv\/product\/victrix-omnia-v2\/#primaryimage"},"thumbnailUrl":"https:\/\/gastechbaltic.lv\/wp-content\/uploads\/2025\/05\/VICTRIX_OMNIA_V2_001.png","datePublished":"2025-05-16T13:34:54+00:00","dateModified":"2025-09-30T11:04:39+00:00","description":"Victrix OMNIA V2 g\u0101zes katls \u2013 efekt\u012bva, dro\u0161a un ilgtsp\u0113j\u012bga apkure j\u016bsu m\u0101joklim\u012apa\u0161i izstr\u0101d\u0101ts, lai nodro\u0161in\u0101tu v\u0113s\u0101s sezonas komfortu, Victrix OMNIA V2 ir augstas kvalit\u0101tes g\u0101zes katls, kas apvieno modernu tehnolo\u0123iju ar ilgsto\u0161u darb\u012bbu. \u0160is katls ir ide\u0101ls risin\u0101jums gan m\u0101jsaimniec\u012bb\u0101m, gan komerci\u0101l\u0101m telp\u0101m, nodro\u0161inot efekt\u012bvu un ekonomisku apkuri.Galven\u0101s \u012bpa\u0161\u012bbas:Augsta efektivit\u0101te: Victrix OMNIA V2 ir izstr\u0101d\u0101ts ar m\u0113r\u0137i samazin\u0101t ener\u0123ijas pat\u0113ri\u0146u, nodro\u0161inot maksim\u0101lu siltuma ra\u017eo\u0161anu ar minim\u0101lu resursu pat\u0113ri\u0146u.Viegla uzst\u0101d\u012b\u0161ana un lieto\u0161ana: Intuit\u012bvs vad\u012bbas panelis un kompakts dizains padara katla uzst\u0101d\u012b\u0161anu un ikdienas ekspluat\u0101ciju vienk\u0101r\u0161u.Ilgsto\u0161a darba garantija: Augstas kvalit\u0101tes materi\u0101li un modern\u0101s tehnolo\u0123ijas nodro\u0161ina ilgu kalpo\u0161anas laiku un uzticam\u012bbu.Dro\u0161\u012bba un dro\u0161\u012bbas funkcijas: Ieb\u016bv\u0113tas aizsardz\u012bbas sist\u0113mas nodro\u0161ina dro\u0161u darb\u012bbu un aizsarg\u0101 pret p\u0101rkar\u0161anu vai nopl\u016bd\u0113m.Videi draudz\u012bgs risin\u0101jums: Samazina emisijas un ir atbilsto\u0161s m\u016bsdienu vides pras\u012bb\u0101m.K\u0101p\u0113c izv\u0113l\u0113ties Victrix OMNIA V2? Ja v\u0113laties uzticamu un energoefekt\u012bvu apkures risin\u0101jumu, kas saglab\u0101 j\u016bsu m\u0101jok\u013ca komfortu un ir draudz\u012bgs videi, Victrix OMNIA V2 ir jums ide\u0101ls izv\u0113le. Tam ir moderns dizains, zems trok\u0161\u0146a l\u012bmenis un zema ekspluat\u0101cijas izmaksas.","breadcrumb":{"@id":"https:\/\/gastechbaltic.lv\/product\/victrix-omnia-v2\/#breadcrumb"},"inLanguage":"en-GB","potentialAction":[{"@type":"ReadAction","target":["https:\/\/gastechbaltic.lv\/product\/victrix-omnia-v2\/"]}]},{"@type":"ImageObject","inLanguage":"en-GB","@id":"https:\/\/gastechbaltic.lv\/product\/victrix-omnia-v2\/#primaryimage","url":"https:\/\/gastechbaltic.lv\/wp-content\/uploads\/2025\/05\/VICTRIX_OMNIA_V2_001.png","contentUrl":"https:\/\/gastechbaltic.lv\/wp-content\/uploads\/2025\/05\/VICTRIX_OMNIA_V2_001.png","width":763,"height":1315},{"@type":"BreadcrumbList","@id":"https:\/\/gastechbaltic.lv\/product\/victrix-omnia-v2\/#breadcrumb","itemListElement":[{"@type":"ListItem","position":1,"name":"Home","item":"https:\/\/gastechbaltic.lv\/"},{"@type":"ListItem","position":2,"name":"Veikals","item":"https:\/\/gastechbaltic.lv\/veikals\/"},{"@type":"ListItem","position":3,"name":"Victrix OMNIA V2"}]},{"@type":"WebSite","@id":"https:\/\/gastechbaltic.lv\/#website","url":"https:\/\/gastechbaltic.lv\/","name":"Gastechbaltic","description":"","publisher":{"@id":"https:\/\/gastechbaltic.lv\/#organization"},"potentialAction":[{"@type":"SearchAction","target":{"@type":"EntryPoint","urlTemplate":"https:\/\/gastechbaltic.lv\/?s={search_term_string}"},"query-input":{"@type":"PropertyValueSpecification","valueRequired":true,"valueName":"search_term_string"}}],"inLanguage":"en-GB"},{"@type":"Organization","@id":"https:\/\/gastechbaltic.lv\/#organization","name":"Gastechbaltic","url":"https:\/\/gastechbaltic.lv\/","logo":{"@type":"ImageObject","inLanguage":"en-GB","@id":"https:\/\/gastechbaltic.lv\/#\/schema\/logo\/image\/","url":"https:\/\/gastechbaltic.lv\/wp-content\/uploads\/2025\/07\/cropped-New-Project-9.png","contentUrl":"https:\/\/gastechbaltic.lv\/wp-content\/uploads\/2025\/07\/cropped-New-Project-9.png","width":275,"height":91,"caption":"Gastechbaltic"},"image":{"@id":"https:\/\/gastechbaltic.lv\/#\/schema\/logo\/image\/"}}]}},"_links":{"self":[{"href":"https:\/\/gastechbaltic.lv\/en\/wp-json\/wp\/v2\/product\/28","targetHints":{"allow":["GET"]}}],"collection":[{"href":"https:\/\/gastechbaltic.lv\/en\/wp-json\/wp\/v2\/product"}],"about":[{"href":"https:\/\/gastechbaltic.lv\/en\/wp-json\/wp\/v2\/types\/product"}],"wp:featuredmedia":[{"embeddable":true,"href":"https:\/\/gastechbaltic.lv\/en\/wp-json\/wp\/v2\/media\/3353"}],"wp:attachment":[{"href":"https:\/\/gastechbaltic.lv\/en\/wp-json\/wp\/v2\/media?parent=28"}],"wp:term":[{"taxonomy":"product_brand","embeddable":true,"href":"https:\/\/gastechbaltic.lv\/en\/wp-json\/wp\/v2\/product_brand?post=28"},{"taxonomy":"product_cat","embeddable":true,"href":"https:\/\/gastechbaltic.lv\/en\/wp-json\/wp\/v2\/product_cat?post=28"},{"taxonomy":"product_tag","embeddable":true,"href":"https:\/\/gastechbaltic.lv\/en\/wp-json\/wp\/v2\/product_tag?post=28"}],"curies":[{"name":"wp","href":"https:\/\/api.w.org\/{rel}","templated":true}]}}