{"id":166,"date":"2022-03-14T23:08:19","date_gmt":"2022-03-14T23:08:19","guid":{"rendered":"https:\/\/gastechbaltic.lv\/?post_type=product&#038;p=166"},"modified":"2025-07-01T10:54:43","modified_gmt":"2025-07-01T07:54:43","slug":"ebsperdo-bi-metal-800","status":"publish","type":"product","link":"https:\/\/gastechbaltic.lv\/en\/product\/ebsperdo-bi-metal-800\/","title":{"rendered":"Victrix SUPERIOR 26"},"content":{"rendered":"<div class=\"woocommerce-tabs wc-tabs-wrapper\">\n<div id=\"tab-description\" class=\"woocommerce-Tabs-panel woocommerce-Tabs-panel--description panel entry-content wc-tab\" role=\"tabpanel\" aria-labelledby=\"tab-title-description\">\n<div class=\"row\">\n<div id=\"wpv-column-c31934148fb897943eb90a876264f36a\" class=\"wpv-grid grid-1-1 wpv-first-level first unextended no-extended-padding\">\n<p><strong>Kop\u0113jais produkta kods met\u0101na, sa\u0161\u0137idrin\u0101t\u0101s naftas g\u0101zes vai 20% \u016bde\u0146ra\u017ea mais\u012bjumiem (g\u0101zes adapt\u0101cijas tehnolo\u0123ija).<\/strong><\/p>\n<p>94% sezon\u0101l\u0101 efektivit\u0101te, lai sasniegtu augst\u0101ku energoefektivit\u0101tes klasi (A+) kombin\u0101cij\u0101 ar modul\u0101cijas t\u0101lvad\u012bbas pulti (t. i., SMARTECH PLUS, CARV2 vai CRD PLUS). NOx klase 6.<\/p>\n<p>3 zvaig\u017e\u0146u sanit\u0101r\u0101 komforta mar\u0137\u0113jums.<\/p>\n<p><img decoding=\"async\" class=\"alignright\" src=\"https:\/\/i0.wp.com\/gastechbaltic.lv\/wp-content\/uploads\/2023\/07\/Picture5-1.png?w=1140\" alt=\"null\" data-recalc-dims=\"1\" \/><\/p>\n<p>\u201cAqua Celeris\u201d patent\u0113t\u0101 sist\u0113ma.<\/p>\n<p>Regul\u0113jams sist\u0113mas apvads<\/p>\n<p>Standarta aizsardz\u012bba pret sasal\u0161anu l\u012bdz -3 \u00b0C. Standarta piesl\u0113guma komplekts.<\/p>\n<p><strong>Magn\u0113tisk\u0101 ciklona filtra komplekts k\u0101 standarta apr\u012bkojums<\/strong><\/p>\n<p>Standarta klo\u0137s \u013cauj kombin\u0113t ar vair\u0101k\u0101m izpl\u016bdes sist\u0113m\u0101m ar pozit\u012bvu spiedienu.<\/p>\n<p>Augsto tehnolo\u0123iju elektronika nodro\u0161ina daudzas jaunas funkcijas, piem\u0113ram, iesp\u0113ju kontrol\u0113t 3 zonas tie\u0161i no katla vad\u012bbas pane\u013ca vai \u0113rtu 4 komforta laika diapazonu un 4 kalend\u0101ru iestat\u012b\u0161anu.<\/p>\n<p>Optim\u0101li karst\u0101 \u016bdens pat\u0113ri\u0146a r\u0101d\u012bt\u0101ji, pateicoties pl\u016bsmas regulatoram.<\/p>\n<p>&nbsp;<\/p>\n<\/div>\n<\/div>\n<p>&nbsp;<\/p>\n<div class=\"row\">\n<div id=\"wpv-column-030e24d1f591fa4b95c250788180746f\" class=\"wpv-grid grid-1-1 wpv-first-level first unextended has-extended-padding\">\n<p>&nbsp;<\/p>\n<\/div>\n<\/div>\n<\/div>\n<\/div>\n<div id=\"order-product-form\"><\/div>\n\n    <div class=\"xs_social_share_widget xs_share_url after_content \t\tmain_content  wslu-style-1 wslu-share-box-shaped wslu-fill-colored wslu-none wslu-share-horizontal wslu-theme-font-no wslu-main_content\">\n\n\t\t\n        <ul>\n\t\t\t        <\/ul>\n    <\/div>","protected":false},"excerpt":{"rendered":"<p>Pie sienas piekaramais kombin\u0113tais kondens\u0101cijas katls ar \u201cAqua Celeris\u201d un magn\u0113tisko ciklona filtru.<\/p>","protected":false},"featured_media":3200,"template":"","meta":[],"product_brand":[],"product_cat":[58],"product_tag":[],"class_list":{"0":"post-166","1":"product","2":"type-product","3":"status-publish","4":"has-post-thumbnail","6":"product_cat-gazes-apkures-katli","8":"first","9":"instock","10":"taxable","11":"shipping-taxable","12":"purchasable","13":"product-type-simple"},"yoast_head":"<!-- This site is optimized with the Yoast SEO plugin v25.4 - https:\/\/yoast.com\/wordpress\/plugins\/seo\/ -->\n<title>Victrix SUPERIOR 26 - Gastechbaltic<\/title>\n<meta name=\"robots\" content=\"index, follow, max-snippet:-1, max-image-preview:large, max-video-preview:-1\" \/>\n<link rel=\"canonical\" href=\"https:\/\/gastechbaltic.lv\/en\/product\/ebsperdo-bi-metal-800\/\" \/>\n<meta property=\"og:locale\" content=\"en_GB\" \/>\n<meta property=\"og:type\" content=\"article\" \/>\n<meta property=\"og:title\" content=\"Victrix SUPERIOR 26 - Gastechbaltic\" \/>\n<meta property=\"og:description\" content=\"Pie sienas piekaramais kombin\u0113tais kondens\u0101cijas katls ar \u201cAqua Celeris\u201d un magn\u0113tisko ciklona filtru.\" \/>\n<meta property=\"og:url\" content=\"https:\/\/gastechbaltic.lv\/en\/product\/ebsperdo-bi-metal-800\/\" \/>\n<meta property=\"og:site_name\" content=\"Gastechbaltic\" \/>\n<meta property=\"article:modified_time\" content=\"2025-07-01T07:54:43+00:00\" \/>\n<meta property=\"og:image\" content=\"https:\/\/gastechbaltic.lv\/wp-content\/uploads\/2022\/03\/VICTRIX-SUPERIOR-35.webp\" \/>\n\t<meta property=\"og:image:width\" content=\"1107\" \/>\n\t<meta property=\"og:image:height\" content=\"1660\" \/>\n\t<meta property=\"og:image:type\" content=\"image\/webp\" \/>\n<meta name=\"twitter:card\" content=\"summary_large_image\" \/>\n<meta name=\"twitter:label1\" content=\"Estimated reading time\" \/>\n\t<meta name=\"twitter:data1\" content=\"2 minutes\" \/>\n<script type=\"application\/ld+json\" class=\"yoast-schema-graph\">{\"@context\":\"https:\/\/schema.org\",\"@graph\":[{\"@type\":\"WebPage\",\"@id\":\"https:\/\/gastechbaltic.lv\/product\/ebsperdo-bi-metal-800\/\",\"url\":\"https:\/\/gastechbaltic.lv\/product\/ebsperdo-bi-metal-800\/\",\"name\":\"Victrix SUPERIOR 26 - Gastechbaltic\",\"isPartOf\":{\"@id\":\"https:\/\/gastechbaltic.lv\/#website\"},\"primaryImageOfPage\":{\"@id\":\"https:\/\/gastechbaltic.lv\/product\/ebsperdo-bi-metal-800\/#primaryimage\"},\"image\":{\"@id\":\"https:\/\/gastechbaltic.lv\/product\/ebsperdo-bi-metal-800\/#primaryimage\"},\"thumbnailUrl\":\"https:\/\/gastechbaltic.lv\/wp-content\/uploads\/2022\/03\/VICTRIX-SUPERIOR-35.webp\",\"datePublished\":\"2022-03-14T23:08:19+00:00\",\"dateModified\":\"2025-07-01T07:54:43+00:00\",\"breadcrumb\":{\"@id\":\"https:\/\/gastechbaltic.lv\/product\/ebsperdo-bi-metal-800\/#breadcrumb\"},\"inLanguage\":\"en-GB\",\"potentialAction\":[{\"@type\":\"ReadAction\",\"target\":[\"https:\/\/gastechbaltic.lv\/product\/ebsperdo-bi-metal-800\/\"]}]},{\"@type\":\"ImageObject\",\"inLanguage\":\"en-GB\",\"@id\":\"https:\/\/gastechbaltic.lv\/product\/ebsperdo-bi-metal-800\/#primaryimage\",\"url\":\"https:\/\/gastechbaltic.lv\/wp-content\/uploads\/2022\/03\/VICTRIX-SUPERIOR-35.webp\",\"contentUrl\":\"https:\/\/gastechbaltic.lv\/wp-content\/uploads\/2022\/03\/VICTRIX-SUPERIOR-35.webp\",\"width\":1107,\"height\":1660},{\"@type\":\"BreadcrumbList\",\"@id\":\"https:\/\/gastechbaltic.lv\/product\/ebsperdo-bi-metal-800\/#breadcrumb\",\"itemListElement\":[{\"@type\":\"ListItem\",\"position\":1,\"name\":\"Home\",\"item\":\"https:\/\/gastechbaltic.lv\/\"},{\"@type\":\"ListItem\",\"position\":2,\"name\":\"Veikals\",\"item\":\"https:\/\/gastechbaltic.lv\/veikals\/\"},{\"@type\":\"ListItem\",\"position\":3,\"name\":\"Victrix SUPERIOR 26\"}]},{\"@type\":\"WebSite\",\"@id\":\"https:\/\/gastechbaltic.lv\/#website\",\"url\":\"https:\/\/gastechbaltic.lv\/\",\"name\":\"Gastechbaltic\",\"description\":\"\",\"publisher\":{\"@id\":\"https:\/\/gastechbaltic.lv\/#organization\"},\"potentialAction\":[{\"@type\":\"SearchAction\",\"target\":{\"@type\":\"EntryPoint\",\"urlTemplate\":\"https:\/\/gastechbaltic.lv\/?s={search_term_string}\"},\"query-input\":{\"@type\":\"PropertyValueSpecification\",\"valueRequired\":true,\"valueName\":\"search_term_string\"}}],\"inLanguage\":\"en-GB\"},{\"@type\":\"Organization\",\"@id\":\"https:\/\/gastechbaltic.lv\/#organization\",\"name\":\"Gastechbaltic\",\"url\":\"https:\/\/gastechbaltic.lv\/\",\"logo\":{\"@type\":\"ImageObject\",\"inLanguage\":\"en-GB\",\"@id\":\"https:\/\/gastechbaltic.lv\/#\/schema\/logo\/image\/\",\"url\":\"https:\/\/gastechbaltic.lv\/wp-content\/uploads\/2025\/07\/cropped-New-Project-9.png\",\"contentUrl\":\"https:\/\/gastechbaltic.lv\/wp-content\/uploads\/2025\/07\/cropped-New-Project-9.png\",\"width\":275,\"height\":91,\"caption\":\"Gastechbaltic\"},\"image\":{\"@id\":\"https:\/\/gastechbaltic.lv\/#\/schema\/logo\/image\/\"}}]}<\/script>\n<!-- \/ Yoast SEO plugin. -->","yoast_head_json":{"title":"Victrix SUPERIOR 26 - Gastechbaltic","robots":{"index":"index","follow":"follow","max-snippet":"max-snippet:-1","max-image-preview":"max-image-preview:large","max-video-preview":"max-video-preview:-1"},"canonical":"https:\/\/gastechbaltic.lv\/en\/product\/ebsperdo-bi-metal-800\/","og_locale":"en_GB","og_type":"article","og_title":"Victrix SUPERIOR 26 - Gastechbaltic","og_description":"Pie sienas piekaramais kombin\u0113tais kondens\u0101cijas katls ar \u201cAqua Celeris\u201d un magn\u0113tisko ciklona filtru.","og_url":"https:\/\/gastechbaltic.lv\/en\/product\/ebsperdo-bi-metal-800\/","og_site_name":"Gastechbaltic","article_modified_time":"2025-07-01T07:54:43+00:00","og_image":[{"width":1107,"height":1660,"url":"https:\/\/gastechbaltic.lv\/wp-content\/uploads\/2022\/03\/VICTRIX-SUPERIOR-35.webp","type":"image\/webp"}],"twitter_card":"summary_large_image","twitter_misc":{"Estimated reading time":"2 minutes"},"schema":{"@context":"https:\/\/schema.org","@graph":[{"@type":"WebPage","@id":"https:\/\/gastechbaltic.lv\/product\/ebsperdo-bi-metal-800\/","url":"https:\/\/gastechbaltic.lv\/product\/ebsperdo-bi-metal-800\/","name":"Victrix SUPERIOR 26 - Gastechbaltic","isPartOf":{"@id":"https:\/\/gastechbaltic.lv\/#website"},"primaryImageOfPage":{"@id":"https:\/\/gastechbaltic.lv\/product\/ebsperdo-bi-metal-800\/#primaryimage"},"image":{"@id":"https:\/\/gastechbaltic.lv\/product\/ebsperdo-bi-metal-800\/#primaryimage"},"thumbnailUrl":"https:\/\/gastechbaltic.lv\/wp-content\/uploads\/2022\/03\/VICTRIX-SUPERIOR-35.webp","datePublished":"2022-03-14T23:08:19+00:00","dateModified":"2025-07-01T07:54:43+00:00","breadcrumb":{"@id":"https:\/\/gastechbaltic.lv\/product\/ebsperdo-bi-metal-800\/#breadcrumb"},"inLanguage":"en-GB","potentialAction":[{"@type":"ReadAction","target":["https:\/\/gastechbaltic.lv\/product\/ebsperdo-bi-metal-800\/"]}]},{"@type":"ImageObject","inLanguage":"en-GB","@id":"https:\/\/gastechbaltic.lv\/product\/ebsperdo-bi-metal-800\/#primaryimage","url":"https:\/\/gastechbaltic.lv\/wp-content\/uploads\/2022\/03\/VICTRIX-SUPERIOR-35.webp","contentUrl":"https:\/\/gastechbaltic.lv\/wp-content\/uploads\/2022\/03\/VICTRIX-SUPERIOR-35.webp","width":1107,"height":1660},{"@type":"BreadcrumbList","@id":"https:\/\/gastechbaltic.lv\/product\/ebsperdo-bi-metal-800\/#breadcrumb","itemListElement":[{"@type":"ListItem","position":1,"name":"Home","item":"https:\/\/gastechbaltic.lv\/"},{"@type":"ListItem","position":2,"name":"Veikals","item":"https:\/\/gastechbaltic.lv\/veikals\/"},{"@type":"ListItem","position":3,"name":"Victrix SUPERIOR 26"}]},{"@type":"WebSite","@id":"https:\/\/gastechbaltic.lv\/#website","url":"https:\/\/gastechbaltic.lv\/","name":"Gastechbaltic","description":"","publisher":{"@id":"https:\/\/gastechbaltic.lv\/#organization"},"potentialAction":[{"@type":"SearchAction","target":{"@type":"EntryPoint","urlTemplate":"https:\/\/gastechbaltic.lv\/?s={search_term_string}"},"query-input":{"@type":"PropertyValueSpecification","valueRequired":true,"valueName":"search_term_string"}}],"inLanguage":"en-GB"},{"@type":"Organization","@id":"https:\/\/gastechbaltic.lv\/#organization","name":"Gastechbaltic","url":"https:\/\/gastechbaltic.lv\/","logo":{"@type":"ImageObject","inLanguage":"en-GB","@id":"https:\/\/gastechbaltic.lv\/#\/schema\/logo\/image\/","url":"https:\/\/gastechbaltic.lv\/wp-content\/uploads\/2025\/07\/cropped-New-Project-9.png","contentUrl":"https:\/\/gastechbaltic.lv\/wp-content\/uploads\/2025\/07\/cropped-New-Project-9.png","width":275,"height":91,"caption":"Gastechbaltic"},"image":{"@id":"https:\/\/gastechbaltic.lv\/#\/schema\/logo\/image\/"}}]}},"_links":{"self":[{"href":"https:\/\/gastechbaltic.lv\/en\/wp-json\/wp\/v2\/product\/166","targetHints":{"allow":["GET"]}}],"collection":[{"href":"https:\/\/gastechbaltic.lv\/en\/wp-json\/wp\/v2\/product"}],"about":[{"href":"https:\/\/gastechbaltic.lv\/en\/wp-json\/wp\/v2\/types\/product"}],"wp:featuredmedia":[{"embeddable":true,"href":"https:\/\/gastechbaltic.lv\/en\/wp-json\/wp\/v2\/media\/3200"}],"wp:attachment":[{"href":"https:\/\/gastechbaltic.lv\/en\/wp-json\/wp\/v2\/media?parent=166"}],"wp:term":[{"taxonomy":"product_brand","embeddable":true,"href":"https:\/\/gastechbaltic.lv\/en\/wp-json\/wp\/v2\/product_brand?post=166"},{"taxonomy":"product_cat","embeddable":true,"href":"https:\/\/gastechbaltic.lv\/en\/wp-json\/wp\/v2\/product_cat?post=166"},{"taxonomy":"product_tag","embeddable":true,"href":"https:\/\/gastechbaltic.lv\/en\/wp-json\/wp\/v2\/product_tag?post=166"}],"curies":[{"name":"wp","href":"https:\/\/api.w.org\/{rel}","templated":true}]}}