{"id":302,"date":"2022-03-16T18:52:37","date_gmt":"2022-03-16T18:52:37","guid":{"rendered":"https:\/\/gastechbaltic.lv\/aboutaircool\/"},"modified":"2025-07-01T16:15:52","modified_gmt":"2025-07-01T13:15:52","slug":"about","status":"publish","type":"page","link":"https:\/\/gastechbaltic.lv\/en\/about\/","title":{"rendered":"Par mums"},"content":{"rendered":"<div data-elementor-type=\"wp-page\" data-elementor-id=\"302\" class=\"elementor elementor-302\">\n\t\t\t\t\t\t<section class=\"has_ma_el_bg_slider elementor-section elementor-top-section elementor-element elementor-element-36b366f2 elementor-hidden-tablet elementor-hidden-mobile elementor-section-boxed elementor-section-height-default elementor-section-height-default jltma-glass-effect-no\" data-id=\"36b366f2\" data-element_type=\"section\" data-settings=\"{&quot;background_background&quot;:&quot;classic&quot;}\">\n\t\t\t\t\t\t\t<div class=\"elementor-background-overlay\"><\/div>\n\t\t\t\t\t\t\t<div class=\"elementor-container elementor-column-gap-default\">\n\t\t\t\t\t<div class=\"has_ma_el_bg_slider elementor-column elementor-col-50 elementor-top-column elementor-element elementor-element-93308d5 elementor-hidden-tablet elementor-hidden-mobile jltma-glass-effect-no\" data-id=\"93308d5\" data-element_type=\"column\">\n\t\t\t<div class=\"elementor-widget-wrap elementor-element-populated\">\n\t\t\t\t\t\t<div class=\"elementor-element elementor-element-08677c5 jltma-glass-effect-no elementor-widget elementor-widget-image\" data-id=\"08677c5\" data-element_type=\"widget\" data-widget_type=\"image.default\">\n\t\t\t\t<div class=\"elementor-widget-container\">\n\t\t\t\t\t\t\t\t\t\t\t\t\t\t\t<img fetchpriority=\"high\" decoding=\"async\" width=\"800\" height=\"600\" src=\"https:\/\/gastechbaltic.lv\/wp-content\/uploads\/2025\/06\/WhatsApp-Image-2025-06-30-at-11.28.11-1.jpeg\" class=\"attachment-large size-large wp-image-3783\" alt=\"\" srcset=\"https:\/\/gastechbaltic.lv\/wp-content\/uploads\/2025\/06\/WhatsApp-Image-2025-06-30-at-11.28.11-1.jpeg 800w, https:\/\/gastechbaltic.lv\/wp-content\/uploads\/2025\/06\/WhatsApp-Image-2025-06-30-at-11.28.11-1-360x270.jpeg 360w, https:\/\/gastechbaltic.lv\/wp-content\/uploads\/2025\/06\/WhatsApp-Image-2025-06-30-at-11.28.11-1-300x225.jpeg 300w, https:\/\/gastechbaltic.lv\/wp-content\/uploads\/2025\/06\/WhatsApp-Image-2025-06-30-at-11.28.11-1-600x450.jpeg 600w, https:\/\/gastechbaltic.lv\/wp-content\/uploads\/2025\/06\/WhatsApp-Image-2025-06-30-at-11.28.11-1-768x576.jpeg 768w, https:\/\/gastechbaltic.lv\/wp-content\/uploads\/2025\/06\/WhatsApp-Image-2025-06-30-at-11.28.11-1-16x12.jpeg 16w\" sizes=\"(max-width: 800px) 100vw, 800px\" \/>\t\t\t\t\t\t\t\t\t\t\t\t\t\t\t<\/div>\n\t\t\t\t<\/div>\n\t\t\t\t\t<\/div>\n\t\t<\/div>\n\t\t\t\t<div class=\"has_ma_el_bg_slider elementor-column elementor-col-50 elementor-top-column elementor-element elementor-element-51516556 jltma-glass-effect-no elementor-invisible\" data-id=\"51516556\" data-element_type=\"column\" data-settings=\"{&quot;animation&quot;:&quot;fadeInRight&quot;}\">\n\t\t\t<div class=\"elementor-widget-wrap elementor-element-populated\">\n\t\t\t\t\t\t<div class=\"elementor-element elementor-element-6b1c2159 jltma-glass-effect-no elementor-widget elementor-widget-heading\" data-id=\"6b1c2159\" data-element_type=\"widget\" data-settings=\"{&quot;_animation&quot;:&quot;none&quot;}\" data-widget_type=\"heading.default\">\n\t\t\t\t<div class=\"elementor-widget-container\">\n\t\t\t\t\t<h2 class=\"elementor-heading-title elementor-size-default\"><h2 style=\"font-weight: 800;font-size: 26px;line-height: 0px;font-family: Raleway;margin: 0.6em 0px;padding: 0px;border: 0px;vertical-align: baseline;text-align: center\"><span style=\"font-style: inherit;font-variant: inherit;font-weight: inherit;font-size: 24pt;line-height: inherit;font-family: inherit;margin: 0px;padding: 0px;border: 0px;vertical-align: baseline\">KAS M\u0112S ESAM<\/span><\/h2><\/h2>\t\t\t\t<\/div>\n\t\t\t\t<\/div>\n\t\t\t\t<div class=\"elementor-element elementor-element-464a170e jltma-glass-effect-no elementor-widget elementor-widget-heading\" data-id=\"464a170e\" data-element_type=\"widget\" data-settings=\"{&quot;_animation&quot;:&quot;none&quot;}\" data-widget_type=\"heading.default\">\n\t\t\t\t<div class=\"elementor-widget-container\">\n\t\t\t\t\t<h6 class=\"elementor-heading-title elementor-size-default\"><b>SIA Gastech Baltic<\/b> ir uzticams partneris m\u016bsdien\u012bgos apkures un dzes\u0113\u0161anas risin\u0101jumos. M\u0113s pal\u012bdzam gan priv\u0101tperson\u0101m, gan uz\u0146\u0113mumiem nodro\u0161in\u0101t komfortu visa gada garum\u0101, pied\u0101v\u0101jot kvalitat\u012bvu g\u0101zes katlu, siltums\u016bk\u0146u un kondicionieru uzst\u0101d\u012b\u0161anu, apkopi un remontu.<br \/><br \/>\nEsam ofici\u0101lais<b> It\u0101lijas z\u012bmola Immergas p\u0101rst\u0101vis Latvij\u0101, <\/b>k\u0101 ar\u012b <b>\u0160veices d\u016bmvadu ra\u017eot\u0101ja Almeva East Europe <\/b>tirdzniec\u012bbas partneris Latvij\u0101. Tas \u013cauj mums nodro\u0161in\u0101t klientiem piek\u013cuvi tikai p\u0101rbaud\u012btiem un augstas kvalit\u0101tes Eiropas ra\u017eojumiem.<br \/><br \/>\nM\u016bsu komand\u0101 str\u0101d\u0101 pieredz\u0113ju\u0161i speci\u0101listi ar vair\u0101k nek\u0101 20 gadu pieredzi, kuri regul\u0101ri pilnveido savas zin\u0101\u0161anas profesion\u0101l\u0101s apm\u0101c\u012bb\u0101s un sadarb\u012bbas partneru r\u012bkot\u0101s t\u0101l\u0101kizgl\u012bt\u012bbas programm\u0101s. <br \/>\n<b>M\u0113s pied\u0101v\u0101jam:<\/b>\n\u2022\tg\u0101zes katlu, siltums\u016bk\u0146u un kondicionieru tirdzniec\u012bbu un uzst\u0101d\u012b\u0161anu;<br \/>\n\u2022\td\u016bmvadu sist\u0113mas un siltummezglu apr\u012bkojumu;<br \/>\n\u2022\tapkures un dzes\u0113\u0161anas iek\u0101rtu apkopi un remontu;<br \/>\n\u2022\ttermostatus, telpas vad\u012bbas risin\u0101jumus un citas ar klimata kontroli saist\u012btas ier\u012bces.<br \/>\nStr\u0101d\u0101jam ar individu\u0101lu pieeju katram projektam, nodro\u0161inot profesion\u0101lu konsult\u0101ciju, tehnisko risin\u0101jumu izstr\u0101di un ilgtermi\u0146a atbalstu.<br \/>\n<b>SIA Gastech Baltic<b \/> \u2013 efekt\u012bvi risin\u0101jumi apkurei un dzes\u0113\u0161anai J\u016bsu m\u0101j\u0101m vai uz\u0146\u0113mumam.<\/h6>\t\t\t\t<\/div>\n\t\t\t\t<\/div>\n\t\t\t\t\t<\/div>\n\t\t<\/div>\n\t\t\t\t\t<\/div>\n\t\t<\/section>\n\t\t\t\t<section class=\"has_ma_el_bg_slider elementor-section elementor-top-section elementor-element elementor-element-46350bdd elementor-hidden-desktop elementor-hidden-widescreen elementor-hidden-laptop elementor-section-boxed elementor-section-height-default elementor-section-height-default jltma-glass-effect-no\" data-id=\"46350bdd\" data-element_type=\"section\" data-settings=\"{&quot;background_background&quot;:&quot;classic&quot;}\">\n\t\t\t\t\t\t\t<div class=\"elementor-background-overlay\"><\/div>\n\t\t\t\t\t\t\t<div class=\"elementor-container elementor-column-gap-default\">\n\t\t\t\t\t<div class=\"has_ma_el_bg_slider elementor-column elementor-col-50 elementor-top-column elementor-element elementor-element-1191d1bb elementor-hidden-tablet elementor-hidden-mobile jltma-glass-effect-no\" data-id=\"1191d1bb\" data-element_type=\"column\">\n\t\t\t<div class=\"elementor-widget-wrap\">\n\t\t\t\t\t\t\t<\/div>\n\t\t<\/div>\n\t\t\t\t<div class=\"has_ma_el_bg_slider elementor-column elementor-col-50 elementor-top-column elementor-element elementor-element-3d9a16d2 jltma-glass-effect-no elementor-invisible\" data-id=\"3d9a16d2\" data-element_type=\"column\" data-settings=\"{&quot;animation&quot;:&quot;fadeInRight&quot;}\">\n\t\t\t<div class=\"elementor-widget-wrap elementor-element-populated\">\n\t\t\t\t\t\t<div class=\"elementor-element elementor-element-2a6df6b jltma-glass-effect-no elementor-widget elementor-widget-heading\" data-id=\"2a6df6b\" data-element_type=\"widget\" data-settings=\"{&quot;_animation&quot;:&quot;none&quot;}\" data-widget_type=\"heading.default\">\n\t\t\t\t<div class=\"elementor-widget-container\">\n\t\t\t\t\t<h2 class=\"elementor-heading-title elementor-size-default\">KAS M\u0112S ESAM<\/h2>\t\t\t\t<\/div>\n\t\t\t\t<\/div>\n\t\t\t\t<div class=\"elementor-element elementor-element-7c6f9703 jltma-glass-effect-no elementor-widget elementor-widget-heading\" data-id=\"7c6f9703\" data-element_type=\"widget\" data-settings=\"{&quot;_animation&quot;:&quot;none&quot;}\" data-widget_type=\"heading.default\">\n\t\t\t\t<div class=\"elementor-widget-container\">\n\t\t\t\t\t<h2 class=\"elementor-heading-title elementor-size-default\">SIA Gastech Baltic ir vien\u012bgais ofici\u0101lais It\u0101lijas uz\u0146\u0113muma Immergas p\u0101rst\u0101vis Latvij\u0101, k\u0101 ar\u012b sadarbojas ar It\u0101lijas uz\u0146\u0113mumu Baxi.\n\nSIA Gastech Baltic ir \u0160veices kvalit\u0101tes plastmasas d\u016bmvadu ra\u017eot\u0101ja Almeva East Europe ofici\u0101lais tirdzniec\u012bbas partneris Latvij\u0101.\n\nM\u016bsu komand\u0101 ir pieredz\u0113ju\u0161i un zino\u0161i speci\u0101listi ar 20 gadu pieredzi g\u0101zes apkures iek\u0101rtu servis\u0101 un mont\u0101\u017e\u0101. Servisa meistari regul\u0101ri piedal\u0101s da\u017e\u0101d\u0101s apm\u0101c\u012bb\u0101s, kursos, pieredzes apmai\u0146as t\u0101l\u0101kizgl\u012bt\u012bbas kursos, k\u0101 ar\u012b viet\u0113jo degvielas un g\u0101zes pieg\u0101d\u0101t\u0101ju r\u012bkotaj\u0101s apm\u0101c\u012bb\u0101s.\n\nPie mums varat ieg\u0101d\u0101ties g\u0101zes apkures iek\u0101rtas, d\u016bmvadus un iek\u0101rtu papildus aksesu\u0101rus (telpas termostatus, t\u0101lvad\u012bbas pultis u. tml.)<\/h2>\t\t\t\t<\/div>\n\t\t\t\t<\/div>\n\t\t\t\t<section class=\"has_ma_el_bg_slider elementor-section elementor-inner-section elementor-element elementor-element-6be6591f elementor-section-content-middle elementor-reverse-tablet elementor-reverse-mobile elementor-section-boxed elementor-section-height-default elementor-section-height-default jltma-glass-effect-no\" data-id=\"6be6591f\" data-element_type=\"section\" data-settings=\"{&quot;animation&quot;:&quot;none&quot;}\">\n\t\t\t\t\t\t<div class=\"elementor-container elementor-column-gap-default\">\n\t\t\t\t\t<div class=\"has_ma_el_bg_slider elementor-column elementor-col-50 elementor-inner-column elementor-element elementor-element-be2c056 jltma-glass-effect-no\" data-id=\"be2c056\" data-element_type=\"column\">\n\t\t\t<div class=\"elementor-widget-wrap\">\n\t\t\t\t\t\t\t<\/div>\n\t\t<\/div>\n\t\t\t\t<div class=\"has_ma_el_bg_slider elementor-column elementor-col-50 elementor-inner-column elementor-element elementor-element-2c3faa0b jltma-glass-effect-no\" data-id=\"2c3faa0b\" data-element_type=\"column\">\n\t\t\t<div class=\"elementor-widget-wrap elementor-element-populated\">\n\t\t\t\t\t\t<div class=\"elementor-element elementor-element-453fe983 elementor-absolute elementor-view-default jltma-glass-effect-no elementor-widget elementor-widget-icon\" data-id=\"453fe983\" data-element_type=\"widget\" data-settings=\"{&quot;_position&quot;:&quot;absolute&quot;}\" data-widget_type=\"icon.default\">\n\t\t\t\t<div class=\"elementor-widget-container\">\n\t\t\t\t\t\t\t<div class=\"elementor-icon-wrapper\">\n\t\t\t<div class=\"elementor-icon elementor-animation-grow\">\n\t\t\t<i aria-hidden=\"true\" class=\"fas fa-phone-alt\"><\/i>\t\t\t<\/div>\n\t\t<\/div>\n\t\t\t\t\t\t<\/div>\n\t\t\t\t<\/div>\n\t\t\t\t<div class=\"elementor-element elementor-element-718e6615 jltma-glass-effect-no elementor-widget elementor-widget-heading\" data-id=\"718e6615\" data-element_type=\"widget\" data-widget_type=\"heading.default\">\n\t\t\t\t<div class=\"elementor-widget-container\">\n\t\t\t\t\t<h2 class=\"elementor-heading-title elementor-size-default\">+371 28182428<\/h2>\t\t\t\t<\/div>\n\t\t\t\t<\/div>\n\t\t\t\t\t<\/div>\n\t\t<\/div>\n\t\t\t\t\t<\/div>\n\t\t<\/section>\n\t\t\t\t\t<\/div>\n\t\t<\/div>\n\t\t\t\t\t<\/div>\n\t\t<\/section>\n\t\t\t\t<\/div>\n\t\t\n    <div class=\"xs_social_share_widget xs_share_url after_content \t\tmain_content  wslu-style-1 wslu-share-box-shaped wslu-fill-colored wslu-none wslu-share-horizontal wslu-theme-font-no wslu-main_content\">\n\n\t\t\n        <ul>\n\t\t\t        <\/ul>\n    <\/div>","protected":false},"excerpt":{"rendered":"<p>KAS M\u0112S ESAM SIA Gastech Baltic ir uzticams partneris m\u016bsdien\u012bgos apkures un dzes\u0113\u0161anas risin\u0101jumos. M\u0113s pal\u012bdzam gan priv\u0101tperson\u0101m, gan uz\u0146\u0113mumiem nodro\u0161in\u0101t komfortu visa gada garum\u0101, pied\u0101v\u0101jot kvalitat\u012bvu g\u0101zes katlu, siltums\u016bk\u0146u un kondicionieru uzst\u0101d\u012b\u0161anu, apkopi un remontu.<span class=\"more-dots\">&#8230;<\/span><\/p>","protected":false},"author":1,"featured_media":0,"parent":0,"menu_order":0,"comment_status":"closed","ping_status":"closed","template":"page-templates\/full-width.php","meta":{"footnotes":""},"class_list":["post-302","page","type-page","status-publish","hentry"],"yoast_head":"<!-- This site is optimized with the Yoast SEO plugin v25.4 - https:\/\/yoast.com\/wordpress\/plugins\/seo\/ -->\n<title>Par mums - Gastechbaltic<\/title>\n<meta name=\"robots\" content=\"index, follow, max-snippet:-1, max-image-preview:large, max-video-preview:-1\" \/>\n<link rel=\"canonical\" href=\"https:\/\/gastechbaltic.lv\/en\/about\/\" \/>\n<meta property=\"og:locale\" content=\"en_GB\" \/>\n<meta property=\"og:type\" content=\"article\" \/>\n<meta property=\"og:title\" content=\"Par mums - Gastechbaltic\" \/>\n<meta property=\"og:description\" content=\"KAS M\u0112S ESAM SIA Gastech Baltic ir uzticams partneris m\u016bsdien\u012bgos apkures un dzes\u0113\u0161anas risin\u0101jumos. M\u0113s pal\u012bdzam gan priv\u0101tperson\u0101m, gan uz\u0146\u0113mumiem nodro\u0161in\u0101t komfortu visa gada garum\u0101, pied\u0101v\u0101jot kvalitat\u012bvu g\u0101zes katlu, siltums\u016bk\u0146u un kondicionieru uzst\u0101d\u012b\u0161anu, apkopi un remontu....\" \/>\n<meta property=\"og:url\" content=\"https:\/\/gastechbaltic.lv\/en\/about\/\" \/>\n<meta property=\"og:site_name\" content=\"Gastechbaltic\" \/>\n<meta property=\"article:modified_time\" content=\"2025-07-01T13:15:52+00:00\" \/>\n<meta property=\"og:image\" content=\"https:\/\/gastechbaltic.lv\/wp-content\/uploads\/2025\/06\/WhatsApp-Image-2025-06-30-at-11.28.11-1.jpeg\" \/>\n\t<meta property=\"og:image:width\" content=\"800\" \/>\n\t<meta property=\"og:image:height\" content=\"600\" \/>\n\t<meta property=\"og:image:type\" content=\"image\/jpeg\" \/>\n<meta name=\"twitter:card\" content=\"summary_large_image\" \/>\n<meta name=\"twitter:label1\" content=\"Estimated reading time\" \/>\n\t<meta name=\"twitter:data1\" content=\"2 minutes\" \/>\n<script type=\"application\/ld+json\" class=\"yoast-schema-graph\">{\"@context\":\"https:\/\/schema.org\",\"@graph\":[{\"@type\":\"WebPage\",\"@id\":\"https:\/\/gastechbaltic.lv\/about\/\",\"url\":\"https:\/\/gastechbaltic.lv\/about\/\",\"name\":\"Par mums - Gastechbaltic\",\"isPartOf\":{\"@id\":\"https:\/\/gastechbaltic.lv\/#website\"},\"primaryImageOfPage\":{\"@id\":\"https:\/\/gastechbaltic.lv\/about\/#primaryimage\"},\"image\":{\"@id\":\"https:\/\/gastechbaltic.lv\/about\/#primaryimage\"},\"thumbnailUrl\":\"https:\/\/gastechbaltic.lv\/wp-content\/uploads\/2025\/06\/WhatsApp-Image-2025-06-30-at-11.28.11-1.jpeg\",\"datePublished\":\"2022-03-16T18:52:37+00:00\",\"dateModified\":\"2025-07-01T13:15:52+00:00\",\"breadcrumb\":{\"@id\":\"https:\/\/gastechbaltic.lv\/about\/#breadcrumb\"},\"inLanguage\":\"en-GB\",\"potentialAction\":[{\"@type\":\"ReadAction\",\"target\":[\"https:\/\/gastechbaltic.lv\/about\/\"]}]},{\"@type\":\"ImageObject\",\"inLanguage\":\"en-GB\",\"@id\":\"https:\/\/gastechbaltic.lv\/about\/#primaryimage\",\"url\":\"https:\/\/gastechbaltic.lv\/wp-content\/uploads\/2025\/06\/WhatsApp-Image-2025-06-30-at-11.28.11-1.jpeg\",\"contentUrl\":\"https:\/\/gastechbaltic.lv\/wp-content\/uploads\/2025\/06\/WhatsApp-Image-2025-06-30-at-11.28.11-1.jpeg\"},{\"@type\":\"BreadcrumbList\",\"@id\":\"https:\/\/gastechbaltic.lv\/about\/#breadcrumb\",\"itemListElement\":[{\"@type\":\"ListItem\",\"position\":1,\"name\":\"Home\",\"item\":\"https:\/\/gastechbaltic.lv\/\"},{\"@type\":\"ListItem\",\"position\":2,\"name\":\"Par mums\"}]},{\"@type\":\"WebSite\",\"@id\":\"https:\/\/gastechbaltic.lv\/#website\",\"url\":\"https:\/\/gastechbaltic.lv\/\",\"name\":\"Gastechbaltic\",\"description\":\"\",\"publisher\":{\"@id\":\"https:\/\/gastechbaltic.lv\/#organization\"},\"potentialAction\":[{\"@type\":\"SearchAction\",\"target\":{\"@type\":\"EntryPoint\",\"urlTemplate\":\"https:\/\/gastechbaltic.lv\/?s={search_term_string}\"},\"query-input\":{\"@type\":\"PropertyValueSpecification\",\"valueRequired\":true,\"valueName\":\"search_term_string\"}}],\"inLanguage\":\"en-GB\"},{\"@type\":\"Organization\",\"@id\":\"https:\/\/gastechbaltic.lv\/#organization\",\"name\":\"Gastechbaltic\",\"url\":\"https:\/\/gastechbaltic.lv\/\",\"logo\":{\"@type\":\"ImageObject\",\"inLanguage\":\"en-GB\",\"@id\":\"https:\/\/gastechbaltic.lv\/#\/schema\/logo\/image\/\",\"url\":\"https:\/\/gastechbaltic.lv\/wp-content\/uploads\/2025\/07\/cropped-New-Project-9.png\",\"contentUrl\":\"https:\/\/gastechbaltic.lv\/wp-content\/uploads\/2025\/07\/cropped-New-Project-9.png\",\"width\":275,\"height\":91,\"caption\":\"Gastechbaltic\"},\"image\":{\"@id\":\"https:\/\/gastechbaltic.lv\/#\/schema\/logo\/image\/\"}}]}<\/script>\n<!-- \/ Yoast SEO plugin. -->","yoast_head_json":{"title":"Par mums - Gastechbaltic","robots":{"index":"index","follow":"follow","max-snippet":"max-snippet:-1","max-image-preview":"max-image-preview:large","max-video-preview":"max-video-preview:-1"},"canonical":"https:\/\/gastechbaltic.lv\/en\/about\/","og_locale":"en_GB","og_type":"article","og_title":"Par mums - Gastechbaltic","og_description":"KAS M\u0112S ESAM SIA Gastech Baltic ir uzticams partneris m\u016bsdien\u012bgos apkures un dzes\u0113\u0161anas risin\u0101jumos. M\u0113s pal\u012bdzam gan priv\u0101tperson\u0101m, gan uz\u0146\u0113mumiem nodro\u0161in\u0101t komfortu visa gada garum\u0101, pied\u0101v\u0101jot kvalitat\u012bvu g\u0101zes katlu, siltums\u016bk\u0146u un kondicionieru uzst\u0101d\u012b\u0161anu, apkopi un remontu....","og_url":"https:\/\/gastechbaltic.lv\/en\/about\/","og_site_name":"Gastechbaltic","article_modified_time":"2025-07-01T13:15:52+00:00","og_image":[{"width":800,"height":600,"url":"https:\/\/gastechbaltic.lv\/wp-content\/uploads\/2025\/06\/WhatsApp-Image-2025-06-30-at-11.28.11-1.jpeg","type":"image\/jpeg"}],"twitter_card":"summary_large_image","twitter_misc":{"Estimated reading time":"2 minutes"},"schema":{"@context":"https:\/\/schema.org","@graph":[{"@type":"WebPage","@id":"https:\/\/gastechbaltic.lv\/about\/","url":"https:\/\/gastechbaltic.lv\/about\/","name":"Par mums - Gastechbaltic","isPartOf":{"@id":"https:\/\/gastechbaltic.lv\/#website"},"primaryImageOfPage":{"@id":"https:\/\/gastechbaltic.lv\/about\/#primaryimage"},"image":{"@id":"https:\/\/gastechbaltic.lv\/about\/#primaryimage"},"thumbnailUrl":"https:\/\/gastechbaltic.lv\/wp-content\/uploads\/2025\/06\/WhatsApp-Image-2025-06-30-at-11.28.11-1.jpeg","datePublished":"2022-03-16T18:52:37+00:00","dateModified":"2025-07-01T13:15:52+00:00","breadcrumb":{"@id":"https:\/\/gastechbaltic.lv\/about\/#breadcrumb"},"inLanguage":"en-GB","potentialAction":[{"@type":"ReadAction","target":["https:\/\/gastechbaltic.lv\/about\/"]}]},{"@type":"ImageObject","inLanguage":"en-GB","@id":"https:\/\/gastechbaltic.lv\/about\/#primaryimage","url":"https:\/\/gastechbaltic.lv\/wp-content\/uploads\/2025\/06\/WhatsApp-Image-2025-06-30-at-11.28.11-1.jpeg","contentUrl":"https:\/\/gastechbaltic.lv\/wp-content\/uploads\/2025\/06\/WhatsApp-Image-2025-06-30-at-11.28.11-1.jpeg"},{"@type":"BreadcrumbList","@id":"https:\/\/gastechbaltic.lv\/about\/#breadcrumb","itemListElement":[{"@type":"ListItem","position":1,"name":"Home","item":"https:\/\/gastechbaltic.lv\/"},{"@type":"ListItem","position":2,"name":"Par mums"}]},{"@type":"WebSite","@id":"https:\/\/gastechbaltic.lv\/#website","url":"https:\/\/gastechbaltic.lv\/","name":"Gastechbaltic","description":"","publisher":{"@id":"https:\/\/gastechbaltic.lv\/#organization"},"potentialAction":[{"@type":"SearchAction","target":{"@type":"EntryPoint","urlTemplate":"https:\/\/gastechbaltic.lv\/?s={search_term_string}"},"query-input":{"@type":"PropertyValueSpecification","valueRequired":true,"valueName":"search_term_string"}}],"inLanguage":"en-GB"},{"@type":"Organization","@id":"https:\/\/gastechbaltic.lv\/#organization","name":"Gastechbaltic","url":"https:\/\/gastechbaltic.lv\/","logo":{"@type":"ImageObject","inLanguage":"en-GB","@id":"https:\/\/gastechbaltic.lv\/#\/schema\/logo\/image\/","url":"https:\/\/gastechbaltic.lv\/wp-content\/uploads\/2025\/07\/cropped-New-Project-9.png","contentUrl":"https:\/\/gastechbaltic.lv\/wp-content\/uploads\/2025\/07\/cropped-New-Project-9.png","width":275,"height":91,"caption":"Gastechbaltic"},"image":{"@id":"https:\/\/gastechbaltic.lv\/#\/schema\/logo\/image\/"}}]}},"_links":{"self":[{"href":"https:\/\/gastechbaltic.lv\/en\/wp-json\/wp\/v2\/pages\/302","targetHints":{"allow":["GET"]}}],"collection":[{"href":"https:\/\/gastechbaltic.lv\/en\/wp-json\/wp\/v2\/pages"}],"about":[{"href":"https:\/\/gastechbaltic.lv\/en\/wp-json\/wp\/v2\/types\/page"}],"author":[{"embeddable":true,"href":"https:\/\/gastechbaltic.lv\/en\/wp-json\/wp\/v2\/users\/1"}],"replies":[{"embeddable":true,"href":"https:\/\/gastechbaltic.lv\/en\/wp-json\/wp\/v2\/comments?post=302"}],"version-history":[{"count":22,"href":"https:\/\/gastechbaltic.lv\/en\/wp-json\/wp\/v2\/pages\/302\/revisions"}],"predecessor-version":[{"id":3922,"href":"https:\/\/gastechbaltic.lv\/en\/wp-json\/wp\/v2\/pages\/302\/revisions\/3922"}],"wp:attachment":[{"href":"https:\/\/gastechbaltic.lv\/en\/wp-json\/wp\/v2\/media?parent=302"}],"curies":[{"name":"wp","href":"https:\/\/api.w.org\/{rel}","templated":true}]}}