{"id":3,"date":"2022-02-20T19:35:40","date_gmt":"2022-02-20T19:35:40","guid":{"rendered":"https:\/\/gastechbaltic.lv\/?page_id=3"},"modified":"2025-03-05T12:42:44","modified_gmt":"2025-03-05T12:42:44","slug":"privacy-policy","status":"publish","type":"page","link":"https:\/\/gastechbaltic.lv\/en\/privacy-policy\/","title":{"rendered":"Priv\u0101tuma politika"},"content":{"rendered":"<p class=\"\"><\/p>\n\n\n\n<h2 class=\"wp-block-heading\">1. IEVADS<\/h2>\n\n\n\n<p class=\"\">\u0160\u012b ir SIA \u201cGastech Baltic\u201d fizisku personu datu aizsardz\u012bbas politika, turpm\u0101k tekst\u0101 \u2013&nbsp;<strong>\u201cPriv\u0101tuma politika\u201c<\/strong>, izskaidro k\u0101diem nol\u016bkiem, k\u0101d\u0101 apjom\u0101 un ar k\u0101diem pa\u0146\u0113mieniem SIA \u201cGastech Baltic\u201d iev\u0101c, apstr\u0101d\u0101, uzglab\u0101 un aizsarg\u0101 Klientu personas datus sniedzot tiem pakalpojumus, saska\u0146\u0101 ar uz\u0146\u0113muma darb\u012bbas veidiem.<\/p>\n\n\n\n<p class=\"\">Priv\u0101tuma politika ir attiecin\u0101ma uz Klientu personas datiem neatkar\u012bgi no t\u0101, k\u0101d\u0101 veid\u0101 un k\u0101d\u0101 inform\u0101cijas apmai\u0146as vid\u0113 Klients sniedz datus \u2013 Interneta t\u012bmekl\u012b (\u201cSIA \u201cGastech Baltic\u201d m\u0101jaslap\u0101&nbsp;<a href=\"https:\/\/gastechbaltic.lv\/en\/\">gastechbaltic.lv<\/a>,&nbsp;<a href=\"mailto:info@gastechbaltic.lv\">info@gastechbaltic.lv<\/a>), pap\u012bra form\u0101t\u0101 vai telefoniski, un k\u0101 uz\u0146\u0113muma un t\u0101 sadarb\u012bbas partneru inform\u0101cijas sist\u0113m\u0101s dati tiek apstr\u0101d\u0101ti.<\/p>\n\n\n\n<p class=\"\">SIA \u201cGastech Baltic\u201d Priv\u0101tuma politikas m\u0113r\u0137is ir nodro\u0161in\u0101t uz\u0146\u0113muma Klientu priv\u0101tumu un personas datu aizsardz\u012bbu, iev\u0113rojot Klientu ties\u012bbas uz personas datu apstr\u0101des likum\u012bbu atbilsto\u0161i&nbsp;<strong>Eiropas Parlamenta un Padomes 2016. gada 27. apr\u012b\u013ca Regulai 2016\/679 par fizisku personu aizsardz\u012bbu attiec\u012bb\u0101 uz personas datu apstr\u0101di un \u0161\u0101du datu br\u012bvu apriti<\/strong>&nbsp;(turpm\u0101k tekst\u0101 \u2013 \u201cRegula \u201c) un citiem piem\u0113rojamajiem ties\u012bbu aktiem priv\u0101tuma un datu apstr\u0101des jom\u0101.<\/p>\n\n\n\n<h2 class=\"wp-block-heading\">2. PERSONAS DATU KATEGORIJAS<\/h2>\n\n\n\n<p class=\"\">Personas dati ir jebk\u0101da inform\u0101cija par identific\u0113tu vai identific\u0113jamu fizisku personu.<\/p>\n\n\n\n<p class=\"\">SIA \u201cGastech Baltic\u201d, iev\u0113rojot Regulas principu \u2013 \u201cdatu minimiz\u0113\u0161ana\u201d, iev\u0101c, apstr\u0101d\u0101 un uzglab\u0101 tikai t\u0101dus Klientu personas datus, kas ir nepiecie\u0161ami to apstr\u0101des nol\u016bkos.<\/p>\n\n\n\n<h3 class=\"wp-block-heading\">Pre\u010du tirdzniec\u012bb\u0101 I-veikal\u0101:<\/h3>\n\n\n\n<p class=\"\"><strong>Personas identifik\u0101cijas dati:<\/strong><\/p>\n\n\n\n<p class=\"\">\u2013 v\u0101rds, uzv\u0101rds;<\/p>\n\n\n\n<p class=\"\"><strong>Personas kontaktinform\u0101cija:<\/strong><\/p>\n\n\n\n<p class=\"\">\u2013 adrese, telefona numurs, e-pasta adrese;<\/p>\n\n\n\n<p class=\"\"><strong>Preces pirkuma dati:<\/strong><\/p>\n\n\n\n<p class=\"\">\u2013 preces nosaukums, kods un cena, pirkuma datums, apmaksas veids, preces sa\u0146em\u0161anas veids, pieg\u0101des adrese, pavadz\u012bmes numurs;<\/p>\n\n\n\n<p class=\"\"><strong>Nor\u0113\u0137inu dati:<\/strong><\/p>\n\n\n\n<p class=\"\">\u2013 bankas konta numurs, r\u0113\u0137ina numurs, datums, summa, r\u0113\u0137ina sa\u0146em\u0161anas veids, apmaksas datums; Komunik\u0101cijas dati:<\/p>\n\n\n\n<h2 class=\"wp-block-heading\">3. PERSONAS DATU APSTR\u0100DES NOL\u016aKI<\/h2>\n\n\n\n<p class=\"\">SIA \u201cGastech Baltic\u201d apstr\u0101d\u0101 personas datus \u0161\u0101diem konkr\u0113tiem, skaidriem un le\u0123it\u012bmiem nol\u016bkiem:<\/p>\n\n\n\n<p class=\"\"><strong>K\u0101 pre\u010du p\u0101rdev\u0113js I-veikal\u0101:<\/strong><\/p>\n\n\n\n<p class=\"\">\u2013 klienta identific\u0113\u0161anai;<br>\u2013 dar\u012bjuma sagatavo\u0161anai;<br>\u2013 dar\u012bjuma saist\u012bbu izpildei;<br>\u2013 nor\u0113\u0137inu administr\u0113\u0161anai;<br>\u2013 iebildumu izskat\u012b\u0161anai un apstr\u0101dei.<\/p>\n\n\n\n<p class=\"\"><\/p>\n\n    <div class=\"xs_social_share_widget xs_share_url after_content \t\tmain_content  wslu-style-1 wslu-share-box-shaped wslu-fill-colored wslu-none wslu-share-horizontal wslu-theme-font-no wslu-main_content\">\n\n\t\t\n        <ul>\n\t\t\t        <\/ul>\n    <\/div>","protected":false},"excerpt":{"rendered":"<p>1. IEVADS \u0160\u012b ir SIA \u201cGastech Baltic\u201d fizisku personu datu aizsardz\u012bbas politika, turpm\u0101k tekst\u0101 \u2013&nbsp;\u201cPriv\u0101tuma politika\u201c, izskaidro k\u0101diem nol\u016bkiem, k\u0101d\u0101 apjom\u0101 un ar k\u0101diem pa\u0146\u0113mieniem SIA \u201cGastech Baltic\u201d iev\u0101c, apstr\u0101d\u0101, uzglab\u0101 un aizsarg\u0101 Klientu personas datus<span class=\"more-dots\">&#8230;<\/span><\/p>","protected":false},"author":1,"featured_media":0,"parent":0,"menu_order":0,"comment_status":"closed","ping_status":"open","template":"","meta":{"footnotes":""},"class_list":["post-3","page","type-page","status-publish","hentry"],"yoast_head":"<!-- This site is optimized with the Yoast SEO plugin v25.4 - https:\/\/yoast.com\/wordpress\/plugins\/seo\/ -->\n<title>Priv\u0101tuma politika - Gastechbaltic<\/title>\n<meta name=\"robots\" content=\"index, follow, max-snippet:-1, max-image-preview:large, max-video-preview:-1\" \/>\n<link rel=\"canonical\" href=\"https:\/\/gastechbaltic.lv\/en\/privacy-policy\/\" \/>\n<meta property=\"og:locale\" content=\"en_GB\" \/>\n<meta property=\"og:type\" content=\"article\" \/>\n<meta property=\"og:title\" content=\"Priv\u0101tuma politika - Gastechbaltic\" \/>\n<meta property=\"og:description\" content=\"1. IEVADS \u0160\u012b ir SIA \u201cGastech Baltic\u201d fizisku personu datu aizsardz\u012bbas politika, turpm\u0101k tekst\u0101 \u2013&nbsp;\u201cPriv\u0101tuma politika\u201c, izskaidro k\u0101diem nol\u016bkiem, k\u0101d\u0101 apjom\u0101 un ar k\u0101diem pa\u0146\u0113mieniem SIA \u201cGastech Baltic\u201d iev\u0101c, apstr\u0101d\u0101, uzglab\u0101 un aizsarg\u0101 Klientu personas datus...\" \/>\n<meta property=\"og:url\" content=\"https:\/\/gastechbaltic.lv\/en\/privacy-policy\/\" \/>\n<meta property=\"og:site_name\" content=\"Gastechbaltic\" \/>\n<meta property=\"article:modified_time\" content=\"2025-03-05T12:42:44+00:00\" \/>\n<meta name=\"twitter:card\" content=\"summary_large_image\" \/>\n<meta name=\"twitter:label1\" content=\"Estimated reading time\" \/>\n\t<meta name=\"twitter:data1\" content=\"2 minutes\" \/>\n<script type=\"application\/ld+json\" class=\"yoast-schema-graph\">{\"@context\":\"https:\/\/schema.org\",\"@graph\":[{\"@type\":\"WebPage\",\"@id\":\"https:\/\/gastechbaltic.lv\/privacy-policy\/\",\"url\":\"https:\/\/gastechbaltic.lv\/privacy-policy\/\",\"name\":\"Priv\u0101tuma politika - Gastechbaltic\",\"isPartOf\":{\"@id\":\"https:\/\/gastechbaltic.lv\/#website\"},\"datePublished\":\"2022-02-20T19:35:40+00:00\",\"dateModified\":\"2025-03-05T12:42:44+00:00\",\"breadcrumb\":{\"@id\":\"https:\/\/gastechbaltic.lv\/privacy-policy\/#breadcrumb\"},\"inLanguage\":\"en-GB\",\"potentialAction\":[{\"@type\":\"ReadAction\",\"target\":[\"https:\/\/gastechbaltic.lv\/privacy-policy\/\"]}]},{\"@type\":\"BreadcrumbList\",\"@id\":\"https:\/\/gastechbaltic.lv\/privacy-policy\/#breadcrumb\",\"itemListElement\":[{\"@type\":\"ListItem\",\"position\":1,\"name\":\"Home\",\"item\":\"https:\/\/gastechbaltic.lv\/\"},{\"@type\":\"ListItem\",\"position\":2,\"name\":\"Priv\u0101tuma politika\"}]},{\"@type\":\"WebSite\",\"@id\":\"https:\/\/gastechbaltic.lv\/#website\",\"url\":\"https:\/\/gastechbaltic.lv\/\",\"name\":\"Gastechbaltic\",\"description\":\"\",\"publisher\":{\"@id\":\"https:\/\/gastechbaltic.lv\/#organization\"},\"potentialAction\":[{\"@type\":\"SearchAction\",\"target\":{\"@type\":\"EntryPoint\",\"urlTemplate\":\"https:\/\/gastechbaltic.lv\/?s={search_term_string}\"},\"query-input\":{\"@type\":\"PropertyValueSpecification\",\"valueRequired\":true,\"valueName\":\"search_term_string\"}}],\"inLanguage\":\"en-GB\"},{\"@type\":\"Organization\",\"@id\":\"https:\/\/gastechbaltic.lv\/#organization\",\"name\":\"Gastechbaltic\",\"url\":\"https:\/\/gastechbaltic.lv\/\",\"logo\":{\"@type\":\"ImageObject\",\"inLanguage\":\"en-GB\",\"@id\":\"https:\/\/gastechbaltic.lv\/#\/schema\/logo\/image\/\",\"url\":\"https:\/\/gastechbaltic.lv\/wp-content\/uploads\/2025\/07\/cropped-New-Project-9.png\",\"contentUrl\":\"https:\/\/gastechbaltic.lv\/wp-content\/uploads\/2025\/07\/cropped-New-Project-9.png\",\"width\":275,\"height\":91,\"caption\":\"Gastechbaltic\"},\"image\":{\"@id\":\"https:\/\/gastechbaltic.lv\/#\/schema\/logo\/image\/\"}}]}<\/script>\n<!-- \/ Yoast SEO plugin. -->","yoast_head_json":{"title":"Priv\u0101tuma politika - Gastechbaltic","robots":{"index":"index","follow":"follow","max-snippet":"max-snippet:-1","max-image-preview":"max-image-preview:large","max-video-preview":"max-video-preview:-1"},"canonical":"https:\/\/gastechbaltic.lv\/en\/privacy-policy\/","og_locale":"en_GB","og_type":"article","og_title":"Priv\u0101tuma politika - Gastechbaltic","og_description":"1. IEVADS \u0160\u012b ir SIA \u201cGastech Baltic\u201d fizisku personu datu aizsardz\u012bbas politika, turpm\u0101k tekst\u0101 \u2013&nbsp;\u201cPriv\u0101tuma politika\u201c, izskaidro k\u0101diem nol\u016bkiem, k\u0101d\u0101 apjom\u0101 un ar k\u0101diem pa\u0146\u0113mieniem SIA \u201cGastech Baltic\u201d iev\u0101c, apstr\u0101d\u0101, uzglab\u0101 un aizsarg\u0101 Klientu personas datus...","og_url":"https:\/\/gastechbaltic.lv\/en\/privacy-policy\/","og_site_name":"Gastechbaltic","article_modified_time":"2025-03-05T12:42:44+00:00","twitter_card":"summary_large_image","twitter_misc":{"Estimated reading time":"2 minutes"},"schema":{"@context":"https:\/\/schema.org","@graph":[{"@type":"WebPage","@id":"https:\/\/gastechbaltic.lv\/privacy-policy\/","url":"https:\/\/gastechbaltic.lv\/privacy-policy\/","name":"Priv\u0101tuma politika - Gastechbaltic","isPartOf":{"@id":"https:\/\/gastechbaltic.lv\/#website"},"datePublished":"2022-02-20T19:35:40+00:00","dateModified":"2025-03-05T12:42:44+00:00","breadcrumb":{"@id":"https:\/\/gastechbaltic.lv\/privacy-policy\/#breadcrumb"},"inLanguage":"en-GB","potentialAction":[{"@type":"ReadAction","target":["https:\/\/gastechbaltic.lv\/privacy-policy\/"]}]},{"@type":"BreadcrumbList","@id":"https:\/\/gastechbaltic.lv\/privacy-policy\/#breadcrumb","itemListElement":[{"@type":"ListItem","position":1,"name":"Home","item":"https:\/\/gastechbaltic.lv\/"},{"@type":"ListItem","position":2,"name":"Priv\u0101tuma politika"}]},{"@type":"WebSite","@id":"https:\/\/gastechbaltic.lv\/#website","url":"https:\/\/gastechbaltic.lv\/","name":"Gastechbaltic","description":"","publisher":{"@id":"https:\/\/gastechbaltic.lv\/#organization"},"potentialAction":[{"@type":"SearchAction","target":{"@type":"EntryPoint","urlTemplate":"https:\/\/gastechbaltic.lv\/?s={search_term_string}"},"query-input":{"@type":"PropertyValueSpecification","valueRequired":true,"valueName":"search_term_string"}}],"inLanguage":"en-GB"},{"@type":"Organization","@id":"https:\/\/gastechbaltic.lv\/#organization","name":"Gastechbaltic","url":"https:\/\/gastechbaltic.lv\/","logo":{"@type":"ImageObject","inLanguage":"en-GB","@id":"https:\/\/gastechbaltic.lv\/#\/schema\/logo\/image\/","url":"https:\/\/gastechbaltic.lv\/wp-content\/uploads\/2025\/07\/cropped-New-Project-9.png","contentUrl":"https:\/\/gastechbaltic.lv\/wp-content\/uploads\/2025\/07\/cropped-New-Project-9.png","width":275,"height":91,"caption":"Gastechbaltic"},"image":{"@id":"https:\/\/gastechbaltic.lv\/#\/schema\/logo\/image\/"}}]}},"_links":{"self":[{"href":"https:\/\/gastechbaltic.lv\/en\/wp-json\/wp\/v2\/pages\/3","targetHints":{"allow":["GET"]}}],"collection":[{"href":"https:\/\/gastechbaltic.lv\/en\/wp-json\/wp\/v2\/pages"}],"about":[{"href":"https:\/\/gastechbaltic.lv\/en\/wp-json\/wp\/v2\/types\/page"}],"author":[{"embeddable":true,"href":"https:\/\/gastechbaltic.lv\/en\/wp-json\/wp\/v2\/users\/1"}],"replies":[{"embeddable":true,"href":"https:\/\/gastechbaltic.lv\/en\/wp-json\/wp\/v2\/comments?post=3"}],"version-history":[{"count":1,"href":"https:\/\/gastechbaltic.lv\/en\/wp-json\/wp\/v2\/pages\/3\/revisions"}],"predecessor-version":[{"id":3137,"href":"https:\/\/gastechbaltic.lv\/en\/wp-json\/wp\/v2\/pages\/3\/revisions\/3137"}],"wp:attachment":[{"href":"https:\/\/gastechbaltic.lv\/en\/wp-json\/wp\/v2\/media?parent=3"}],"curies":[{"name":"wp","href":"https:\/\/api.w.org\/{rel}","templated":true}]}}